{"id":110711,"date":"2025-12-04T00:00:00","date_gmt":"2025-12-04T05:00:00","guid":{"rendered":"http:\/\/gpl-love.com\/es\/producto\/fooevents-for-woocommerce-and-addons\/"},"modified":"2026-03-09T07:35:45","modified_gmt":"2026-03-09T12:35:45","slug":"fooevents-for-woocommerce-and-addons","status":"publish","type":"product","link":"https:\/\/gpl-love.com\/es\/producto\/fooevents-for-woocommerce-and-addons\/","title":{"rendered":"FooEvents para WooCommerce 1.20.21"},"content":{"rendered":"<h3>FooEvents para WooCommerce Caracteristicas<\/h3>\n<p>Fooevents for WooCommerce es un complemento incre\u00edblemente robusto y rico en funciones que ofrece una amplia gama de funcionalidades para manejar sin esfuerzo la gesti\u00f3n y la venta de boletos para eventos a trav\u00e9s de su tienda de WooCommerce. Esta herramienta excepcional le permite la capacidad de crear y personalizar eventos sin esfuerzo de acuerdo con sus requisitos espec\u00edficos, al tiempo que le otorga control total sobre las opciones de precios y varios tipos de boletos. Adem\u00e1s, permite la gesti\u00f3n eficiente y la organizaci\u00f3n de los datos de los asistentes, asegurando una experiencia simplificada y sin problemas. Adem\u00e1s, su capacidad para rastrear efectivamente las ventas y la asistencia proporciona informaci\u00f3n invaluable para los organizadores de eventos. No solo eso, sino que tambi\u00e9n ofrece la comodidad de establecer recordatorios y notificaciones, manteniendo as\u00ed a los asistentes bien informados y activamente comprometidos durante todo el evento. En esencia, Fooevents for WooCommerce se presenta como una soluci\u00f3n excepcional e indispensable para empresas, organizaciones e personas que buscan organizar sin esfuerzo y vender boletos sin esfuerzo para eventos en l\u00ednea. Su naturaleza f\u00e1cil de usar, combinada con su flexibilidad incomparable, garantiza una experiencia perfecta y gratificante tanto para los organizadores de eventos como para los asistentes.<\/p>\n<ul>\n<li>Integraci\u00f3n perfecta con WooCommerce<\/li>\n<li>P\u00e1ginas de eventos personalizables y tipos de boletos<\/li>\n<li>Capacidad para vender boletos y reservas por adelantado<\/li>\n<li>Opciones de pago m\u00faltiples para clientes<\/li>\n<li>C\u00f3digo de barras y escaneo de boletos de c\u00f3digo QR<\/li>\n<li>Seguimiento de check-in y asistencia<\/li>\n<li>Recordatorios de correo electr\u00f3nico y notificaciones del cliente<\/li>\n<li>Informes y an\u00e1lisis avanzados<\/li>\n<li>Apoyo para eventos virtuales y en persona<\/li>\n<li>Equipo de atenci\u00f3n al cliente receptivo.<\/li>\n<\/ul>\n","protected":false},"excerpt":{"rendered":"<p>Fooevents for WooCommerce es un complemento muy robusto y eficiente que le brinda la capacidad perfecta de supervisar y vender boletos sin esfuerzo para una variedad de eventos directamente desde su tienda en l\u00ednea de WooCommerce. Con una amplia gama de caracter\u00edsticas, como la capacidad de adaptar los tipos de boletos a sus necesidades espec\u00edficas, generar informes completos sobre la venta de entradas, aprovechar c\u00f3digos de descuento para incentivar las compras e incluso enviar recordatorios de eventos oportunos, Fooevents permite la creaci\u00f3n simplificada y la gesti\u00f3n de la gesti\u00f3n de Eventos de diferentes magnitudes. Independientemente de si est\u00e1 orquestando un taller \u00edntimo o un festival de m\u00fasica grandioso, la utilizaci\u00f3n de fooevents para WooCommerce sirve como la herramienta por excelencia para optimizar el proceso de boletos y aumentar sus cifras de ventas.<\/p>\n","protected":false},"featured_media":166137,"comment_status":"open","ping_status":"open","template":"","meta":[],"product_brand":[2458],"product_cat":[1207,1248,1206],"product_tag":[2203],"class_list":{"0":"post-110711","1":"product","2":"type-product","3":"status-publish","4":"has-post-thumbnail","6":"product_brand-fooevents","7":"product_cat-comercio-electronico-plugins","8":"product_cat-personalizacion-comercio-electronico-plugins","9":"product_cat-plugins","10":"product_tag-fooevents","11":"member-discount","12":"discount-restricted","14":"first","15":"instock","16":"sale","17":"downloadable","18":"virtual","19":"sold-individually","20":"purchasable","21":"product-type-simple"},"_links":{"self":[{"href":"https:\/\/gpl-love.com\/es\/wp-json\/wp\/v2\/product\/110711","targetHints":{"allow":["GET"]}}],"collection":[{"href":"https:\/\/gpl-love.com\/es\/wp-json\/wp\/v2\/product"}],"about":[{"href":"https:\/\/gpl-love.com\/es\/wp-json\/wp\/v2\/types\/product"}],"replies":[{"embeddable":true,"href":"https:\/\/gpl-love.com\/es\/wp-json\/wp\/v2\/comments?post=110711"}],"wp:featuredmedia":[{"embeddable":true,"href":"https:\/\/gpl-love.com\/es\/wp-json\/wp\/v2\/media\/166137"}],"wp:attachment":[{"href":"https:\/\/gpl-love.com\/es\/wp-json\/wp\/v2\/media?parent=110711"}],"wp:term":[{"taxonomy":"product_brand","embeddable":true,"href":"https:\/\/gpl-love.com\/es\/wp-json\/wp\/v2\/product_brand?post=110711"},{"taxonomy":"product_cat","embeddable":true,"href":"https:\/\/gpl-love.com\/es\/wp-json\/wp\/v2\/product_cat?post=110711"},{"taxonomy":"product_tag","embeddable":true,"href":"https:\/\/gpl-love.com\/es\/wp-json\/wp\/v2\/product_tag?post=110711"}],"curies":[{"name":"wp","href":"https:\/\/api.w.org\/{rel}","templated":true}]}}