{"id":110708,"date":"2026-01-24T00:00:00","date_gmt":"2026-01-24T05:00:00","guid":{"rendered":"http:\/\/gpl-love.com\/es\/producto\/novashare-wordpress-social-sharing-plugin\/"},"modified":"2026-04-10T11:19:56","modified_gmt":"2026-04-10T16:19:56","slug":"novashare-wordpress-social-sharing-plugin","status":"publish","type":"product","link":"https:\/\/gpl-love.com\/es\/producto\/novashare-wordpress-social-sharing-plugin\/","title":{"rendered":"Novashare WordPress Social Sharing Plugin 1.6.5"},"content":{"rendered":"<h3>Novashare WordPress Social Sharing Plugin Caracteristicas<\/h3>\n<p>NovaShare, un complemento de intercambio social incre\u00edblemente robusto, ha sido intrincadamente dise\u00f1ado espec\u00edficamente para sitios web de WordPress. Su interfaz de vanguardia y f\u00e1cil de usar permite a los propietarios de sitios web promover sin esfuerzo su valioso contenido en numerosas plataformas de redes sociales. Este complemento proporciona una amplia gama de caracter\u00edsticas personalizables, lo que permite a los usuarios personalizar la apariencia de sus botones de intercambio social de acuerdo con sus preferencias. Al aprovechar el poder de Novashare, los propietarios de sitios web obtienen la capacidad de monitorear y analizar las acciones de las redes sociales y las tasas de clics, obteniendo as\u00ed ideas invaluables sobre la recepci\u00f3n de su contenido por parte de su p\u00fablico objetivo. Ya sea que sea un blogger apasionado, un ambicioso propietario de una peque\u00f1a empresa o un vendedor experimentado de nivel empresarial, Novashare inequ\u00edvocamente sirve como una herramienta indispensable para amplificar sus esfuerzos de marketing en redes sociales.<\/p>\n<ul>\n<li>Complementos f\u00e1ciles de usar para compartir contenido de WordPress en plataformas de redes sociales<\/li>\n<li>Proporciona botones de intercambio social personalizables para varias plataformas como Facebook, Twitter, LinkedIn, Pinterest y m\u00e1s<\/li>\n<li>Tiene un dise\u00f1o receptivo que funciona en todos los dispositivos y tama\u00f1os de pantalla<\/li>\n<li>Permite a los usuarios realizar un seguimiento de las m\u00e9tricas de intercambio social como acciones, clics y tasas de conversi\u00f3n<\/li>\n<li>Ofrece m\u00faltiples opciones de visualizaci\u00f3n, incluidos botones de barra lateral flotante o botones en l\u00ednea para publicaciones y p\u00e1ginas individuales<\/li>\n<li>Se integra con las populares herramientas de marketing por correo electr\u00f3nico para ayudar a hacer crecer los suscriptores de la lista de correo electr\u00f3nico<\/li>\n<li>Admite m\u00faltiples traducciones de idiomas para audiencias globales<\/li>\n<li>Proporciona actualizaciones continuas y atenci\u00f3n al cliente del equipo de desarrolladores.<\/li>\n<\/ul>\n","protected":false},"excerpt":{"rendered":"<p>NovaShare, un complemento de intercambio social incre\u00edblemente potente y f\u00e1cil de usar, ha sido compatible exclusivamente para sitios web de WordPress. Empoderando con su notable funcionalidad, este complemento integra sin esfuerzo botones de intercambio social en su sitio web, otorgando a sus visitantes la capacidad de difundir su contenido en sus plataformas de redes sociales preferidas. Como resultado, su presencia y visibilidad en l\u00ednea est\u00e1n dram\u00e1ticamente elevadas. Adem\u00e1s, Novashare ofrece una multitud de opciones de personalizaci\u00f3n, que abarcan el dise\u00f1o, la colocaci\u00f3n y la selecci\u00f3n de redes sociales. Esta versatilidad le permite adaptar eficazmente sus preferencias de intercambio de acuerdo con su audiencia distinta. Con tiempos de carga r\u00e1pidos y un dise\u00f1o m\u00f3vil receptivo, Novashare se erige inequ\u00edvocamente como el mejor complemento de intercambio social para cualquier sitio web de WordPress. Se garantiza que sus capacidades notables amplificar\u00e1n su alcance, reforzar el compromiso y, en \u00faltima instancia, generar un aumento sustancial en el tr\u00e1fico del sitio web.<\/p>\n","protected":false},"featured_media":167068,"comment_status":"open","ping_status":"open","template":"","meta":[],"product_brand":[2511],"product_cat":[1232,1206,1211],"product_tag":[1664],"class_list":{"0":"post-110708","1":"product","2":"type-product","3":"status-publish","4":"has-post-thumbnail","6":"product_brand-novashare","7":"product_cat-marketing-wordpress-plugins","8":"product_cat-plugins","9":"product_cat-wordpress-plugins","10":"product_tag-novashare","11":"member-discount","12":"discount-restricted","14":"first","15":"instock","16":"sale","17":"downloadable","18":"virtual","19":"sold-individually","20":"purchasable","21":"product-type-simple"},"_links":{"self":[{"href":"https:\/\/gpl-love.com\/es\/wp-json\/wp\/v2\/product\/110708","targetHints":{"allow":["GET"]}}],"collection":[{"href":"https:\/\/gpl-love.com\/es\/wp-json\/wp\/v2\/product"}],"about":[{"href":"https:\/\/gpl-love.com\/es\/wp-json\/wp\/v2\/types\/product"}],"replies":[{"embeddable":true,"href":"https:\/\/gpl-love.com\/es\/wp-json\/wp\/v2\/comments?post=110708"}],"wp:featuredmedia":[{"embeddable":true,"href":"https:\/\/gpl-love.com\/es\/wp-json\/wp\/v2\/media\/167068"}],"wp:attachment":[{"href":"https:\/\/gpl-love.com\/es\/wp-json\/wp\/v2\/media?parent=110708"}],"wp:term":[{"taxonomy":"product_brand","embeddable":true,"href":"https:\/\/gpl-love.com\/es\/wp-json\/wp\/v2\/product_brand?post=110708"},{"taxonomy":"product_cat","embeddable":true,"href":"https:\/\/gpl-love.com\/es\/wp-json\/wp\/v2\/product_cat?post=110708"},{"taxonomy":"product_tag","embeddable":true,"href":"https:\/\/gpl-love.com\/es\/wp-json\/wp\/v2\/product_tag?post=110708"}],"curies":[{"name":"wp","href":"https:\/\/api.w.org\/{rel}","templated":true}]}}