{"id":110706,"date":"2026-03-08T00:00:00","date_gmt":"2026-03-08T05:00:00","guid":{"rendered":"http:\/\/gpl-love.com\/es\/producto\/edubin-education-lms-wordpress-theme\/"},"modified":"2026-03-30T11:15:21","modified_gmt":"2026-03-30T16:15:21","slug":"edubin-education-lms-wordpress-theme","status":"publish","type":"product","link":"https:\/\/gpl-love.com\/es\/producto\/edubin-education-lms-wordpress-theme\/","title":{"rendered":"Edubin Education LMS WordPress Theme 9.5.11"},"content":{"rendered":"<h3>Edubin Education LMS WordPress Theme Caracteristicas<\/h3>\n<p>Edubin Education LMS WordPress El tema, reconocido por sus capacidades integrales, sirve como una soluci\u00f3n integrada e inclusiva para las instituciones educativas, as\u00ed como en las plataformas de aprendizaje en l\u00ednea. Sus caracter\u00edsticas profundas abarcan un s\u00f3lido sistema de gesti\u00f3n de aprendizaje (LMS) que agiliza el intrincado proceso de desarrollo y supervisi\u00f3n de cursos virtuales. Este tema presenta una extensa variedad de opciones personalizables, desde la creaci\u00f3n de cursos hasta la gesti\u00f3n y el monitoreo de progreso. Adem\u00e1s, Edubin cuenta con plena capacidad de respuesta y optimizaci\u00f3n meticulosa para varios dispositivos m\u00f3viles, lo que garantiza la accesibilidad sin esfuerzo a los materiales educativos para los estudiantes, independientemente de su ubicaci\u00f3n. Adem\u00e1s, abarca una mir\u00edada de p\u00e1ginas y dise\u00f1os predise\u00f1ados, facilitando una iniciaci\u00f3n perfecta de su plataforma de aprendizaje electr\u00f3nico. Con Edubin a su disposici\u00f3n, tiene el poder de elaborar un encuentro educativo en l\u00ednea sofisticado y cautivador, adaptado a las necesidades de sus estimados estudiantes.<\/p>\n<ul>\n<li>Dise\u00f1o profesional y moderno para plataformas de educaci\u00f3n en l\u00ednea<\/li>\n<li>Construido sobre WordPress para facilitar el uso y flexibilidad<\/li>\n<li>Sistema integrado de gesti\u00f3n de aprendizaje (LMS) para organizar y entregar material del curso<\/li>\n<li>P\u00e1ginas de curso personalizables con diferentes dise\u00f1os, planes de lecciones y soporte multimedia<\/li>\n<li>Cuestionarios y evaluaciones para rastrear el progreso y el compromiso de los estudiantes<\/li>\n<li>Integraci\u00f3n de WooCommerce para vender cursos y administrar pagos<\/li>\n<li>Panel de control de usuario para instructores y estudiantes para rastrear el progreso y la comunicaci\u00f3n<\/li>\n<li>Dise\u00f1o receptivo y amigable para dispositivos m\u00f3viles para el acceso a cualquier dispositivo<\/li>\n<li>Soporte de idiomas m\u00faltiples para el alcance global y la accesibilidad<\/li>\n<li>Instalaci\u00f3n y configuraci\u00f3n f\u00e1cil con documentaci\u00f3n detallada y soporte del desarrollador.<\/li>\n<\/ul>\n","protected":false},"excerpt":{"rendered":"<p>El tema de WordPress de Edubin Education LMS es un marco extremadamente adaptable y f\u00e1cil de usar que facilita la construcci\u00f3n de sitios web educativos. Este tema ofrece una gran cantidad de capacidades notables, que incluyen gesti\u00f3n de cursos, perfiles de instructor, cuestionarios en l\u00ednea y seguimiento del progreso de los estudiantes, lo que lo hace absolutamente perfecto para instituciones educativas, universidades y plataformas de aprendizaje en l\u00ednea por igual. Adem\u00e1s, abarca una amplia gama de opciones de personalizaci\u00f3n, simplificando as\u00ed el proceso de adaptar su sitio web para adaptarse a sus distintos requisitos y marca. Ya sea que su objetivo es establecer una iniciativa integral de aprendizaje electr\u00f3nico o simplemente promover contenido educativo, el tema de Edubin Education LMS WordPress abarca todos los componentes esenciales necesarios para su triunfante triunfante del \u00e9xito.<\/p>\n","protected":false},"featured_media":165910,"comment_status":"open","ping_status":"open","template":"","meta":[],"product_brand":[2337],"product_cat":[1307,1237,1238],"product_tag":[1391],"class_list":{"0":"post-110706","1":"product","2":"type-product","3":"status-publish","4":"has-post-thumbnail","6":"product_brand-themeforest","7":"product_cat-negocio-wordpress-temas","8":"product_cat-temas","9":"product_cat-wordpress-temas","10":"product_tag-themeforest","11":"member-discount","12":"discount-restricted","14":"first","15":"instock","16":"sale","17":"downloadable","18":"virtual","19":"sold-individually","20":"purchasable","21":"product-type-simple"},"_links":{"self":[{"href":"https:\/\/gpl-love.com\/es\/wp-json\/wp\/v2\/product\/110706","targetHints":{"allow":["GET"]}}],"collection":[{"href":"https:\/\/gpl-love.com\/es\/wp-json\/wp\/v2\/product"}],"about":[{"href":"https:\/\/gpl-love.com\/es\/wp-json\/wp\/v2\/types\/product"}],"replies":[{"embeddable":true,"href":"https:\/\/gpl-love.com\/es\/wp-json\/wp\/v2\/comments?post=110706"}],"wp:featuredmedia":[{"embeddable":true,"href":"https:\/\/gpl-love.com\/es\/wp-json\/wp\/v2\/media\/165910"}],"wp:attachment":[{"href":"https:\/\/gpl-love.com\/es\/wp-json\/wp\/v2\/media?parent=110706"}],"wp:term":[{"taxonomy":"product_brand","embeddable":true,"href":"https:\/\/gpl-love.com\/es\/wp-json\/wp\/v2\/product_brand?post=110706"},{"taxonomy":"product_cat","embeddable":true,"href":"https:\/\/gpl-love.com\/es\/wp-json\/wp\/v2\/product_cat?post=110706"},{"taxonomy":"product_tag","embeddable":true,"href":"https:\/\/gpl-love.com\/es\/wp-json\/wp\/v2\/product_tag?post=110706"}],"curies":[{"name":"wp","href":"https:\/\/api.w.org\/{rel}","templated":true}]}}