{"id":110704,"date":"2026-04-10T00:00:00","date_gmt":"2026-04-10T05:00:00","guid":{"rendered":"http:\/\/gpl-love.com\/es\/producto\/wp-simple-pay-pro\/"},"modified":"2026-04-10T05:16:07","modified_gmt":"2026-04-10T10:16:07","slug":"wp-simple-pay-pro","status":"publish","type":"product","link":"https:\/\/gpl-love.com\/es\/producto\/wp-simple-pay-pro\/","title":{"rendered":"WP Simple Pay Pro 4.17.1"},"content":{"rendered":"<h3>WP Simple Pay Pro Caracteristicas<\/h3>\n<p>WP Simple Pay Pro, un complemento de procesamiento de pagos muy robusto para WordPress, proporciona a los propietarios de sitios web la capacidad perfecta de recibir sin esfuerzo pagos de los clientes al ofrecer una multitud de m\u00e9todos de pago, como tarjetas de cr\u00e9dito, Apple Pay y Google Pay. Este complemento excepcional se integra perfectamente con la plataforma WordPress, otorgando a los usuarios la conveniencia de un proceso de configuraci\u00f3n y configuraci\u00f3n simple. Su extensa gama de opciones de personalizaci\u00f3n y caracter\u00edsticas avanzadas, como pagos recurrentes y formularios de pago, hacen de WP Simple Pay Pro la soluci\u00f3n final para empresas de todas las magnitudes con el objetivo de optimizar sus procedimientos de procesamiento de pagos. Independientemente de si se dedica a la venta de productos tangibles, descargas digitales o servicios, WP Simple Pay Pro facilita eficientemente la aceptaci\u00f3n de los pagos, lo que le permite expandir de manera efectiva sus esfuerzos comerciales en l\u00ednea.<\/p>\n<ul>\n<li>Interfaz de usuario intuitiva que simplifica la colecci\u00f3n de pagos en los sitios web de WordPress<\/li>\n<li>Admite varios tipos de pago que incluyen tarjetas de cr\u00e9dito\/d\u00e9bito, PayPal y Apple Pay<\/li>\n<li>Permite formularios y campos de pago personalizables para recopilar informaci\u00f3n de los clientes<\/li>\n<li>Proporciona opciones de pago flexibles, como pagos \u00fanicos o recurrentes, planes de pago y cupones\/descuentos.<\/li>\n<li>Se integra a la perfecci\u00f3n con los populares servicios de marketing por correo electr\u00f3nico como MailChimp y Aweber<\/li>\n<li>Proporciona informes integrales de transacciones e ventas para un f\u00e1cil seguimiento y gesti\u00f3n<\/li>\n<li>Ofrece caracter\u00edsticas de seguridad avanzadas como cifrado SSL, detecci\u00f3n de fraude y protecci\u00f3n contra el spam<\/li>\n<li>Proporciona un excelente soporte al cliente con personal experto y receptivo<\/li>\n<\/ul>\n","protected":false},"excerpt":{"rendered":"<p>WP Simple Pay Pro es un complemento de pago muy s\u00f3lido dise\u00f1ado espec\u00edficamente para WordPress que le permite recibir pagos sin esfuerzo y ampliamente requeridos en su sitio web con un esfuerzo m\u00ednimo requerido. Independientemente de si se dedica a la venta de productos digitales, suscripciones o servicios, WP Simple Pay Pro garantiza una configuraci\u00f3n y gesti\u00f3n segura de los pagos. Este notable complemento ofrece una gran cantidad de caracter\u00edsticas que incluyen la capacidad de personalizar los formularios de pago, la facturaci\u00f3n automatizada y la integraci\u00f3n perfecta con las estimadas pasarelas de pago como Stripe y PayPal. Al utilizar WP Simple Pay Pro, puede optimizar su proceso de pago mientras maximiza simult\u00e1neamente sus ingresos potenciales. Adem\u00e1s, la inclusi\u00f3n de informes avanzados y an\u00e1lisis lo equipa con todas las herramientas necesarias para rastrear efectivamente sus ventas y optimizar sus operaciones comerciales. \u00a1No pierda tiempo y experimente las capacidades profesionales de WP Simple Pay Pro incorpor\u00e1ndolo en su sistema de pago hoy!<\/p>\n","protected":false},"featured_media":168460,"comment_status":"open","ping_status":"open","template":"","meta":[],"product_brand":[2638],"product_cat":[1207,1426,1206],"product_tag":[1662],"class_list":{"0":"post-110704","1":"product","2":"type-product","3":"status-publish","4":"has-post-thumbnail","6":"product_brand-wp-simple-pay","7":"product_cat-comercio-electronico-plugins","8":"product_cat-pago-comercio-electronico-plugins","9":"product_cat-plugins","10":"product_tag-wp-simple-pay","11":"member-discount","12":"discount-restricted","14":"first","15":"instock","16":"sale","17":"downloadable","18":"virtual","19":"sold-individually","20":"purchasable","21":"product-type-simple"},"_links":{"self":[{"href":"https:\/\/gpl-love.com\/es\/wp-json\/wp\/v2\/product\/110704","targetHints":{"allow":["GET"]}}],"collection":[{"href":"https:\/\/gpl-love.com\/es\/wp-json\/wp\/v2\/product"}],"about":[{"href":"https:\/\/gpl-love.com\/es\/wp-json\/wp\/v2\/types\/product"}],"replies":[{"embeddable":true,"href":"https:\/\/gpl-love.com\/es\/wp-json\/wp\/v2\/comments?post=110704"}],"wp:featuredmedia":[{"embeddable":true,"href":"https:\/\/gpl-love.com\/es\/wp-json\/wp\/v2\/media\/168460"}],"wp:attachment":[{"href":"https:\/\/gpl-love.com\/es\/wp-json\/wp\/v2\/media?parent=110704"}],"wp:term":[{"taxonomy":"product_brand","embeddable":true,"href":"https:\/\/gpl-love.com\/es\/wp-json\/wp\/v2\/product_brand?post=110704"},{"taxonomy":"product_cat","embeddable":true,"href":"https:\/\/gpl-love.com\/es\/wp-json\/wp\/v2\/product_cat?post=110704"},{"taxonomy":"product_tag","embeddable":true,"href":"https:\/\/gpl-love.com\/es\/wp-json\/wp\/v2\/product_tag?post=110704"}],"curies":[{"name":"wp","href":"https:\/\/api.w.org\/{rel}","templated":true}]}}