{"id":110702,"date":"2022-06-11T00:00:00","date_gmt":"2022-06-11T05:00:00","guid":{"rendered":"http:\/\/gpl-love.com\/es\/producto\/careerfy-job-board-wordpress-theme\/"},"modified":"2026-03-13T17:17:28","modified_gmt":"2026-03-13T22:17:28","slug":"careerfy-job-board-wordpress-theme","status":"publish","type":"product","link":"https:\/\/gpl-love.com\/es\/producto\/careerfy-job-board-wordpress-theme\/","title":{"rendered":"Careerfy Job Board WordPress Theme 9.1.6"},"content":{"rendered":"<h3>Careerfy Job Board WordPress Theme Caracteristicas<\/h3>\n<p>El tema de WordPress de CareerFy Job Board es un tema excepcionalmente vers\u00e1til y f\u00e1cil de usar que est\u00e1 espec\u00edficamente dise\u00f1ado para satisfacer las necesidades de los listados de trabajo y las agencias de reclutamiento. Este tema integral ofrece un proceso de b\u00fasqueda y solicitud de trabajo sin problemas para solicitantes de empleo y empleadores, al tiempo que proporciona una variedad de opciones personalizables para los propietarios de sitios web. Con su amplia gama de caracter\u00edsticas, que incluye un constructor de curr\u00edculums de primer nivel, alertas de empleo convenientes e integraci\u00f3n de pagos sin problemas, el tema asegura que encontrar y publicar trabajos se convierta en una experiencia sin esfuerzo y sin problemas. Sin mencionar que el tema est\u00e1 meticulosamente optimizado para los motores de b\u00fasqueda, lo que mejora la visibilidad y el descubrimiento de los solicitantes de empleo y los empleadores por igual. En resumen, si est\u00e1 buscando desarrollar un portal de trabajo altamente eficiente y profesional o un sitio web de la junta de trabajo, el tema de WordPress de la Junta de Trabajo de Careerfy es sin duda la soluci\u00f3n ideal.<\/p>\n<ul>\n<li>Dise\u00f1o profesional y moderno para un sitio web de la junta de trabajo<\/li>\n<li>Carga totalmente receptiva y s\u00faper r\u00e1pida<\/li>\n<li>Interfaz f\u00e1cil de personalizar y f\u00e1cil de usar<\/li>\n<li>Opciones avanzadas de b\u00fasqueda y filtrado para solicitantes de empleo<\/li>\n<li>Los empleadores y los reclutadores pueden publicar y administrar f\u00e1cilmente los listados de trabajo<\/li>\n<li>Integraci\u00f3n con pasarelas de pago populares para cobrar por listados de trabajo<\/li>\n<li>Sistema de gesti\u00f3n de curr\u00edculum poderoso para los gerentes de contrataci\u00f3n<\/li>\n<li>Integraci\u00f3n perfecta con complementos populares de terceros como WooCommerce y WPML<\/li>\n<li>Sistema de seguimiento de solicitantes incorporado para reclutamiento eficiente<\/li>\n<li>Compatible con todos los principales navegadores y dispositivos<\/li>\n<li>Atenci\u00f3n al cliente dedicada y actualizaciones regulares para correcciones de errores y nuevas funciones.<\/li>\n<\/ul>\n","protected":false},"excerpt":{"rendered":"<p>El tema de WordPress de la Junta de Trabajo de Careerfy es una plataforma inmejorable para cualquier persona que busque crear un portal de trabajo profesional y f\u00e1cil de usar. Este tema est\u00e1 dise\u00f1ado para integrarse perfectamente con WordPress, lo que facilita incluso para los principiantes lanzar un tablero de trabajo. CareerFy ofrece una multitud de caracter\u00edsticas que mejorar\u00e1n la experiencia de b\u00fasqueda de empleo para sus usuarios. Viene con una funci\u00f3n integral de b\u00fasqueda de empleo que se puede personalizar de acuerdo con varios tipos de trabajo, especialidades y regiones. Adem\u00e1s, tiene un tablero f\u00e1cil de usar para que los empleadores administren las publicaciones de trabajo y las aplicaciones de seguimiento. El tema tambi\u00e9n incluye la funcionalidad de alerta de correo electr\u00f3nico, garantizar que los solicitantes de empleo siempre se actualicen con las \u00faltimas oportunidades. Adem\u00e1s, el tema de WordPress del tablero de trabajo de carrera es totalmente receptivo, lo que significa que se ver\u00e1 y funcionar\u00e1 perfectamente en cualquier dispositivo. Ya sea que sea una agencia de reclutamiento, una gran empresa o una trampol\u00edn incipiente, CareerFy ofrece una soluci\u00f3n profesional, f\u00e1cil de usar y rica en funciones.<\/p>\n","protected":false},"featured_media":165595,"comment_status":"open","ping_status":"open","template":"","meta":[],"product_brand":[2337],"product_cat":[1307,1237,1238],"product_tag":[1391],"class_list":{"0":"post-110702","1":"product","2":"type-product","3":"status-publish","4":"has-post-thumbnail","6":"product_brand-themeforest","7":"product_cat-negocio-wordpress-temas","8":"product_cat-temas","9":"product_cat-wordpress-temas","10":"product_tag-themeforest","11":"member-discount","12":"discount-restricted","14":"first","15":"instock","16":"sale","17":"downloadable","18":"virtual","19":"sold-individually","20":"purchasable","21":"product-type-simple"},"_links":{"self":[{"href":"https:\/\/gpl-love.com\/es\/wp-json\/wp\/v2\/product\/110702","targetHints":{"allow":["GET"]}}],"collection":[{"href":"https:\/\/gpl-love.com\/es\/wp-json\/wp\/v2\/product"}],"about":[{"href":"https:\/\/gpl-love.com\/es\/wp-json\/wp\/v2\/types\/product"}],"replies":[{"embeddable":true,"href":"https:\/\/gpl-love.com\/es\/wp-json\/wp\/v2\/comments?post=110702"}],"wp:featuredmedia":[{"embeddable":true,"href":"https:\/\/gpl-love.com\/es\/wp-json\/wp\/v2\/media\/165595"}],"wp:attachment":[{"href":"https:\/\/gpl-love.com\/es\/wp-json\/wp\/v2\/media?parent=110702"}],"wp:term":[{"taxonomy":"product_brand","embeddable":true,"href":"https:\/\/gpl-love.com\/es\/wp-json\/wp\/v2\/product_brand?post=110702"},{"taxonomy":"product_cat","embeddable":true,"href":"https:\/\/gpl-love.com\/es\/wp-json\/wp\/v2\/product_cat?post=110702"},{"taxonomy":"product_tag","embeddable":true,"href":"https:\/\/gpl-love.com\/es\/wp-json\/wp\/v2\/product_tag?post=110702"}],"curies":[{"name":"wp","href":"https:\/\/api.w.org\/{rel}","templated":true}]}}