{"id":110698,"date":"2021-04-15T00:00:00","date_gmt":"2021-04-15T05:00:00","guid":{"rendered":"http:\/\/gpl-love.com\/es\/producto\/woowbot-chatbot-for-woocommerce\/"},"modified":"2026-03-09T08:27:06","modified_gmt":"2026-03-09T13:27:06","slug":"woowbot-chatbot-for-woocommerce","status":"publish","type":"product","link":"https:\/\/gpl-love.com\/es\/producto\/woowbot-chatbot-for-woocommerce\/","title":{"rendered":"WoowBot ChatBot para WooCommerce 12.4.0"},"content":{"rendered":"<h3>WoowBot ChatBot para WooCommerce Caracteristicas<\/h3>\n<p>El chatbot Woowbot para WooCommerce es un complemento incre\u00edblemente poderoso que ofrece la conveniencia adicional del servicio al cliente automatizado para su tienda en l\u00ednea. Este notable chatbot est\u00e1 espec\u00edficamente dise\u00f1ado para integrarse perfectamente con su sitio web de WooCommerce, asegurando que sus clientes reciban una experiencia de compra eficiente y personalizada. Al implementar WOOWBOT, tiene la capacidad de automatizar una amplia gama de interacciones comunes del cliente, incluidas consultas de productos, seguimiento de pedidos y actualizaciones de inventario. Lo que distingue a este chatbot son sus capacidades avanzadas de procesamiento del lenguaje natural, que le permiten comprender y responder a las consultas de los clientes de una manera verdaderamente humana. Como beneficio adicional, WoowBot incluye un chatbot constructor f\u00e1cil de usar, lo que le permite crear flujos de chat personalizados que reflejen con precisi\u00f3n la personalidad y la voz de su marca. En general, el chatbot Woowbot para WooCommerce es una herramienta excepcional que no solo optimiza su servicio al cliente, sino que tambi\u00e9n aumenta significativamente las ventas y mejora la satisfacci\u00f3n general del cliente.<\/p>\n<ul>\n<li>Aumenta la participaci\u00f3n del cliente en su tienda WooCommerce ofreciendo asistencia personalizada las 24 horas.<\/li>\n<li>Reduce la carga de trabajo y permite a su equipo centrarse en otras tareas comerciales importantes.<\/li>\n<li>Ayuda a los clientes a encontrar lo que est\u00e1n buscando en segundos al comprender sus necesidades a trav\u00e9s del procesamiento del lenguaje natural.<\/li>\n<li>Permite a los clientes realizar pedidos o realizar consultas a trav\u00e9s de m\u00faltiples canales, incluidos Facebook Messenger, WhatsApp y Skype.<\/li>\n<li>Viene con plantillas preconstruidas y una interfaz f\u00e1cil de usar que hace que sea f\u00e1cil configurar y personalizar.<\/li>\n<li>Proporciona an\u00e1lisis detallados sobre las interacciones y el comportamiento del cliente para estrategias de marketing efectivas.<\/li>\n<li>Ofrece una gama de planes de precios asequibles para satisfacer diferentes necesidades comerciales.<\/li>\n<\/ul>\n","protected":false},"excerpt":{"rendered":"<p>Woowbot Chatbot para WooCommerce, un complemento de chatbot extraordinariamente robusto y sin esfuerzo navegable, ha sido meticulosamente elaborado para mejorar la experiencia del cliente y magnificar las ventas para propietarios de tiendas en l\u00ednea. Este chatbot aprovecha el poder de la inteligencia artificial y el procesamiento del lenguaje natural para iniciar conversaciones en tiempo real con clientes, ofreciendo as\u00ed recomendaciones de productos invaluables, proporcionando respuestas a consultas y ejecutando \u00f3rdenes sin problemas. Al adoptar las capacidades incomparables de Woowbot Chatbot, uno puede interactuar de manera efectiva con los clientes a todas las horas del d\u00eda, todos los d\u00edas, que finalmente otorgan un servicio al cliente excepcional sin ninguna intervenci\u00f3n humana. Ya sea que sus objetivos abarquen los ingresos de aumento, la reducci\u00f3n del abandono del carrito o simplemente mejoren la atenci\u00f3n al cliente, Woowbot Chatbot para WooCommerce se considera como la resoluci\u00f3n por excelencia para cualquier tienda en l\u00ednea.<\/p>\n","protected":false},"featured_media":168336,"comment_status":"open","ping_status":"open","template":"","meta":[],"product_brand":[2339],"product_cat":[1207,1225,1206],"product_tag":[1256],"class_list":{"0":"post-110698","1":"product","2":"type-product","3":"status-publish","4":"has-post-thumbnail","6":"product_brand-codecanyon","7":"product_cat-comercio-electronico-plugins","8":"product_cat-marketing","9":"product_cat-plugins","10":"product_tag-codecanyon","11":"member-discount","12":"discount-restricted","14":"first","15":"instock","16":"sale","17":"downloadable","18":"virtual","19":"sold-individually","20":"purchasable","21":"product-type-simple"},"_links":{"self":[{"href":"https:\/\/gpl-love.com\/es\/wp-json\/wp\/v2\/product\/110698","targetHints":{"allow":["GET"]}}],"collection":[{"href":"https:\/\/gpl-love.com\/es\/wp-json\/wp\/v2\/product"}],"about":[{"href":"https:\/\/gpl-love.com\/es\/wp-json\/wp\/v2\/types\/product"}],"replies":[{"embeddable":true,"href":"https:\/\/gpl-love.com\/es\/wp-json\/wp\/v2\/comments?post=110698"}],"wp:featuredmedia":[{"embeddable":true,"href":"https:\/\/gpl-love.com\/es\/wp-json\/wp\/v2\/media\/168336"}],"wp:attachment":[{"href":"https:\/\/gpl-love.com\/es\/wp-json\/wp\/v2\/media?parent=110698"}],"wp:term":[{"taxonomy":"product_brand","embeddable":true,"href":"https:\/\/gpl-love.com\/es\/wp-json\/wp\/v2\/product_brand?post=110698"},{"taxonomy":"product_cat","embeddable":true,"href":"https:\/\/gpl-love.com\/es\/wp-json\/wp\/v2\/product_cat?post=110698"},{"taxonomy":"product_tag","embeddable":true,"href":"https:\/\/gpl-love.com\/es\/wp-json\/wp\/v2\/product_tag?post=110698"}],"curies":[{"name":"wp","href":"https:\/\/api.w.org\/{rel}","templated":true}]}}