{"id":110696,"date":"2025-09-19T00:00:00","date_gmt":"2025-09-19T05:00:00","guid":{"rendered":"http:\/\/gpl-love.com\/es\/producto\/woocommerce-wholesale-pro\/"},"modified":"2026-03-09T08:26:32","modified_gmt":"2026-03-09T13:26:32","slug":"woocommerce-wholesale-pro","status":"publish","type":"product","link":"https:\/\/gpl-love.com\/es\/producto\/woocommerce-wholesale-pro\/","title":{"rendered":"WooCommerce Wholesale Pro 2.7.0"},"content":{"rendered":"<h3>WooCommerce Wholesale Pro Caracteristicas<\/h3>\n<p>El complemento WooCommerce Wholesale Pro sirve como una herramienta notable, lo que permite a las empresas participar en las ventas de sus productos a tasas mayoristas, que atiende a una amplia gama de clientela, incluidas otras empresas y clientes individuales. Este ingenioso complemento se integra perfectamente en la plataforma WooCommerce, lo que empodera a los propietarios de tiendas con la capacidad de establecer sin esfuerzo niveles de precios distintos para sus surtidos segmentos de clientes. Adem\u00e1s, este complemento abarca una variedad de caracter\u00edsticas atractivas, incluida la provisi\u00f3n de cantidades m\u00ednimas de pedido, la implementaci\u00f3n de precios basados \u200b\u200ben roles del usuario y la incorporaci\u00f3n de estructuras de precios escalonadas. En virtud de este complemento excepcional, las empresas pueden supervisar y administrar efectivamente su clientela mayorista, examinando sin esfuerzo a trav\u00e9s de sus historias de pedidos, al tiempo que los recompensan con descuentos bien merecidos basados \u200b\u200ben sus esfuerzos de compra anteriores. En consecuencia, este complemento invaluable facilita activamente la creaci\u00f3n de una tienda mayorista integral dentro del marco preexistente de la tienda WooCommerce de una empresa, lo que permite a las empresas administrar de manera efectiva y eficiente a sus estimados clientes mayoristas.<\/p>\n<ul>\n<li>Permite a las empresas establecer diferentes niveles de precios para los clientes mayoristas<\/li>\n<li>Permite a los clientes mayoristas realizar compras directamente desde el sitio web<\/li>\n<li>Proporciona un sistema de gesti\u00f3n de pedidos simplificado para pedidos mayoristas<\/li>\n<li>Ofrece precios personalizables para productos o categor\u00edas espec\u00edficas<\/li>\n<li>Se integra a la perfecci\u00f3n con WooCommerce, una popular plataforma de comercio electr\u00f3nico<\/li>\n<li>Simplifica el proceso de pedido tanto para empresas como para clientes<\/li>\n<li>Automatizar el c\u00e1lculo de impuestos y costos de env\u00edo para pedidos mayoristas<\/li>\n<li>Proporciona informes detallados y an\u00e1lisis para ventas mayoristas<\/li>\n<li>Ofrece atenci\u00f3n al cliente y asistencia con la configuraci\u00f3n y la personalizaci\u00f3n.<\/li>\n<\/ul>\n","protected":false},"excerpt":{"rendered":"<p>WooCommerce Wholesale Pro, una soluci\u00f3n mayorista extremadamente potente y adaptable meticulosamente elaborada para la plataforma WooCommerce, le permite establecer sin esfuerzo m\u00faltiples niveles de precios, extender descuentos atractivos a compradores masivos considerables y establecer cantidades de pedidos, por lo tanto, mejorar la eficiencia operativa de su empresa y la rentabilidad. Su interfaz notablemente f\u00e1cil de usar facilita la gesti\u00f3n sin problemas de su estimada clientela mayorista, lo que le permite racionalizar su intrincado proceso de ventas con la mayor facilidad y delicadeza. Adem\u00e1s, esta notable soluci\u00f3n se integra perfectamente con su tienda WooCommerce preexistente, lo que le permite aventurarse r\u00e1pidamente en el reino lucrativo de la venta mayorista, marcando el comienzo de un \u00e9xito y prosperidad sin precedentes para su empresa.<\/p>\n","protected":false},"featured_media":168309,"comment_status":"open","ping_status":"open","template":"","meta":[],"product_brand":[2422],"product_cat":[1207,1248,1206],"product_tag":[1660],"class_list":{"0":"post-110696","1":"product","2":"type-product","3":"status-publish","4":"has-post-thumbnail","6":"product_brand-barn2","7":"product_cat-comercio-electronico-plugins","8":"product_cat-personalizacion-comercio-electronico-plugins","9":"product_cat-plugins","10":"product_tag-barn2","11":"member-discount","12":"discount-restricted","14":"first","15":"instock","16":"sale","17":"downloadable","18":"virtual","19":"sold-individually","20":"purchasable","21":"product-type-simple"},"_links":{"self":[{"href":"https:\/\/gpl-love.com\/es\/wp-json\/wp\/v2\/product\/110696","targetHints":{"allow":["GET"]}}],"collection":[{"href":"https:\/\/gpl-love.com\/es\/wp-json\/wp\/v2\/product"}],"about":[{"href":"https:\/\/gpl-love.com\/es\/wp-json\/wp\/v2\/types\/product"}],"replies":[{"embeddable":true,"href":"https:\/\/gpl-love.com\/es\/wp-json\/wp\/v2\/comments?post=110696"}],"wp:featuredmedia":[{"embeddable":true,"href":"https:\/\/gpl-love.com\/es\/wp-json\/wp\/v2\/media\/168309"}],"wp:attachment":[{"href":"https:\/\/gpl-love.com\/es\/wp-json\/wp\/v2\/media?parent=110696"}],"wp:term":[{"taxonomy":"product_brand","embeddable":true,"href":"https:\/\/gpl-love.com\/es\/wp-json\/wp\/v2\/product_brand?post=110696"},{"taxonomy":"product_cat","embeddable":true,"href":"https:\/\/gpl-love.com\/es\/wp-json\/wp\/v2\/product_cat?post=110696"},{"taxonomy":"product_tag","embeddable":true,"href":"https:\/\/gpl-love.com\/es\/wp-json\/wp\/v2\/product_tag?post=110696"}],"curies":[{"name":"wp","href":"https:\/\/api.w.org\/{rel}","templated":true}]}}