{"id":110694,"date":"2022-02-24T00:00:00","date_gmt":"2022-02-24T05:00:00","guid":{"rendered":"http:\/\/gpl-love.com\/es\/producto\/woocommerce-product-table\/"},"modified":"2026-03-09T08:24:40","modified_gmt":"2026-03-09T13:24:40","slug":"woocommerce-product-table","status":"publish","type":"product","link":"https:\/\/gpl-love.com\/es\/producto\/woocommerce-product-table\/","title":{"rendered":"WooCommerce Product Table 2.6.0"},"content":{"rendered":"<h3>WooCommerce Product Table Caracteristicas<\/h3>\n<p>La tabla de productos de WooCommerce es una soluci\u00f3n incre\u00edblemente eficiente y efectiva para exhibir toda su gama de productos en un formato de mesa altamente organizado y visualmente atractivo. Al ofrecer una variedad de columnas y filtros personalizables, esta herramienta invaluable le permite presentar sin esfuerzo su mercanc\u00eda de una manera que se adapte a las preferencias y necesidades \u00fanicas de su base de clientes exigentes. Adem\u00e1s, esta notable tabla es totalmente receptiva, lo que significa que se adapta a la perfecci\u00f3n y se ajusta para encajar perfectamente en pantallas de cualquier tama\u00f1o, asegurando as\u00ed una experiencia de visualizaci\u00f3n consistentemente \u00f3ptima para todos los visitantes. Adem\u00e1s, su ingeniosa funcionalidad de b\u00fasqueda confiere a su clientela la conveniencia incomparable de localizar r\u00e1pidamente y f\u00e1cilmente sus art\u00edculos deseados. Como si eso no fuera suficiente, este complemento excepcional tambi\u00e9n cuenta con una impresionante variedad de caracter\u00edsticas avanzadas que satisfacen los requisitos muy espec\u00edficos de los pedidos a granel, permitiendo efectivamente a su clientela valorada agregar m\u00faltiples productos a sus carros de compras virtuales de una vez. En general, la tabla de productos de WooCommerce indudablemente se destaca como un activo indispensable para cualquier minorista en l\u00ednea exigente con el objetivo de elevar su exhibici\u00f3n de productos y, en consecuencia, mejorar la satisfacci\u00f3n general y la satisfacci\u00f3n de su estimada base de clientes.<\/p>\n<ul>\n<li>Muestra productos de WooCommerce en una cuadr\u00edcula o formato de tabla para una f\u00e1cil visualizaci\u00f3n y comparaci\u00f3n<\/li>\n<li>Permite a los clientes filtrar y clasificar r\u00e1pidamente los productos en funci\u00f3n de varios criterios.<\/li>\n<li>Opciones de dise\u00f1o y dise\u00f1o personalizables para que coincidan con la marca y el estilo de su sitio web<\/li>\n<li>Dise\u00f1o receptivo m\u00f3vil para navegaci\u00f3n perfecta en todos los dispositivos<\/li>\n<li>Admite la funcionalidad de b\u00fasqueda avanzada para encontrar productos espec\u00edficos r\u00e1pidamente<\/li>\n<li>Se integra con las variaciones y atributos de productos de WooCommerce para opciones integrales de productos<\/li>\n<li>Opciones de venta cruzada y de venta adicional para aumentar las ventas y los ingresos<\/li>\n<li>Opci\u00f3n para ocultar elementos de existencia o mostrar productos con entradas agotadas con diferentes etiquetados<\/li>\n<li>Compatible con una variedad de extensiones y complementos de WooCommerce para una funcionalidad adicional<\/li>\n<\/ul>\n","protected":false},"excerpt":{"rendered":"<p>La tabla de productos de WooCommerce cuenta con un conjunto formidable de caracter\u00edsticas y funcionalidades, lo que le hace un complemento excepcionalmente potente y vers\u00e1til que ofrece un mecanismo notablemente f\u00e1cil de usar para mostrar su amplia gama de productos en un formato tabular comprensible sin esfuerzo. Esta herramienta notablemente ventajosa le permite presentar todos sus productos y su informaci\u00f3n asociada de manera sucinta, simplificada y meticulosamente organizada. El nivel incomparable de personalizaci\u00f3n que ofrece este complemento es realmente impresionante, lo que le permite ajustar meticulosamente y adaptarlo a alinearse impecablemente con sus requisitos y especificaciones individualizados. Al aprovechar la tabla de productos de WooCommerce, obtiene acceso a una extensa gama de funcionalidades altamente pr\u00e1cticas e invaluables, como la capacidad perfecta para filtrar y buscar productos espec\u00edficos, columnas de imbue con la capacidad de ser clasificados e integra sin problemas campos personalizados y mucho m\u00e1s. Sin lugar a dudas, esta irrefutablemente representa la soluci\u00f3n definitiva para todas y cada una de las tiendas en l\u00ednea que buscan optimizar y racionalizar sus pantallas de productos, al tiempo que mejora la experiencia general del usuario de una manera sin precedentes.<\/p>\n","protected":false},"featured_media":168234,"comment_status":"open","ping_status":"open","template":"","meta":[],"product_brand":[2339],"product_cat":[1207,1248,1206],"product_tag":[1256],"class_list":{"0":"post-110694","1":"product","2":"type-product","3":"status-publish","4":"has-post-thumbnail","6":"product_brand-codecanyon","7":"product_cat-comercio-electronico-plugins","8":"product_cat-personalizacion-comercio-electronico-plugins","9":"product_cat-plugins","10":"product_tag-codecanyon","11":"member-discount","12":"discount-restricted","14":"first","15":"instock","16":"sale","17":"downloadable","18":"virtual","19":"sold-individually","20":"purchasable","21":"product-type-simple"},"_links":{"self":[{"href":"https:\/\/gpl-love.com\/es\/wp-json\/wp\/v2\/product\/110694","targetHints":{"allow":["GET"]}}],"collection":[{"href":"https:\/\/gpl-love.com\/es\/wp-json\/wp\/v2\/product"}],"about":[{"href":"https:\/\/gpl-love.com\/es\/wp-json\/wp\/v2\/types\/product"}],"replies":[{"embeddable":true,"href":"https:\/\/gpl-love.com\/es\/wp-json\/wp\/v2\/comments?post=110694"}],"wp:featuredmedia":[{"embeddable":true,"href":"https:\/\/gpl-love.com\/es\/wp-json\/wp\/v2\/media\/168234"}],"wp:attachment":[{"href":"https:\/\/gpl-love.com\/es\/wp-json\/wp\/v2\/media?parent=110694"}],"wp:term":[{"taxonomy":"product_brand","embeddable":true,"href":"https:\/\/gpl-love.com\/es\/wp-json\/wp\/v2\/product_brand?post=110694"},{"taxonomy":"product_cat","embeddable":true,"href":"https:\/\/gpl-love.com\/es\/wp-json\/wp\/v2\/product_cat?post=110694"},{"taxonomy":"product_tag","embeddable":true,"href":"https:\/\/gpl-love.com\/es\/wp-json\/wp\/v2\/product_tag?post=110694"}],"curies":[{"name":"wp","href":"https:\/\/api.w.org\/{rel}","templated":true}]}}