{"id":110690,"date":"2025-06-10T00:00:00","date_gmt":"2025-06-10T05:00:00","guid":{"rendered":"http:\/\/gpl-love.com\/es\/producto\/homey-booking-and-rentals-wordpress-theme\/"},"modified":"2026-03-13T17:22:11","modified_gmt":"2026-03-13T22:22:11","slug":"homey-booking-and-rentals-wordpress-theme","status":"publish","type":"product","link":"https:\/\/gpl-love.com\/es\/producto\/homey-booking-and-rentals-wordpress-theme\/","title":{"rendered":"Homey Booking y Rentals WordPress Theme 2.4.6"},"content":{"rendered":"<h3>Homey Booking y Rentals WordPress Theme Caracteristicas<\/h3>\n<p>El tema de WordPress Homey Booking and Rentals es un instrumento extremadamente potente y multifac\u00e9tico que le permite dise\u00f1ar sin esfuerzo un sitio web con el prop\u00f3sito de reservar y alquilar varias propiedades. Al aprovechar una amplia gama de posibilidades y atributos de personalizaci\u00f3n, posee la capacidad de adaptar su sitio para cumplir con precisi\u00f3n los requisitos particulares de su empresa. El tema incorpora alternativas de pago integradas, funcionalidad de b\u00fasqueda avanzada e interfaces f\u00e1ciles de usar tanto para los propietarios como para los inquilinos. Independientemente de si est\u00e1 supervisando un alquiler de vacaciones solitario o un establecimiento de administraci\u00f3n de propiedades que lo abarca, el tema hogare\u00f1o le proporciona las herramientas necesarias para optimizar sus actividades operativas y amplificar su presencia en l\u00ednea.<\/p>\n<ul>\n<li>Un tema de WordPress moderno y elegante dise\u00f1ado espec\u00edficamente para reservar y alquiler de negocios.<\/li>\n<li>Totalmente personalizable con m\u00faltiples opciones de dise\u00f1o, esquemas de color y opciones de fuentes.<\/li>\n<li>Viene con un poderoso sistema de reserva que permite a los clientes hacer reservas y pagos directamente en su sitio web.<\/li>\n<li>Calendario de disponibilidad integrado para mostrar a los clientes que las fechas est\u00e1n disponibles para la reserva.<\/li>\n<li>Herramientas de administraci\u00f3n de propiedades incorporadas para ayudarlo a administrar sus alquileres y realizar un seguimiento de las reservas.<\/li>\n<li>El dise\u00f1o que responde a dispositivos m\u00f3viles garantiza que su sitio web se vea genial y funciona correctamente en todos los dispositivos.<\/li>\n<li>Estructura amigable para SEO para ayudarlo a mejorar la clasificaci\u00f3n y la visibilidad del motor de b\u00fasqueda de su sitio web.<\/li>\n<li>Opciones de integraci\u00f3n de pasarela m\u00faltiple de pago, incluidos PayPal y Stripe.<\/li>\n<li>Interfaz f\u00e1cil de usar que permite incluso a aquellos con conocimientos t\u00e9cnicos limitados administrar su sitio web y reservas ellos mismos.<\/li>\n<li>Incluye una gama de otras caracter\u00edsticas, como formularios de contacto, integraci\u00f3n de redes sociales y widgets personalizables.<\/li>\n<\/ul>\n","protected":false},"excerpt":{"rendered":"<p>El tema de WordPress de reservas y alquileres hogare\u00f1os, conocido por su impresionante funcionalidad e interfaz f\u00e1cil de usar, ha sido meticulosamente elaborado para satisfacer las necesidades de los propietarios de alquiler que buscan optimizar su proceso de reserva. Con un dise\u00f1o de vanguardia y contempor\u00e1neo, este notable tema presenta una amplia gama de opciones personalizables que le permiten mostrar efectivamente las listas de sus propiedades, administrar sin esfuerzo sus reservas e integrar sin problemas. Independientemente de si est\u00e1 supervisando un alquiler de vacaciones, un complejo de apartamentos o cualquier otra forma de alojamiento, puede estar seguro de que el tema hogare\u00f1o servir\u00e1 como la soluci\u00f3n definitiva para atraer y retener a los invitados. Con una gran cantidad de caracter\u00edsticas f\u00e1ciles de navegar a su disposici\u00f3n y un proceso de configuraci\u00f3n r\u00e1pido y sin problemas, transformar su listado de alquiler en una empresa floreciente nunca ha sido m\u00e1s sencilla y sin esfuerzo.<\/p>\n","protected":false},"featured_media":166423,"comment_status":"open","ping_status":"open","template":"","meta":[],"product_brand":[2337],"product_cat":[1307,1237,1238],"product_tag":[1391],"class_list":{"0":"post-110690","1":"product","2":"type-product","3":"status-publish","4":"has-post-thumbnail","6":"product_brand-themeforest","7":"product_cat-negocio-wordpress-temas","8":"product_cat-temas","9":"product_cat-wordpress-temas","10":"product_tag-themeforest","11":"member-discount","12":"discount-restricted","14":"first","15":"instock","16":"sale","17":"downloadable","18":"virtual","19":"sold-individually","20":"purchasable","21":"product-type-simple"},"_links":{"self":[{"href":"https:\/\/gpl-love.com\/es\/wp-json\/wp\/v2\/product\/110690","targetHints":{"allow":["GET"]}}],"collection":[{"href":"https:\/\/gpl-love.com\/es\/wp-json\/wp\/v2\/product"}],"about":[{"href":"https:\/\/gpl-love.com\/es\/wp-json\/wp\/v2\/types\/product"}],"replies":[{"embeddable":true,"href":"https:\/\/gpl-love.com\/es\/wp-json\/wp\/v2\/comments?post=110690"}],"wp:featuredmedia":[{"embeddable":true,"href":"https:\/\/gpl-love.com\/es\/wp-json\/wp\/v2\/media\/166423"}],"wp:attachment":[{"href":"https:\/\/gpl-love.com\/es\/wp-json\/wp\/v2\/media?parent=110690"}],"wp:term":[{"taxonomy":"product_brand","embeddable":true,"href":"https:\/\/gpl-love.com\/es\/wp-json\/wp\/v2\/product_brand?post=110690"},{"taxonomy":"product_cat","embeddable":true,"href":"https:\/\/gpl-love.com\/es\/wp-json\/wp\/v2\/product_cat?post=110690"},{"taxonomy":"product_tag","embeddable":true,"href":"https:\/\/gpl-love.com\/es\/wp-json\/wp\/v2\/product_tag?post=110690"}],"curies":[{"name":"wp","href":"https:\/\/api.w.org\/{rel}","templated":true}]}}