{"id":110686,"date":"2026-02-26T00:00:00","date_gmt":"2026-02-26T05:00:00","guid":{"rendered":"http:\/\/gpl-love.com\/es\/producto\/media-cleaner-pro-cleans-media-library-and-uploads-directory\/"},"modified":"2026-03-28T17:15:49","modified_gmt":"2026-03-28T22:15:49","slug":"media-cleaner-pro-cleans-media-library-and-uploads-directory","status":"publish","type":"product","link":"https:\/\/gpl-love.com\/es\/producto\/media-cleaner-pro-cleans-media-library-and-uploads-directory\/","title":{"rendered":"Media Cleaner Pro 7.0.6"},"content":{"rendered":"<h3>Media Cleaner Pro Caracteristicas<\/h3>\n<p>Media Cleaner Pro, una herramienta sofisticada y robusta, ha sido meticulosamente dise\u00f1ada para limpiar y desactivar efectivamente su biblioteca de medios y cargar directorio. Aprovechando sus algoritmos avanzados, este notable software posee la extraordinaria capacidad de identificar y eliminar sin esfuerzo cualquier archivo de medios redundante o no utilizado, liberando y reclamando un espacio de almacenamiento precioso en su servidor. Al examinar diligentemente su sitio de WordPress, el limpiador de medios analiza y discerne a los archivos de medios que lamentablemente han ca\u00eddo en la categor\u00eda de desuso en p\u00e1ginas, publicaciones o galer\u00edas, y proceden a erradicarlos de manera segura. Esto no solo sirve para optimizar y mejorar el rendimiento general de su estimado sitio web, sino que tambi\u00e9n le otorga la conveniencia de administrar efectivamente su biblioteca de medios con una facilidad consumada. Adem\u00e1s, un atributo atractivo y muy ventajoso de Media Cleaner Pro es su capacidad innata de cargar autom\u00e1ticamente archivos multimedia a un directorio cuidadosamente designado. Como consecuencia directa de esta caracter\u00edstica invaluable, se le otorga el delicioso regalo de ahorro de tiempo y se escapa de los arduos esfuerzos generalmente invertidos en esta tarea laboriosa, lo que le permite enfocar devocamente sus energ\u00edas en otros aspectos fundamentales y apremiantes de su sitio web . Baste decir que, con el soporte indomable e inquebrantable de Media Cleaner Pro, puede deleitarse con confianza en la feliz experiencia de un directorio de biblioteca y cargas de medios de manera pr\u00edstina organizada, expedita e integrada sin problemas.<\/p>\n<ul>\n<li>Limpia eficientemente su biblioteca de medios y sube directorio<\/li>\n<li>Elimina archivos multimedia no utilizados y obsoletos, liberando espacio en su sitio web<\/li>\n<li>Detecta y limpia autom\u00e1ticamente enlaces rotos y archivos faltantes<\/li>\n<li>Escaneos y detecta archivos multimedia duplicados, lo que le permite guardar solo los necesarios<\/li>\n<li>Organiza su biblioteca de medios en carpetas bien estructuradas para un f\u00e1cil acceso y gesti\u00f3n<\/li>\n<li>Ahorra tiempo y esfuerzo en la administraci\u00f3n de los activos de medios de su sitio web<\/li>\n<li>Admite m\u00faltiples formatos de archivo, asegurando que todos los tipos de archivos multimedia se limpien y organicen<\/li>\n<\/ul>\n","protected":false},"excerpt":{"rendered":"<p>Media Cleaner Pro es una herramienta excepcionalmente robusta y formidable que ha sido meticulosamente elaborada y dise\u00f1ada para limpiar y purificar de manera efectiva y eficiente su biblioteca de medios y cargar directorio. Este software ejemplar posee la notable capacidad de identificar sin esfuerzo y con precisi\u00f3n y posteriormente eliminar cualquier archivo multimedia no utilizado, rotos o duplicados que puedan estar impediendo la operaci\u00f3n y la funcionalidad suaves de su sistema. Al emplear este programa sin igual, no solo puede ahorrar innumerables horas de trabajo manual de limpieza manual laboriosos y arduos, sino que tambi\u00e9n puede liberar y liberar espacio de almacenamiento de servidores valioso y precioso. Adem\u00e1s, este software ejemplar tambi\u00e9n proporciona a los usuarios informes exhaustivos y exhaustivos, asegurando as\u00ed que los archivos multimedia superfluos y extra\u00f1os se erradicen y est\u00e9n eliminados. Adem\u00e1s, es importante tener en cuenta que Media Cleaner Pro tambi\u00e9n posee la caracter\u00edstica notable de ser capaz de transferir y cargar autom\u00e1ticamente los archivos limpios y filtrados a un servicio de almacenamiento externo o almacenamiento en la nube, lo que le convierte en una soluci\u00f3n de administraci\u00f3n de biblioteca con todo incluido e integral. Eso atiende sin esfuerzo a todas sus necesidades y requisitos. No pierda el tiempo y aproveche la oportunidad de adquirir medios de medios Pro hoy, y en cuesti\u00f3n de minutos, optimice y mejore su biblioteca de medios y cargue un directorio a niveles incomparables de perfecci\u00f3n y eficiencia.<\/p>\n","protected":false},"featured_media":166717,"comment_status":"open","ping_status":"open","template":"","meta":[],"product_brand":[2487],"product_cat":[1212,1206,1211],"product_tag":[1658],"class_list":{"0":"post-110686","1":"product","2":"type-product","3":"status-publish","4":"has-post-thumbnail","6":"product_brand-meow-apps","7":"product_cat-administracion-wordpress-plugins","8":"product_cat-plugins","9":"product_cat-wordpress-plugins","10":"product_tag-meow-apps","11":"member-discount","12":"discount-restricted","14":"first","15":"instock","16":"sale","17":"downloadable","18":"virtual","19":"sold-individually","20":"purchasable","21":"product-type-simple"},"_links":{"self":[{"href":"https:\/\/gpl-love.com\/es\/wp-json\/wp\/v2\/product\/110686","targetHints":{"allow":["GET"]}}],"collection":[{"href":"https:\/\/gpl-love.com\/es\/wp-json\/wp\/v2\/product"}],"about":[{"href":"https:\/\/gpl-love.com\/es\/wp-json\/wp\/v2\/types\/product"}],"replies":[{"embeddable":true,"href":"https:\/\/gpl-love.com\/es\/wp-json\/wp\/v2\/comments?post=110686"}],"wp:featuredmedia":[{"embeddable":true,"href":"https:\/\/gpl-love.com\/es\/wp-json\/wp\/v2\/media\/166717"}],"wp:attachment":[{"href":"https:\/\/gpl-love.com\/es\/wp-json\/wp\/v2\/media?parent=110686"}],"wp:term":[{"taxonomy":"product_brand","embeddable":true,"href":"https:\/\/gpl-love.com\/es\/wp-json\/wp\/v2\/product_brand?post=110686"},{"taxonomy":"product_cat","embeddable":true,"href":"https:\/\/gpl-love.com\/es\/wp-json\/wp\/v2\/product_cat?post=110686"},{"taxonomy":"product_tag","embeddable":true,"href":"https:\/\/gpl-love.com\/es\/wp-json\/wp\/v2\/product_tag?post=110686"}],"curies":[{"name":"wp","href":"https:\/\/api.w.org\/{rel}","templated":true}]}}