{"id":110684,"date":"2022-04-15T00:00:00","date_gmt":"2022-04-15T05:00:00","guid":{"rendered":"http:\/\/gpl-love.com\/es\/producto\/turitor-lms-education-wordpress-theme\/"},"modified":"2026-04-10T11:29:11","modified_gmt":"2026-04-10T16:29:11","slug":"turitor-lms-education-wordpress-theme","status":"publish","type":"product","link":"https:\/\/gpl-love.com\/es\/producto\/turitor-lms-education-wordpress-theme\/","title":{"rendered":"Turitor LMS y Education WordPress Theme 1.4.1"},"content":{"rendered":"<h3>Turitor LMS y Education WordPress Theme Caracteristicas<\/h3>\n<p>Turitor LMS y Educaci\u00f3n El tema de WordPress es un sistema de gesti\u00f3n de aprendizaje altamente funcional y vers\u00e1til que ofrece a los educadores y capacitadores a la gesti\u00f3n sin esfuerzo de cursos, cuestionarios y lecciones en l\u00ednea. Cuenta con un dise\u00f1o contempor\u00e1neo y f\u00e1cil de usar que se adapta perfectamente a varios dispositivos y tama\u00f1os de pantalla. Con la ayuda de Turitor, los usuarios pueden crear y comercializar cursos sin esfuerzo, establecer ex\u00e1menes en l\u00ednea, monitorear el progreso de los estudiantes, manejar las revisiones de cursos y mucho m\u00e1s. Adem\u00e1s, este tema proporciona una variedad de opciones de personalizaci\u00f3n, que incluyen diversos dise\u00f1os de p\u00e1gina de inicio, opciones de tipograf\u00eda y esquemas de color. Como resultado, los educadores y entrenadores que utilizan Turitor pueden construir experiencias de aprendizaje cautivadoras e interactivas que son convenientemente accesibles para los estudiantes de todos los rincones del mundo.<\/p>\n<ul>\n<li>Turitor LMS y Education WordPress El tema es un tema profesional y elegante que es ideal para sitios web basados \u200b\u200ben la educaci\u00f3n, como universidades, escuelas e instituciones educativas.<\/li>\n<li>El tema ofrece caracter\u00edsticas extensas para crear cursos intuitivos y atractivos, lecciones, cuestionarios, rese\u00f1as y mucho m\u00e1s.<\/li>\n<li>Compatible con complementos LMS populares como LearnDash, WooCommerce y Tutor LMS, lo que lo convierte en una opci\u00f3n flexible para diferentes tipos de plataformas de aprendizaje en l\u00ednea.<\/li>\n<li>El dise\u00f1o receptivo permite que el tema se vea genial en cualquier dispositivo, asegurando una experiencia de usuario \u00f3ptima para estudiantes e instructores por igual.<\/li>\n<li>Caracter\u00edsticas avanzadas como el seguimiento del progreso del curso, la vista previa del curso, los dise\u00f1os de lecciones flexibles, los perfiles de usuario y una gran cantidad de opciones de personalizaci\u00f3n hacen que Turitor se destaque de otros temas educativos.<\/li>\n<li>El tema est\u00e1 optimizado para la velocidad, el rendimiento, el SEO y el c\u00f3digo de alta calidad, lo que garantiza que su sitio se cargue r\u00e1pidamente y se clasifique en los resultados de los motores de b\u00fasqueda.<\/li>\n<li>El creador de p\u00e1ginas de arrastrar y soltar (Elementor) y la importaci\u00f3n de demostraci\u00f3n con un solo clic hacen que la configuraci\u00f3n de su sitio sea muy f\u00e1cil, asegurando el m\u00e1ximo soporte y f\u00e1cil personalizaci\u00f3n.<\/li>\n<li>El tema viene con una secci\u00f3n de documentaci\u00f3n integral y atenci\u00f3n al cliente dedicada, asegurando que cualquier pregunta o problema que pueda tener se resolver\u00e1 de inmediato.<\/li>\n<\/ul>\n","protected":false},"excerpt":{"rendered":"<p>Turitor LMS y el tema de la WordPress de Educaci\u00f3n se presenta como un tema de sitio web altamente elaborado y fluido que ha sido dise\u00f1ado meticulosamente para satisfacer las necesidades \u00fanicas de las instituciones educativas y las plataformas de aprendizaje en l\u00ednea. Cuenta con una extensa gama de funcionalidades, que incluye, entre otros, la capacidad de crear cursos personalizados, administrar pruebas en l\u00ednea, fomentar foros de discusi\u00f3n interactiva y utilizar diversas herramientas para administrar los asuntos estudiantiles. La interfaz f\u00e1cil de usar y el dise\u00f1o receptivo de este tema facilitan sin problemas el proceso de aprendizaje y ense\u00f1anza en l\u00ednea. Adem\u00e1s, ofrece una variedad diversa de plantillas y dise\u00f1os predise\u00f1ados, brindando a los usuarios la oportunidad de construir sitios web impecablemente profesionales de manera r\u00e1pida y sin esfuerzo.<\/p>\n","protected":false},"featured_media":167858,"comment_status":"open","ping_status":"open","template":"","meta":[],"product_brand":[2337],"product_cat":[1307,1237,1238],"product_tag":[1391],"class_list":{"0":"post-110684","1":"product","2":"type-product","3":"status-publish","4":"has-post-thumbnail","6":"product_brand-themeforest","7":"product_cat-negocio-wordpress-temas","8":"product_cat-temas","9":"product_cat-wordpress-temas","10":"product_tag-themeforest","11":"member-discount","12":"discount-restricted","14":"first","15":"instock","16":"sale","17":"downloadable","18":"virtual","19":"sold-individually","20":"purchasable","21":"product-type-simple"},"_links":{"self":[{"href":"https:\/\/gpl-love.com\/es\/wp-json\/wp\/v2\/product\/110684","targetHints":{"allow":["GET"]}}],"collection":[{"href":"https:\/\/gpl-love.com\/es\/wp-json\/wp\/v2\/product"}],"about":[{"href":"https:\/\/gpl-love.com\/es\/wp-json\/wp\/v2\/types\/product"}],"replies":[{"embeddable":true,"href":"https:\/\/gpl-love.com\/es\/wp-json\/wp\/v2\/comments?post=110684"}],"wp:featuredmedia":[{"embeddable":true,"href":"https:\/\/gpl-love.com\/es\/wp-json\/wp\/v2\/media\/167858"}],"wp:attachment":[{"href":"https:\/\/gpl-love.com\/es\/wp-json\/wp\/v2\/media?parent=110684"}],"wp:term":[{"taxonomy":"product_brand","embeddable":true,"href":"https:\/\/gpl-love.com\/es\/wp-json\/wp\/v2\/product_brand?post=110684"},{"taxonomy":"product_cat","embeddable":true,"href":"https:\/\/gpl-love.com\/es\/wp-json\/wp\/v2\/product_cat?post=110684"},{"taxonomy":"product_tag","embeddable":true,"href":"https:\/\/gpl-love.com\/es\/wp-json\/wp\/v2\/product_tag?post=110684"}],"curies":[{"name":"wp","href":"https:\/\/api.w.org\/{rel}","templated":true}]}}