{"id":110680,"date":"2026-03-18T00:00:00","date_gmt":"2026-03-18T05:00:00","guid":{"rendered":"http:\/\/gpl-love.com\/es\/producto\/advanced-custom-fields-multilingual\/"},"modified":"2026-04-06T17:15:10","modified_gmt":"2026-04-06T22:15:10","slug":"advanced-custom-fields-multilingual","status":"publish","type":"product","link":"https:\/\/gpl-love.com\/es\/producto\/advanced-custom-fields-multilingual\/","title":{"rendered":"WPML Advanced Custom Fields Multilingual 2.2.3"},"content":{"rendered":"<h3>WPML Advanced Custom Fields Multilingual Caracteristicas<\/h3>\n<p>El WPML Advanced Custom Fields multiling\u00fce es una herramienta extremadamente robusta y formidable, que ofrece a los usuarios la capacidad de generar campos personalizados para su sitio web de WordPress, posteriormente capaz de traducirse a una variedad de idiomas diversos. Este complemento particular, con sus caracter\u00edsticas y funcionalidades excepcionales, hace que la tarea de administrar campos personalizados para un sitio web multiling\u00fce no sea notablemente f\u00e1cil para los propietarios de sitios web, lo que facilita en gran medida el acceso de sus usuarios a la informaci\u00f3n en su lenguaje preferido. Adem\u00e1s, el complemento multiling\u00fce de campos personalizados avanzados WPML extiende su versatilidad para abarcar la traducci\u00f3n de intrincados campos personalizados, incluidos repetidores, contenido flexible y campos de galer\u00eda. En consecuencia, este complemento sirve como una soluci\u00f3n ideal para las personas que buscan elaborar un sitio web multiling\u00fce verdaderamente integral, completo con campos personalizados que son sencillos para supervisar y traducibles sin esfuerzo.<\/p>\n<ul>\n<li>Traducir sin problemas los campos personalizados creados con el popular complemento de WordPress, campos personalizados avanzados<\/li>\n<li>Ampl\u00ede las capacidades de traducci\u00f3n de su sitio web m\u00e1s all\u00e1 de las publicaciones y p\u00e1ginas<\/li>\n<li>Disfrute de una interfaz de usuario intuitiva que facilita la administraci\u00f3n de campos personalizados multiling\u00fces<\/li>\n<li>Elija qu\u00e9 campos personalizados traducir y cu\u00e1les dejar no traducir para la m\u00e1xima flexibilidad<\/li>\n<li>Mejorar la experiencia del usuario para su audiencia global proporcionando contenido relevante y consistente en su idioma<\/li>\n<li>Ahorre tiempo y recursos utilizando un solo complemento para administrar traducciones de campos est\u00e1ndar y personalizados<\/li>\n<li>Disfrute de una compatibilidad mejorada con otros complementos y extensiones WPML, asegurando un flujo de trabajo de traducci\u00f3n suave<\/li>\n<li>Obtenga acceso a un soporte confiable y conocedor de los equipos WPML y de campos personalizados avanzados.<\/li>\n<\/ul>\n","protected":false},"excerpt":{"rendered":"<p>El complemento multiling\u00fce de campos personalizados avanzados WPML es una herramienta robusta de WordPress para traducciones multiling\u00fces. Es una soluci\u00f3n altamente efectiva que permite a los usuarios traducir campos personalizados avanzados en varios idiomas con facilidad y precisi\u00f3n. Este complemento de WordPress para campos personalizados multiling\u00fces se integra a la perfecci\u00f3n con el sistema de gesti\u00f3n de traducci\u00f3n WPML, mejorando sus capacidades para la gesti\u00f3n eficiente de las traducciones multiling\u00fces.<\/p>\n<p>Con WPML Avanzed Custom Fields multiling\u00fce, puede traducir campos personalizados y tipos de publicaciones sin esfuerzo, as\u00ed como traducir con precisi\u00f3n widgets personalizados. Este poderoso complemento le permite mantener el control sobre el contenido multiling\u00fce del sitio web, asegurando la presentaci\u00f3n correcta en varios idiomas.<\/p>\n<p>Diga adi\u00f3s a los desaf\u00edos de administrar sitios web multiling\u00fces. Con este complemento, puede crear contenido multiling\u00fce sin esfuerzo con WPML, ofreciendo una mayor facilidad de gesti\u00f3n de sitios web multiling\u00fces. El complemento multiling\u00fce de los campos personalizados avanzados WPML le brinda la capacidad excepcional para administrar y controlar sus traducciones multiling\u00fces con facilidad y eficiencia.<\/p>\n","protected":false},"featured_media":165298,"comment_status":"open","ping_status":"open","template":"","meta":[],"product_brand":[2353],"product_cat":[1220,1206,1211],"product_tag":[1451],"class_list":{"0":"post-110680","1":"product","2":"type-product","3":"status-publish","4":"has-post-thumbnail","6":"product_brand-wpml","7":"product_cat-multi-lenguaje","8":"product_cat-plugins","9":"product_cat-wordpress-plugins","10":"product_tag-wpml","11":"member-discount","12":"discount-restricted","14":"first","15":"instock","16":"sale","17":"downloadable","18":"virtual","19":"sold-individually","20":"purchasable","21":"product-type-simple"},"_links":{"self":[{"href":"https:\/\/gpl-love.com\/es\/wp-json\/wp\/v2\/product\/110680","targetHints":{"allow":["GET"]}}],"collection":[{"href":"https:\/\/gpl-love.com\/es\/wp-json\/wp\/v2\/product"}],"about":[{"href":"https:\/\/gpl-love.com\/es\/wp-json\/wp\/v2\/types\/product"}],"replies":[{"embeddable":true,"href":"https:\/\/gpl-love.com\/es\/wp-json\/wp\/v2\/comments?post=110680"}],"wp:featuredmedia":[{"embeddable":true,"href":"https:\/\/gpl-love.com\/es\/wp-json\/wp\/v2\/media\/165298"}],"wp:attachment":[{"href":"https:\/\/gpl-love.com\/es\/wp-json\/wp\/v2\/media?parent=110680"}],"wp:term":[{"taxonomy":"product_brand","embeddable":true,"href":"https:\/\/gpl-love.com\/es\/wp-json\/wp\/v2\/product_brand?post=110680"},{"taxonomy":"product_cat","embeddable":true,"href":"https:\/\/gpl-love.com\/es\/wp-json\/wp\/v2\/product_cat?post=110680"},{"taxonomy":"product_tag","embeddable":true,"href":"https:\/\/gpl-love.com\/es\/wp-json\/wp\/v2\/product_tag?post=110680"}],"curies":[{"name":"wp","href":"https:\/\/api.w.org\/{rel}","templated":true}]}}