{"id":110678,"date":"2025-08-12T00:00:00","date_gmt":"2025-08-12T05:00:00","guid":{"rendered":"http:\/\/gpl-love.com\/es\/producto\/master-slider-touch-layer-slider-wordpress-plugin\/"},"modified":"2026-03-09T07:48:55","modified_gmt":"2026-03-09T12:48:55","slug":"master-slider-touch-layer-slider-wordpress-plugin","status":"publish","type":"product","link":"https:\/\/gpl-love.com\/es\/producto\/master-slider-touch-layer-slider-wordpress-plugin\/","title":{"rendered":"Master Slider Touch Layer Slider WordPress Plugin 8.2.0"},"content":{"rendered":"<h3>Master Slider Touch Layer Slider WordPress Plugin Caracteristicas<\/h3>\n<p>El complemento de WordPress de la capa Touch de Master Slider es una herramienta incre\u00edblemente potente que ha sido dise\u00f1ada espec\u00edficamente para mejorar el atractivo visual de su sitio web. Su interfaz f\u00e1cil de usar hace que sea extremadamente f\u00e1cil de usar, lo que le permite crear deslizadores sin esfuerzo que no solo son visualmente impresionantes, sino que tambi\u00e9n incluyan capas con t\u00e1ctil que agregan una capa adicional de interactividad a su contenido. Esto asegura que su sitio web pueda proporcionar una experiencia de usuario din\u00e1mica y atractiva.<\/p>\n<p>Una de las caracter\u00edsticas destacadas de este complemento es la amplia gama de efectos de transici\u00f3n que est\u00e1n disponibles para usted. Estos efectos pueden personalizarse completamente, lo que le permite crear controles deslizantes que coincidan perfectamente con el estilo y la marca de su sitio web. Adem\u00e1s, el complemento ofrece una variedad de plantillas de control deslizante que puede elegir, lo que hace que sea a\u00fan m\u00e1s f\u00e1cil crear un control deslizante que se adapte a sus necesidades espec\u00edficas.<\/p>\n<p>Otro aspecto importante de este complemento es su capacidad de respuesta completa. Esto significa que sus controles deslizantes se ver\u00e1n geniales y funcionar\u00e1n sin problemas en cualquier dispositivo, ya sea una computadora de escritorio, una tableta o un tel\u00e9fono m\u00f3vil. Esto es absolutamente crucial en el panorama digital actual, donde cada vez m\u00e1s personas acceden a sitios web desde sus dispositivos m\u00f3viles.<\/p>\n<p>El complemento de WordPress de Master Slider Touch Slider es una herramienta invaluable para cualquier propietario del sitio web que desee mostrar sus productos, resaltar sus servicios o simplemente agregar algunos elementos est\u00e9ticamente agradables a su sitio web. Sus potentes caracter\u00edsticas e interfaz f\u00e1cil de usar lo hacen imprescindible para cualquiera que quiera crear una experiencia de usuario atractiva.<\/p>\n<ul>\n<li>Complemento de control deslizante de capa t\u00e1ctil altamente personalizable para sitios web de WordPress<\/li>\n<li>Interfaz intuitiva de arrastrar y soltar para una f\u00e1cil creaci\u00f3n y personalizaci\u00f3n de Slider<\/li>\n<li>Compatible con todos los principales navegadores y dispositivos m\u00f3viles para una visualizaci\u00f3n perfecta en cualquier plataforma<\/li>\n<li>Incluye una biblioteca de plantillas de control deslizante predise\u00f1adas y animaciones para una personalizaci\u00f3n r\u00e1pida y f\u00e1cil<\/li>\n<li>Admite im\u00e1genes y videos de alta resoluci\u00f3n para un impacto visual impresionante en su sitio web<\/li>\n<li>Incluye caracter\u00edsticas avanzadas como efectos de paralaje, fondos de video y transiciones din\u00e1micas de diapositivas<\/li>\n<li>El dise\u00f1o amigable con SEO ayuda a mejorar la visibilidad de su sitio web en la clasificaci\u00f3n de motores de b\u00fasqueda<\/li>\n<li>Las actualizaciones y el apoyo regulares de la comunidad de desarrolladores aseguran una mejora y mantenimiento continuos del complemento.<\/li>\n<\/ul>\n","protected":false},"excerpt":{"rendered":"<p>El complemento de WordPress de Slider Touch Slider de Master Slider ofrece una soluci\u00f3n que abarca todo para la creaci\u00f3n de controles deslizantes visualmente impresionantes y atractivos en su sitio web. Su interfaz altamente intuitiva, junto con su robusta variedad de caracter\u00edsticas, permite la creaci\u00f3n sin esfuerzo de controles deslizantes receptivos que contienen m\u00faltiples capas, animaciones y efectos. Adem\u00e1s, este complemento proporciona la capacidad de incorporar gestos t\u00e1ctiles y caracter\u00edsticas m\u00f3viles, optimizando as\u00ed los controles deslizantes para varios dispositivos. Independientemente de su nivel de especializaci\u00f3n, ya sea un profesional experimentado o un novato, el complemento de WordPress de la capa Touch de Master Slider es una herramienta invaluable que elevar\u00e1 el atractivo visual y la experiencia del usuario de su sitio web.<\/p>\n","protected":false},"featured_media":166703,"comment_status":"open","ping_status":"open","template":"","meta":[],"product_brand":[2339],"product_cat":[1214,1206,1211],"product_tag":[1256],"class_list":{"0":"post-110678","1":"product","2":"type-product","3":"status-publish","4":"has-post-thumbnail","6":"product_brand-codecanyon","7":"product_cat-personalizacion","8":"product_cat-plugins","9":"product_cat-wordpress-plugins","10":"product_tag-codecanyon","11":"member-discount","12":"discount-restricted","14":"first","15":"instock","16":"sale","17":"downloadable","18":"virtual","19":"sold-individually","20":"purchasable","21":"product-type-simple"},"_links":{"self":[{"href":"https:\/\/gpl-love.com\/es\/wp-json\/wp\/v2\/product\/110678","targetHints":{"allow":["GET"]}}],"collection":[{"href":"https:\/\/gpl-love.com\/es\/wp-json\/wp\/v2\/product"}],"about":[{"href":"https:\/\/gpl-love.com\/es\/wp-json\/wp\/v2\/types\/product"}],"replies":[{"embeddable":true,"href":"https:\/\/gpl-love.com\/es\/wp-json\/wp\/v2\/comments?post=110678"}],"wp:featuredmedia":[{"embeddable":true,"href":"https:\/\/gpl-love.com\/es\/wp-json\/wp\/v2\/media\/166703"}],"wp:attachment":[{"href":"https:\/\/gpl-love.com\/es\/wp-json\/wp\/v2\/media?parent=110678"}],"wp:term":[{"taxonomy":"product_brand","embeddable":true,"href":"https:\/\/gpl-love.com\/es\/wp-json\/wp\/v2\/product_brand?post=110678"},{"taxonomy":"product_cat","embeddable":true,"href":"https:\/\/gpl-love.com\/es\/wp-json\/wp\/v2\/product_cat?post=110678"},{"taxonomy":"product_tag","embeddable":true,"href":"https:\/\/gpl-love.com\/es\/wp-json\/wp\/v2\/product_tag?post=110678"}],"curies":[{"name":"wp","href":"https:\/\/api.w.org\/{rel}","templated":true}]}}