{"id":110676,"date":"2025-08-31T00:00:00","date_gmt":"2025-08-31T05:00:00","guid":{"rendered":"http:\/\/gpl-love.com\/es\/producto\/nex-forms-the-ultimate-wordpress-form-builder\/"},"modified":"2026-04-10T11:19:01","modified_gmt":"2026-04-10T16:19:01","slug":"nex-forms-the-ultimate-wordpress-form-builder","status":"publish","type":"product","link":"https:\/\/gpl-love.com\/es\/producto\/nex-forms-the-ultimate-wordpress-form-builder\/","title":{"rendered":"NEX Forms Ultimate WordPress Form Builder y Add-ons 9.2"},"content":{"rendered":"<h3>NEX Forms Ultimate WordPress Form Builder y Add-ons Caracteristicas<\/h3>\n<p>NEX Forms Ultimate WordPress Form Builder y Add-ons es una herramienta incre\u00edblemente robusta y altamente eficiente que se ha dise\u00f1ado espec\u00edficamente para optimizar todo el proceso de creaci\u00f3n y administraci\u00f3n de formularios en sitios web de WordPress. Esta notable herramienta faculta a los usuarios con la capacidad de crear formas personalizadas sin esfuerzo al aprovechar la funcionalidad intuitiva de arrastrar y soltar, al tiempo que se beneficia de una amplia gama de opciones de dise\u00f1o que realmente pueden elevar el atractivo visual de estas formas. Adem\u00e1s, las formularios NEX van m\u00e1s all\u00e1 de la incorporaci\u00f3n de una gran cantidad de caracter\u00edsticas avanzadas, incluida la l\u00f3gica condicional altamente codiciada, las formas de m\u00faltiples pasos y las cargas de archivos sin costuras, lo que representa la creaci\u00f3n de incluso las formas m\u00e1s intrincadas una brisa absoluta. Sin mencionar que la disponibilidad de varios complementos mejora a\u00fan m\u00e1s la funcionalidad general de las formularios NEX al integrar perfectamente estas formas con el marketing de correo electr\u00f3nico popular y ampliamente utilizado y las herramientas CRM. En general, est\u00e1 muy claro que NEX forma Ultimate WordPress Form Builder y complementos de cabeza y hombros por encima de la competencia, ofreciendo una soluci\u00f3n integral y notablemente f\u00e1cil de usar que se adapta perfectamente a la gesti\u00f3n de formularios de manera efectiva en cualquier sitio de WordPress.<\/p>\n<ul>\n<li>Cree formularios personalizados para su sitio web de WordPress r\u00e1pida y f\u00e1cilmente<\/li>\n<li>Elija entre una variedad de plantillas preconstruidas o construya las suyas desde cero<\/li>\n<li>Agregue campos personalizados, menores desplegables, casillas de verificaci\u00f3n y m\u00e1s a sus formularios<\/li>\n<li>Acepte los pagos a trav\u00e9s de sus formularios con pasarelas de pago integradas<\/li>\n<li>Integrarse con el popular marketing por correo electr\u00f3nico y las herramientas CRM como MailChimp y Salesforce<\/li>\n<li>Use la l\u00f3gica condicional para mostrar u ocultar campos en funci\u00f3n de las entradas del usuario<\/li>\n<li>Configurar formularios de varias p\u00e1ginas para encuestas o aplicaciones m\u00e1s largas<\/li>\n<li>Recibir notificaciones instant\u00e1neas cuando los usuarios env\u00edan un formulario<\/li>\n<li>Analizar y exportar datos de env\u00edo del formulario para un an\u00e1lisis posterior<\/li>\n<li>Obtenga acceso a una biblioteca de complementos para obtener a\u00fan m\u00e1s funcionalidad, incluidas encuestas, cuestionarios y formularios de registro de usuarios.<\/li>\n<\/ul>\n","protected":false},"excerpt":{"rendered":"<p>NEX Forms Ultimate WordPress Form Builder y complement es una herramienta incre\u00edblemente robusta y f\u00e1cil de usar que le permite crear formas visualmente sin esfuerzo y altamente profesionales para su sitio web. Esta notable soluci\u00f3n cuenta con una vasta biblioteca de plantillas meticulosamente elaboradas y un constructor de arrastrar y soltar a la perfecci\u00f3n, asegurando que el proceso de dise\u00f1o de formas cautivadoras sea muy f\u00e1cil. El nivel de personalizaci\u00f3n ofrecido por las formas NEX es realmente incomparable, ya que tiene la capacidad de personalizar cada faceta de sus formas, desde los campos hasta el dise\u00f1o, los estilos y las funcionalidades. Adem\u00e1s, los complementos disponibles con esta herramienta excepcional proporcionan una variedad de caracter\u00edsticas complementarias, como la inclusi\u00f3n de la l\u00f3gica condicional, la capacidad de facilitar las cargas de archivos e integraci\u00f3n perfecta con plataformas de pago. Al aprovechar las capacidades extraordinarias de las formas NEX, puede recopilar datos sin esfuerzo, generar clientes potenciales valiosos y optimizar la comunicaci\u00f3n con sus usuarios, todo sin requerir ninguna experiencia de codificaci\u00f3n o asistencia externa. Tome el comando completo del potencial de sus formularios y deleite con el control completo al adoptar las formas NEX Ultimate WordPress Form Builder y complementos.<\/p>\n","protected":false},"featured_media":166985,"comment_status":"open","ping_status":"open","template":"","meta":[],"product_brand":[2339],"product_cat":[1216,1206,1211],"product_tag":[1256],"class_list":{"0":"post-110676","1":"product","2":"type-product","3":"status-publish","4":"has-post-thumbnail","6":"product_brand-codecanyon","7":"product_cat-formas","8":"product_cat-plugins","9":"product_cat-wordpress-plugins","10":"product_tag-codecanyon","11":"member-discount","12":"discount-restricted","14":"first","15":"instock","16":"sale","17":"downloadable","18":"virtual","19":"sold-individually","20":"purchasable","21":"product-type-simple"},"_links":{"self":[{"href":"https:\/\/gpl-love.com\/es\/wp-json\/wp\/v2\/product\/110676","targetHints":{"allow":["GET"]}}],"collection":[{"href":"https:\/\/gpl-love.com\/es\/wp-json\/wp\/v2\/product"}],"about":[{"href":"https:\/\/gpl-love.com\/es\/wp-json\/wp\/v2\/types\/product"}],"replies":[{"embeddable":true,"href":"https:\/\/gpl-love.com\/es\/wp-json\/wp\/v2\/comments?post=110676"}],"wp:featuredmedia":[{"embeddable":true,"href":"https:\/\/gpl-love.com\/es\/wp-json\/wp\/v2\/media\/166985"}],"wp:attachment":[{"href":"https:\/\/gpl-love.com\/es\/wp-json\/wp\/v2\/media?parent=110676"}],"wp:term":[{"taxonomy":"product_brand","embeddable":true,"href":"https:\/\/gpl-love.com\/es\/wp-json\/wp\/v2\/product_brand?post=110676"},{"taxonomy":"product_cat","embeddable":true,"href":"https:\/\/gpl-love.com\/es\/wp-json\/wp\/v2\/product_cat?post=110676"},{"taxonomy":"product_tag","embeddable":true,"href":"https:\/\/gpl-love.com\/es\/wp-json\/wp\/v2\/product_tag?post=110676"}],"curies":[{"name":"wp","href":"https:\/\/api.w.org\/{rel}","templated":true}]}}