{"id":110672,"date":"2023-09-28T00:00:00","date_gmt":"2023-09-28T05:00:00","guid":{"rendered":"http:\/\/gpl-love.com\/es\/producto\/school-management-system-for-wordpress\/"},"modified":"2026-04-10T11:23:49","modified_gmt":"2026-04-10T16:23:49","slug":"school-management-system-for-wordpress","status":"publish","type":"product","link":"https:\/\/gpl-love.com\/es\/producto\/school-management-system-for-wordpress\/","title":{"rendered":"School Management System para WordPress 89.0"},"content":{"rendered":"<h3>School Management System para WordPress Caracteristicas<\/h3>\n<p>El sistema de gesti\u00f3n escolar para WordPress es una soluci\u00f3n integral e integral que satisface las necesidades de las escuelas e instituciones educativas para administrar eficientemente sus actividades cotidianas. Esta plataforma f\u00e1cil de usar ofrece una gran cantidad de caracter\u00edsticas, que abarca la admisi\u00f3n de los estudiantes, la gesti\u00f3n de asistencia, la programaci\u00f3n de horario, la gesti\u00f3n de ex\u00e1menes y una multitud de otros. El objetivo principal de este sistema es simplificar y optimizar las tareas administrativas, al tiempo que proporciona datos en tiempo real y actualizado relacionados con el rendimiento de la escuela. Al emplear este sistema de vanguardia, las escuelas pueden acelerar sus operaciones y optimizar los niveles de productividad. Adem\u00e1s, la facilidad de instalaci\u00f3n y la naturaleza personalizable de este sistema le permiten adaptarse perfectamente a los requisitos espec\u00edficos de las escuelas individuales. Por lo tanto, es la mejor soluci\u00f3n para las instituciones educativas que buscan automatizar sus procesos y elevar la eficiencia general.<\/p>\n<ul>\n<li>Soluci\u00f3n de gesti\u00f3n completa para instituciones educativas.<\/li>\n<li>Desarrollado espec\u00edficamente para WordPress.<\/li>\n<li>F\u00e1cil instalaci\u00f3n y configuraci\u00f3n.<\/li>\n<li>Interfaz intuitiva y f\u00e1cil de usar.<\/li>\n<li>Personalizable para satisfacer necesidades espec\u00edficas de cada escuela.<\/li>\n<li>Las caracter\u00edsticas incluyen el seguimiento de la asistencia, el libro de grado, la gesti\u00f3n del plan de estudios y m\u00e1s.<\/li>\n<li>Seguro y confiable con actualizaciones y soporte regulares.<\/li>\n<li>Rechuega la administraci\u00f3n escolar y reduce la carga de trabajo.<\/li>\n<li>Admite m\u00faltiples idiomas para uso global.<\/li>\n<li>Opciones de precios asequibles para todos los presupuestos.<\/li>\n<li>1 Integra con complementos y temas populares de WordPress.<\/li>\n<li>Opci\u00f3n basada en 1Cloud disponible para acceso remoto.<\/li>\n<li>1 Mobile responde para la gesti\u00f3n sobre la marcha.<\/li>\n<li>El tiempo pasa el tiempo y mejora la comunicaci\u00f3n entre administradores, maestros y padres.<\/li>\n<li>1 mejora el \u00e9xito de los estudiantes con ideas e informes basados \u200b\u200ben datos.<\/li>\n<\/ul>\n","protected":false},"excerpt":{"rendered":"<p>El sistema de gesti\u00f3n escolar para WordPress es una soluci\u00f3n que lo abarca todo que ha sido complejo para satisfacer las necesidades \u00fanicas e individualizadas de las escuelas e instituciones educativas. Este sistema proporciona un enfoque sin problemas y sin problemas para administrar una amplia gama de funciones esenciales, incluidas, entre otros, la gesti\u00f3n de datos de los estudiantes, la programaci\u00f3n de clases, el seguimiento de la asistencia, los procedimientos de clasificaci\u00f3n y evaluaci\u00f3n, y una gran cantidad de otras caracter\u00edsticas invaluables. Adem\u00e1s, cuenta con una variedad de herramientas f\u00e1ciles de usar que fomentan la comunicaci\u00f3n y la colaboraci\u00f3n efectivas, como los tableros de mensajes y los sistemas de mensajer\u00eda, asegurando as\u00ed que los maestros, los padres y los administradores puedan mantener sin esfuerzo una conexi\u00f3n constante e inquebrantable. Adem\u00e1s, este sistema altamente adaptable es totalmente personalizable, lo que le permite adaptarlo precisamente a los requisitos y demandas espec\u00edficas de su instituci\u00f3n educativa, facilitando as\u00ed un flujo de trabajo simplificado y eficiente que es pr\u00e1ctico y propicio para maximizar la productividad. En \u00faltima instancia, la implementaci\u00f3n del sistema de gesti\u00f3n escolar para WordPress trasciende los procesos administrativos tradicionales, facilitando una experiencia de aprendizaje integral y mejorada para todas las partes interesadas involucradas.<\/p>\n","protected":false},"featured_media":167406,"comment_status":"open","ping_status":"open","template":"","meta":[],"product_brand":[2339],"product_cat":[1325,1206,1211],"product_tag":[1256],"class_list":{"0":"post-110672","1":"product","2":"type-product","3":"status-publish","4":"has-post-thumbnail","6":"product_brand-codecanyon","7":"product_cat-afiliacion","8":"product_cat-plugins","9":"product_cat-wordpress-plugins","10":"product_tag-codecanyon","11":"member-discount","12":"discount-restricted","14":"first","15":"instock","16":"sale","17":"downloadable","18":"virtual","19":"sold-individually","20":"purchasable","21":"product-type-simple"},"_links":{"self":[{"href":"https:\/\/gpl-love.com\/es\/wp-json\/wp\/v2\/product\/110672","targetHints":{"allow":["GET"]}}],"collection":[{"href":"https:\/\/gpl-love.com\/es\/wp-json\/wp\/v2\/product"}],"about":[{"href":"https:\/\/gpl-love.com\/es\/wp-json\/wp\/v2\/types\/product"}],"replies":[{"embeddable":true,"href":"https:\/\/gpl-love.com\/es\/wp-json\/wp\/v2\/comments?post=110672"}],"wp:featuredmedia":[{"embeddable":true,"href":"https:\/\/gpl-love.com\/es\/wp-json\/wp\/v2\/media\/167406"}],"wp:attachment":[{"href":"https:\/\/gpl-love.com\/es\/wp-json\/wp\/v2\/media?parent=110672"}],"wp:term":[{"taxonomy":"product_brand","embeddable":true,"href":"https:\/\/gpl-love.com\/es\/wp-json\/wp\/v2\/product_brand?post=110672"},{"taxonomy":"product_cat","embeddable":true,"href":"https:\/\/gpl-love.com\/es\/wp-json\/wp\/v2\/product_cat?post=110672"},{"taxonomy":"product_tag","embeddable":true,"href":"https:\/\/gpl-love.com\/es\/wp-json\/wp\/v2\/product_tag?post=110672"}],"curies":[{"name":"wp","href":"https:\/\/api.w.org\/{rel}","templated":true}]}}