{"id":110670,"date":"2024-06-27T00:00:00","date_gmt":"2024-06-27T05:00:00","guid":{"rendered":"http:\/\/gpl-love.com\/es\/producto\/classiads-classified-ads-wordpress-theme\/"},"modified":"2026-03-13T17:17:45","modified_gmt":"2026-03-13T22:17:45","slug":"classiads-classified-ads-wordpress-theme","status":"publish","type":"product","link":"https:\/\/gpl-love.com\/es\/producto\/classiads-classified-ads-wordpress-theme\/","title":{"rendered":"Classiads Classified Ads WordPress Theme 6.1.5"},"content":{"rendered":"<h3>Classiads Classified Ads WordPress Theme Caracteristicas<\/h3>\n<p>El tema de los anuncios clasificados de Classiads es un tema extremadamente personalizable y f\u00e1cil de usar que se ha dise\u00f1ado espec\u00edficamente para crear y administrar sitios web de anuncios clasificados. Abarca un amplio espectro de caracter\u00edsticas y funcionalidades avanzadas que lo convierten en una opci\u00f3n ideal tanto para individuos como para las empresas que buscan establecer una plataforma de anuncios clasificados profesionales y escalables. Gracias a su tablero f\u00e1cil de usar, los usuarios pueden crear, editar y administrar sin esfuerzo anuncios clasificados, as\u00ed como categor\u00edas de listado con la m\u00e1xima facilidad. Adem\u00e1s, el tema est\u00e1 equipado con un s\u00f3lido sistema de b\u00fasqueda y filtro que facilita a los usuarios a localizar r\u00e1pidamente su contenido deseado. Adem\u00e1s, admite una variedad diversa de pasarelas de pago, lo que permite a las empresas monetizar de manera efectiva sus sitios web de anuncios clasificados. Al considerar todos sus atributos, se hace evidente que el tema de WordPress de WordPress clasificados con clasesiads es una soluci\u00f3n que lo abarca todo y confiable para aquellos que buscan construir y administrar plataformas de anuncios clasificados.<\/p>\n<ul>\n<li>Un tema de WordPress potente y flexible dise\u00f1ado para sitios web de anuncios clasificados<\/li>\n<li>Viene con una interfaz de arrastrar y soltar f\u00e1cilmente para usar una f\u00e1cil personalizaci\u00f3n<\/li>\n<li>Ofrece m\u00faltiples dise\u00f1os de p\u00e1gina de inicio previamente construidos y plantillas de p\u00e1gina para una configuraci\u00f3n r\u00e1pida<\/li>\n<li>Incluye una amplia gama de opciones de personalizaci\u00f3n para fuentes, colores, fondos y m\u00e1s<\/li>\n<li>Construido con un dise\u00f1o receptivo, asegurando que su sitio se vea muy bien en cualquier dispositivo<\/li>\n<li>Se integra con complementos populares como WooCommerce, Yoast SEO y el Formulario de contacto 7<\/li>\n<li>Proporciona funciones avanzadas de b\u00fasqueda y filtrado para ayudar a los usuarios a encontrar los anuncios que necesitan r\u00e1pidamente<\/li>\n<li>Admite m\u00faltiples formatos de anuncios, que incluyen im\u00e1genes, videos y mapas<\/li>\n<li>Incluye opciones de monetizaci\u00f3n incorporadas, como pancartas de anuncios y actualizaciones de listado de pago<\/li>\n<li>Ofrece una excelente atenci\u00f3n al cliente y actualizaciones regulares para garantizar la m\u00e1xima funcionalidad y compatibilidad.<\/li>\n<\/ul>\n","protected":false},"excerpt":{"rendered":"<p>Descubra el tema de WordPress de los anuncios clasificados de Classiads, una soluci\u00f3n perfecta para su negocio clasificado en l\u00ednea. Este tema rico en funciones es totalmente receptivo, asegurando que su sitio web se vea impresionante en todos los dispositivos. Con Classiads, puede personalizar el aspecto de su sitio con opciones de color ilimitadas y tipograf\u00eda avanzada. El tema viene con un poderoso constructor de p\u00e1ginas que le permite crear dise\u00f1os complejos con facilidad, y su dise\u00f1o amigable con SEO asegura una mayor visibilidad en los motores de b\u00fasqueda. Classiads tambi\u00e9n ofrece una integraci\u00f3n segura de PayPal, haciendo transacciones sin problemas para usted y sus clientes. Con su configuraci\u00f3n r\u00e1pida y su soporte dedicado, la administraci\u00f3n de su sitio web de anuncios clasificados nunca ha sido m\u00e1s f\u00e1cil. Experimente la diferencia con el tema de WordPress de WordPress clasificados con clasesiads.<\/p>\n","protected":false},"featured_media":165627,"comment_status":"open","ping_status":"open","template":"","meta":[],"product_brand":[2337],"product_cat":[1267,1237,1238],"product_tag":[1391],"class_list":{"0":"post-110670","1":"product","2":"type-product","3":"status-publish","4":"has-post-thumbnail","6":"product_brand-themeforest","7":"product_cat-creativo","8":"product_cat-temas","9":"product_cat-wordpress-temas","10":"product_tag-themeforest","11":"member-discount","12":"discount-restricted","14":"first","15":"instock","16":"sale","17":"downloadable","18":"virtual","19":"sold-individually","20":"purchasable","21":"product-type-simple"},"_links":{"self":[{"href":"https:\/\/gpl-love.com\/es\/wp-json\/wp\/v2\/product\/110670","targetHints":{"allow":["GET"]}}],"collection":[{"href":"https:\/\/gpl-love.com\/es\/wp-json\/wp\/v2\/product"}],"about":[{"href":"https:\/\/gpl-love.com\/es\/wp-json\/wp\/v2\/types\/product"}],"replies":[{"embeddable":true,"href":"https:\/\/gpl-love.com\/es\/wp-json\/wp\/v2\/comments?post=110670"}],"wp:featuredmedia":[{"embeddable":true,"href":"https:\/\/gpl-love.com\/es\/wp-json\/wp\/v2\/media\/165627"}],"wp:attachment":[{"href":"https:\/\/gpl-love.com\/es\/wp-json\/wp\/v2\/media?parent=110670"}],"wp:term":[{"taxonomy":"product_brand","embeddable":true,"href":"https:\/\/gpl-love.com\/es\/wp-json\/wp\/v2\/product_brand?post=110670"},{"taxonomy":"product_cat","embeddable":true,"href":"https:\/\/gpl-love.com\/es\/wp-json\/wp\/v2\/product_cat?post=110670"},{"taxonomy":"product_tag","embeddable":true,"href":"https:\/\/gpl-love.com\/es\/wp-json\/wp\/v2\/product_tag?post=110670"}],"curies":[{"name":"wp","href":"https:\/\/api.w.org\/{rel}","templated":true}]}}