{"id":110668,"date":"2022-06-11T00:00:00","date_gmt":"2022-06-11T05:00:00","guid":{"rendered":"http:\/\/gpl-love.com\/es\/producto\/gillion-multi-concept-blogmagazine-shop-wordpress-amp-theme\/"},"modified":"2026-03-13T17:21:15","modified_gmt":"2026-03-13T22:21:15","slug":"gillion-multi-concept-blogmagazine-shop-wordpress-amp-theme","status":"publish","type":"product","link":"https:\/\/gpl-love.com\/es\/producto\/gillion-multi-concept-blogmagazine-shop-wordpress-amp-theme\/","title":{"rendered":"Gillion Multi-Concept Blog Magazine y Shop WordPress AMP Theme 4.3.1"},"content":{"rendered":"<h3>Gillion Multi-Concept Blog Magazine y Shop WordPress AMP Theme Caracteristicas<\/h3>\n<p>El Gillion Multi-Concept Blog Magazine and Shop WordPress Amp Temme es una plantilla incre\u00edblemente vers\u00e1til y rica en funciones que sirve como una herramienta excepcional para la creaci\u00f3n de sitios web cautivadores. Su propio nombre indica su idoneidad para los bloggers y editores que anhelan exhibir su contenido de una manera realmente atractiva visualmente. Una variedad de demostraciones preconstruidas est\u00e1 a su disposici\u00f3n, cada una espec\u00edficamente adaptada para atender a una amplia gama de nichos, incluidos, entre otros, la moda, la comida, el estilo de vida y los viajes. Adem\u00e1s, una caracter\u00edstica invaluable de la tienda se integra perfectamente dentro del tema, lo que permite a los usuarios la capacidad de vender sin esfuerzo sus productos directamente desde su propio sitio web. Asegurando una experiencia perfecta para los usuarios m\u00f3viles, el tema est\u00e1 meticulosamente optimizado para la velocidad y es totalmente compatible con AMP. Adem\u00e1s, la personalizaci\u00f3n inigualable de Gillion no conoce l\u00edmites, ya que abarca una extensa variedad de opciones de dise\u00f1o, fuentes y esquemas de color, lo que brinda a los usuarios la oportunidad de elaborar meticulosamente un sitio web que es una extensi\u00f3n perfecta de la identidad misma de su marca.<\/p>\n<ul>\n<li>El tema de Gillion es un tema de WordPress de m\u00faltiples concepto perfecto para crear un blog, revistas y sitios web de tiendas<\/li>\n<li>Dise\u00f1ado para ser receptivo y amigable para los dispositivos m\u00f3viles, ofreciendo una experiencia de navegaci\u00f3n suave en todos los dispositivos<\/li>\n<li>Proporciona m\u00faltiples opciones de personalizaci\u00f3n, incluidos widgets personalizados, esquemas de color ilimitados y dise\u00f1os de p\u00e1ginas flexibles<\/li>\n<li>Viene con 7 dise\u00f1os de demostraci\u00f3n prefabricados para ayudar a que su sitio web se ejecute r\u00e1pidamente<\/li>\n<li>Soporte incorporado para la optimizaci\u00f3n de motores de b\u00fasqueda (SEO) para ayudar a mejorar la visibilidad org\u00e1nica de su sitio web<\/li>\n<li>Incluye una variedad de complementos premium, que incluye Visual Composer, Slider Revolution y Contact Form 7<\/li>\n<li>Integrado con el personalizador de WordPress, lo que le permite realizar r\u00e1pidamente cambios en el dise\u00f1o y la funcionalidad de su sitio web<\/li>\n<li>Construido con c\u00f3digo limpio y optimizado para garantizar que su sitio web se cargue de manera r\u00e1pida y eficiente<\/li>\n<li>Soporte de AMP disponible para p\u00e1ginas de carga r\u00e1pida y experiencia m\u00f3vil mejorada<\/li>\n<li>Ofrece una excelente atenci\u00f3n al cliente y una extensa biblioteca de documentaci\u00f3n para ayudarlo a aprovechar al m\u00e1ximo el tema.<\/li>\n<\/ul>\n","protected":false},"excerpt":{"rendered":"<p>El Gillion Multi-Concept Blog Magazine y Shop WordPress Amp Temme es un paquete integral y vers\u00e1til que satisface las necesidades de los bloggers y los propietarios de tiendas en l\u00ednea. Abarca una variedad de elementos de dise\u00f1o impresionantes y funcionalidades perfectas, lo que permite a los usuarios establecer y mantener diversas plataformas, como blogs, revistas y tiendas en l\u00ednea. Al adoptar la tecnolog\u00eda AMP de vanguardia, este tema garantiza un tiempo de carga excepcionalmente r\u00e1pido, lo que permite a los usuarios optimizar su sitio web espec\u00edficamente para dispositivos m\u00f3viles. En particular, este tema ofrece una amplia gama de opciones de personalizaci\u00f3n, otorgando a los usuarios una autonom\u00eda completa sobre la apariencia visual y las capacidades operativas de su sitio web. Con sus caracter\u00edsticas robustas y su interfaz de usuario intuitiva, la revista Gillion Multi-Concept Blog y Shop WordPress Amp Temo es innegablemente como una opci\u00f3n ejemplar para bloggers y propietarios de tiendas en l\u00ednea que abarcan diversos dominios.<\/p>\n","protected":false},"featured_media":166224,"comment_status":"open","ping_status":"open","template":"","meta":[],"product_brand":[2337],"product_cat":[1245,1237,1238],"product_tag":[1391],"class_list":{"0":"post-110668","1":"product","2":"type-product","3":"status-publish","4":"has-post-thumbnail","6":"product_brand-themeforest","7":"product_cat-blog-revista","8":"product_cat-temas","9":"product_cat-wordpress-temas","10":"product_tag-themeforest","11":"member-discount","12":"discount-restricted","14":"first","15":"instock","16":"sale","17":"downloadable","18":"virtual","19":"sold-individually","20":"purchasable","21":"product-type-simple"},"_links":{"self":[{"href":"https:\/\/gpl-love.com\/es\/wp-json\/wp\/v2\/product\/110668","targetHints":{"allow":["GET"]}}],"collection":[{"href":"https:\/\/gpl-love.com\/es\/wp-json\/wp\/v2\/product"}],"about":[{"href":"https:\/\/gpl-love.com\/es\/wp-json\/wp\/v2\/types\/product"}],"replies":[{"embeddable":true,"href":"https:\/\/gpl-love.com\/es\/wp-json\/wp\/v2\/comments?post=110668"}],"wp:featuredmedia":[{"embeddable":true,"href":"https:\/\/gpl-love.com\/es\/wp-json\/wp\/v2\/media\/166224"}],"wp:attachment":[{"href":"https:\/\/gpl-love.com\/es\/wp-json\/wp\/v2\/media?parent=110668"}],"wp:term":[{"taxonomy":"product_brand","embeddable":true,"href":"https:\/\/gpl-love.com\/es\/wp-json\/wp\/v2\/product_brand?post=110668"},{"taxonomy":"product_cat","embeddable":true,"href":"https:\/\/gpl-love.com\/es\/wp-json\/wp\/v2\/product_cat?post=110668"},{"taxonomy":"product_tag","embeddable":true,"href":"https:\/\/gpl-love.com\/es\/wp-json\/wp\/v2\/product_tag?post=110668"}],"curies":[{"name":"wp","href":"https:\/\/api.w.org\/{rel}","templated":true}]}}