{"id":110666,"date":"2022-02-08T00:00:00","date_gmt":"2022-02-08T05:00:00","guid":{"rendered":"http:\/\/gpl-love.com\/es\/producto\/deep-premium-wordpress-theme\/"},"modified":"2026-03-13T17:19:04","modified_gmt":"2026-03-13T22:19:04","slug":"deep-premium-wordpress-theme","status":"publish","type":"product","link":"https:\/\/gpl-love.com\/es\/producto\/deep-premium-wordpress-theme\/","title":{"rendered":"Deep Premium WordPress Theme 5.1.7"},"content":{"rendered":"<h3>Deep Premium WordPress Theme Caracteristicas<\/h3>\n<p>El tema de WordPress premium profundo abarca una herramienta de dise\u00f1o sofisticada y vers\u00e1til que presenta una gran cantidad de caracter\u00edsticas para la creaci\u00f3n y personalizaci\u00f3n de un sitio web impresionante. Con una interfaz intuitiva y f\u00e1cil de usar, este tema le otorga la capacidad sin esfuerzo para ordenar cada faceta de la apariencia y la funcionalidad de su sitio. Desde su integraci\u00f3n perfecta con complementos de WordPress ampliamente utilizados hasta su amplia gama de plantillas y dise\u00f1os predise\u00f1ados, Deep Sirve como un recurso integral que lo equipa con todas las herramientas necesarias para construir un sitio web profesional que realmente se distingue de la competencia. Con sus robustas capacidades de personalizaci\u00f3n, soporte para m\u00faltiples idiomas y dise\u00f1o adaptable, Deep surge como la soluci\u00f3n por excelencia para empresas, blogueros e individuos que se esfuerzan por dejar una marca indeleble en el \u00e1mbito digital.<\/p>\n<ul>\n<li>Dise\u00f1o elegante y moderno, perfecto para sitios web o blogs profesionales<\/li>\n<li>Totalmente personalizable con opciones de temas avanzadas y esquemas de color<\/li>\n<li>Dise\u00f1o receptivo para una visualizaci\u00f3n \u00f3ptima en cualquier dispositivo<\/li>\n<li>M\u00faltiples opciones de dise\u00f1o de la p\u00e1gina de inicio, que incluyen estilos de ancho completo o en caja<\/li>\n<li>Soporte incorporado para complementos populares como WooCommerce, Contact Form 7 y Yoast SEO<\/li>\n<li>Proceso de instalaci\u00f3n f\u00e1cil con opci\u00f3n de importaci\u00f3n de demostraci\u00f3n con un solo clic<\/li>\n<li>Actualizaciones regulares y soporte dedicado de los desarrolladores de temas<\/li>\n<li>Lista de traducci\u00f3n para audiencias globales<\/li>\n<li>Admite varios formatos de publicaci\u00f3n, incluidos videos y audio<\/li>\n<li>Estructura amigable con SEO para aumentar la visibilidad y la clasificaci\u00f3n de su sitio web en los motores de b\u00fasqueda.<\/li>\n<\/ul>\n","protected":false},"excerpt":{"rendered":"<p>Experimente lo mejor del dise\u00f1o web con nuestro tema de WordPress premium profundo. Este tema de primer nivel es totalmente personalizable, lo que le permite crear un sitio web hermoso y \u00fanico con facilidad. Es receptivo, asegurarse de que su sitio se vea perfecto en cualquier dispositivo, ya sea un escritorio, una computadora port\u00e1til, tableta o tel\u00e9fono m\u00f3vil. El tema de WordPress premium profundo es amigable con SEO, ayudando a su sitio a clasificarse m\u00e1s en los motores de b\u00fasqueda, y tambi\u00e9n est\u00e1 listo para la traducci\u00f3n, lo que permite que su contenido llegue a una audiencia global. Con su interfaz f\u00e1cil de usar, puede navegar sin problemas a trav\u00e9s del proceso de dise\u00f1o. Adem\u00e1s, viene con atenci\u00f3n al cliente de alta calidad para guiarlo en cada paso del camino. Pruebe el tema de WordPress premium profundo y eleve su presencia en l\u00ednea.<\/p>\n","protected":false},"featured_media":165754,"comment_status":"open","ping_status":"open","template":"","meta":[],"product_brand":[2408],"product_cat":[1239,1237,1238],"product_tag":[1419],"class_list":{"0":"post-110666","1":"product","2":"type-product","3":"status-publish","4":"has-post-thumbnail","6":"product_brand-webnus","7":"product_cat-de-multiples-fines","8":"product_cat-temas","9":"product_cat-wordpress-temas","10":"product_tag-webnus","11":"member-discount","12":"discount-restricted","14":"first","15":"instock","16":"sale","17":"downloadable","18":"virtual","19":"sold-individually","20":"purchasable","21":"product-type-simple"},"_links":{"self":[{"href":"https:\/\/gpl-love.com\/es\/wp-json\/wp\/v2\/product\/110666","targetHints":{"allow":["GET"]}}],"collection":[{"href":"https:\/\/gpl-love.com\/es\/wp-json\/wp\/v2\/product"}],"about":[{"href":"https:\/\/gpl-love.com\/es\/wp-json\/wp\/v2\/types\/product"}],"replies":[{"embeddable":true,"href":"https:\/\/gpl-love.com\/es\/wp-json\/wp\/v2\/comments?post=110666"}],"wp:featuredmedia":[{"embeddable":true,"href":"https:\/\/gpl-love.com\/es\/wp-json\/wp\/v2\/media\/165754"}],"wp:attachment":[{"href":"https:\/\/gpl-love.com\/es\/wp-json\/wp\/v2\/media?parent=110666"}],"wp:term":[{"taxonomy":"product_brand","embeddable":true,"href":"https:\/\/gpl-love.com\/es\/wp-json\/wp\/v2\/product_brand?post=110666"},{"taxonomy":"product_cat","embeddable":true,"href":"https:\/\/gpl-love.com\/es\/wp-json\/wp\/v2\/product_cat?post=110666"},{"taxonomy":"product_tag","embeddable":true,"href":"https:\/\/gpl-love.com\/es\/wp-json\/wp\/v2\/product_tag?post=110666"}],"curies":[{"name":"wp","href":"https:\/\/api.w.org\/{rel}","templated":true}]}}