{"id":110664,"date":"2023-11-06T00:00:00","date_gmt":"2023-11-06T05:00:00","guid":{"rendered":"http:\/\/gpl-love.com\/es\/producto\/reviewx-pro-rating-and-reviews-for-woocommerce\/"},"modified":"2026-04-10T11:23:26","modified_gmt":"2026-04-10T16:23:26","slug":"reviewx-pro-rating-and-reviews-for-woocommerce","status":"publish","type":"product","link":"https:\/\/gpl-love.com\/es\/producto\/reviewx-pro-rating-and-reviews-for-woocommerce\/","title":{"rendered":"ReviewX Pro Rating y Reviews para WooCommerce 1.4.7"},"content":{"rendered":"<h3>ReviewX Pro Rating y Reviews para WooCommerce Caracteristicas<\/h3>\n<p>ReviewX Pro, un s\u00f3lido complemento de WooCommerce, empodera a las empresas al proporcionarles la capacidad de exhibir calificaciones y revisiones de los usuarios en sus p\u00e1ginas web. Al utilizar ReviewX Pro, las compa\u00f1\u00edas de comercio electr\u00f3nico pueden aprovechar efectivamente la fuerza influyente de la prueba social para estimular las ventas y expandir su base de clientes. Este complemento ha sido dise\u00f1ado meticulosamente para garantizar una experiencia f\u00e1cil de usar e intuitiva, facilitando as\u00ed la gesti\u00f3n perfecta y la presentaci\u00f3n de valiosos comentarios de los clientes para las empresas de cualquier escala. Adem\u00e1s de su interfaz f\u00e1cil de usar, ReviewX Pro ofrece una gran cantidad de opciones de personalizaci\u00f3n que brindan a las empresas la oportunidad de alinear la est\u00e9tica visual de sus revisiones con su identidad de marca \u00fanica. Adem\u00e1s, este complemento excepcional otorga a las empresas acceso a an\u00e1lisis e ideas integrales, lo que les permite monitorear diligentemente el rendimiento de sus revisiones y tomar decisiones basadas en datos. En resumen, ReviewX Pro es una herramienta indispensable que no debe estar sin tienda WooCommerce, ya que posee la capacidad de mejorar las conversiones y elevar la satisfacci\u00f3n del cliente a alturas sin precedentes.<\/p>\n<ul>\n<li>Aumente sus ventas y credibilidad con ReviewX Pro Calificaci\u00f3n y revisiones para WooCommerce<\/li>\n<li>Recopilar y mostrar rese\u00f1as de clientes en su tienda WooCommerce<\/li>\n<li>Personalice el dise\u00f1o y el dise\u00f1o de los widgets de revisi\u00f3n para que coincidan con su marca<\/li>\n<li>Importar revisiones de otras plataformas, como Amazon o AliExpress<\/li>\n<li>Filtro y revisiones moderadas para garantizar la autenticidad y la relevancia<\/li>\n<li>Ofrecer recompensas o descuentos para alentar a los clientes a dejar rese\u00f1as<\/li>\n<li>Obtenga informaci\u00f3n valiosa sobre los comentarios y preferencias de los clientes.<\/li>\n<li>Aumente su clasificaci\u00f3n SEO con contenido generado por el usuario y fragmentos ricos<\/li>\n<li>Disfrute de una integraci\u00f3n perfecta con WooCommerce y otros complementos populares<\/li>\n<li>Beneficiarse de un soporte dedicado y actualizaciones peri\u00f3dicas para mantenerse al d\u00eda con las \u00faltimas tendencias y caracter\u00edsticas en las revisiones de los clientes.<\/li>\n<\/ul>\n","protected":false},"excerpt":{"rendered":"<p>Al utilizar ReviewX Pro, un complemento avanzado dise\u00f1ado espec\u00edficamente para las tiendas WooCommerce, tendr\u00e1 la capacidad perfecta de incorporar sin esfuerzo calificaciones y revisiones detalladas en su plataforma. Esta notable herramienta faculta a los clientes para expresar sus opiniones y evaluaciones con respecto a sus productos, estableciendo as\u00ed una s\u00f3lida base de confianza al tiempo que refuerza las ventas. Adem\u00e1s, la naturaleza flexible de este complemento permite la personalizaci\u00f3n personalizada del proceso de revisi\u00f3n, asegurando que se alinee perfectamente con sus requisitos \u00fanicos. Adem\u00e1s, supervisando y monitoreando diligentemente las revisiones, puede garantizar un estricto control de calidad. \u00a1Eleve su tienda WooCommerce a nuevas alturas de \u00e9xito adoptando el potencial transformador de ReviewX Pro!<\/p>\n","protected":false},"featured_media":167369,"comment_status":"open","ping_status":"open","template":"","meta":[],"product_brand":[2549],"product_cat":[1207,1248,1206],"product_tag":[1653],"class_list":{"0":"post-110664","1":"product","2":"type-product","3":"status-publish","4":"has-post-thumbnail","6":"product_brand-reviewx","7":"product_cat-comercio-electronico-plugins","8":"product_cat-personalizacion-comercio-electronico-plugins","9":"product_cat-plugins","10":"product_tag-reviewx","11":"member-discount","12":"discount-restricted","14":"first","15":"instock","16":"sale","17":"downloadable","18":"virtual","19":"sold-individually","20":"purchasable","21":"product-type-simple"},"_links":{"self":[{"href":"https:\/\/gpl-love.com\/es\/wp-json\/wp\/v2\/product\/110664","targetHints":{"allow":["GET"]}}],"collection":[{"href":"https:\/\/gpl-love.com\/es\/wp-json\/wp\/v2\/product"}],"about":[{"href":"https:\/\/gpl-love.com\/es\/wp-json\/wp\/v2\/types\/product"}],"replies":[{"embeddable":true,"href":"https:\/\/gpl-love.com\/es\/wp-json\/wp\/v2\/comments?post=110664"}],"wp:featuredmedia":[{"embeddable":true,"href":"https:\/\/gpl-love.com\/es\/wp-json\/wp\/v2\/media\/167369"}],"wp:attachment":[{"href":"https:\/\/gpl-love.com\/es\/wp-json\/wp\/v2\/media?parent=110664"}],"wp:term":[{"taxonomy":"product_brand","embeddable":true,"href":"https:\/\/gpl-love.com\/es\/wp-json\/wp\/v2\/product_brand?post=110664"},{"taxonomy":"product_cat","embeddable":true,"href":"https:\/\/gpl-love.com\/es\/wp-json\/wp\/v2\/product_cat?post=110664"},{"taxonomy":"product_tag","embeddable":true,"href":"https:\/\/gpl-love.com\/es\/wp-json\/wp\/v2\/product_tag?post=110664"}],"curies":[{"name":"wp","href":"https:\/\/api.w.org\/{rel}","templated":true}]}}