{"id":110662,"date":"2025-01-07T00:00:00","date_gmt":"2025-01-07T05:00:00","guid":{"rendered":"http:\/\/gpl-love.com\/es\/producto\/toolkit-for-elementor-addons-for-elementor\/"},"modified":"2026-04-10T11:28:52","modified_gmt":"2026-04-10T16:28:52","slug":"toolkit-for-elementor-addons-for-elementor","status":"publish","type":"product","link":"https:\/\/gpl-love.com\/es\/producto\/toolkit-for-elementor-addons-for-elementor\/","title":{"rendered":"Toolkit para Elementor Add-ons para Elementor 1.6.0"},"content":{"rendered":"<h3>Toolkit para Elementor Add-ons para Elementor Caracteristicas<\/h3>\n<p>El kit de herramientas para Elementor sirve como un suplemento indispensable para las personas que utilizan Elementor. Este conjunto de herramientas integral abarca una amplia gama de componentes suplementarios invaluables que reforzar\u00e1n decididamente la eficacia de su complemento Elementer. En virtud de este kit de herramientas, estar\u00e1 facultado para fabricar widgets a medida, imbuir sus dise\u00f1os con animaciones cautivadoras y aprovechar innumerables otras funcionalidades ventajosas. Las inclusiones dentro de este conjunto de herramientas se han creado cuidadosamente para economizar su tiempo y optimizar su flujo de trabajo de dise\u00f1o, lo que hace que el kit de herramientas para el elemento sea una inversi\u00f3n excepcional y juiciosa para las personas de todos los niveles de competencia, ya sean ne\u00f3fitos o usuarios experimentados de elementor. Con testigos de las capacidades transformadoras de este juego de herramientas, los esfuerzos de dise\u00f1o de su sitio web seguramente ascender\u00e1n a alturas sin precedentes.<\/p>\n<ul>\n<li>Proporciona una amplia gama de complementos \u00fanicos y elegantes para Elementor<\/li>\n<li>Permite a los usuarios dise\u00f1ar dise\u00f1os complejos con facilidad<\/li>\n<li>Ofrece flexibilidad y facilidad de uso con la funci\u00f3n de arrastrar y soltar<\/li>\n<li>Compatible con El Elementor Page Builder<\/li>\n<li>Ayuda a los usuarios a ahorrar tiempo en el dise\u00f1o y el desarrollo web.<\/li>\n<li>Actualizado regularmente con nuevas caracter\u00edsticas y funcionalidades<\/li>\n<li>Viene con plantillas predise\u00f1adas para ayudar a los usuarios a comenzar r\u00e1pidamente<\/li>\n<li>Ofrece dise\u00f1os receptivos y amigables con los dispositivos m\u00f3viles<\/li>\n<li>Proporciona opciones para personalizar complementos seg\u00fan los requisitos individuales<\/li>\n<li>Ofrece soporte r\u00e1pido y confiable para los usuarios.<\/li>\n<\/ul>\n","protected":false},"excerpt":{"rendered":"<p>El kit de herramientas de entrada para Elementor es una compilaci\u00f3n excepcional de caracter\u00edsticas adicionales potentes para el Elementor Page Builder, que lo ayudar\u00e1 sin esfuerzo a fabricar sitios web visualmente cautivadores. Dentro de este conjunto de herramientas integral, se abarca una mir\u00edada de widgets y m\u00f3dulos, que incluye un formulario de contacto excepcionalmente avanzado, un carrusel de imagen exquisito, una tabla de precios atractiva y muchos otros componentes que sirven para mejorar la funcionalidad de su sitio web. Simplemente integrando los complementos de entrada en su p\u00e1gina y personaliz\u00e1ndolos meticulosamente para alinearse con sus preferencias, ser\u00e1 testigo de su sitio web que tome forma progresivamente. Con la ayuda de la entrada, se le proporcionar\u00e1 todas las herramientas esenciales necesarias para crear sitios web distintivos y profesionalmente pulidos que se distinguen sin esfuerzo dentro de la vasta extensi\u00f3n del \u00e1mbito en l\u00ednea.<\/p>\n","protected":false},"featured_media":167833,"comment_status":"open","ping_status":"open","template":"","meta":[],"product_brand":[2580],"product_cat":[1212,1206,1211],"product_tag":[1651],"class_list":{"0":"post-110662","1":"product","2":"type-product","3":"status-publish","4":"has-post-thumbnail","6":"product_brand-toolkit-for-elementor","7":"product_cat-administracion-wordpress-plugins","8":"product_cat-plugins","9":"product_cat-wordpress-plugins","10":"product_tag-toolkit-for-elementor","11":"member-discount","12":"discount-restricted","14":"first","15":"instock","16":"sale","17":"downloadable","18":"virtual","19":"sold-individually","20":"purchasable","21":"product-type-simple"},"_links":{"self":[{"href":"https:\/\/gpl-love.com\/es\/wp-json\/wp\/v2\/product\/110662","targetHints":{"allow":["GET"]}}],"collection":[{"href":"https:\/\/gpl-love.com\/es\/wp-json\/wp\/v2\/product"}],"about":[{"href":"https:\/\/gpl-love.com\/es\/wp-json\/wp\/v2\/types\/product"}],"replies":[{"embeddable":true,"href":"https:\/\/gpl-love.com\/es\/wp-json\/wp\/v2\/comments?post=110662"}],"wp:featuredmedia":[{"embeddable":true,"href":"https:\/\/gpl-love.com\/es\/wp-json\/wp\/v2\/media\/167833"}],"wp:attachment":[{"href":"https:\/\/gpl-love.com\/es\/wp-json\/wp\/v2\/media?parent=110662"}],"wp:term":[{"taxonomy":"product_brand","embeddable":true,"href":"https:\/\/gpl-love.com\/es\/wp-json\/wp\/v2\/product_brand?post=110662"},{"taxonomy":"product_cat","embeddable":true,"href":"https:\/\/gpl-love.com\/es\/wp-json\/wp\/v2\/product_cat?post=110662"},{"taxonomy":"product_tag","embeddable":true,"href":"https:\/\/gpl-love.com\/es\/wp-json\/wp\/v2\/product_tag?post=110662"}],"curies":[{"name":"wp","href":"https:\/\/api.w.org\/{rel}","templated":true}]}}