{"id":110660,"date":"2021-09-06T00:00:00","date_gmt":"2021-09-06T05:00:00","guid":{"rendered":"http:\/\/gpl-love.com\/es\/producto\/onelife-medical-health-wordpress-theme\/"},"modified":"2026-04-10T11:20:20","modified_gmt":"2026-04-10T16:20:20","slug":"onelife-medical-health-wordpress-theme","status":"publish","type":"product","link":"https:\/\/gpl-love.com\/es\/producto\/onelife-medical-health-wordpress-theme\/","title":{"rendered":"OneLife Medical, Health WordPress Theme 3.5"},"content":{"rendered":"<h3>OneLife Medical, Health WordPress Theme Caracteristicas<\/h3>\n<p>OneLife Medical es un tema de WordPress altamente especializado que ha sido meticulosamente elaborado para atender espec\u00edficamente a la industria de la salud. Cuenta con una impresionante variedad de caracter\u00edsticas de vanguardia que se han incorporado estrat\u00e9gicamente para empoderar a los profesionales e instituciones de la salud, lo que les permite mostrar de manera efectiva su amplia gama de servicios, experiencia e instalaciones de vanguardia. Este tema extraordinario es totalmente receptivo y exhibe una compatibilidad perfecta con todos los principales navegadores, dispositivos y plataformas, asegurando una experiencia de usuario incomparable tanto para pacientes como para visitantes. Adem\u00e1s, este tema excepcional ofrece una gran cantidad de plantillas de p\u00e1gina meticulosamente dise\u00f1adas que se pueden personalizar sin esfuerzo para armonizar con su imagen de marca \u00fanica y sus preferencias estil\u00edsticas. Con un \u00e9nfasis inquebrantable en la experiencia del usuario, OneLife Medical garantiza una accesibilidad perfecta para toda la informaci\u00f3n esencial, facilitando la navegaci\u00f3n r\u00e1pida y sin esfuerzo para todas las personas que buscan detalles m\u00e9dicos pertinentes. Independientemente de si busca establecer una presencia en l\u00ednea para su estimada cl\u00ednica, hospital o pr\u00e1ctica privada, Onelife Medical emerge, sin duda, como una elecci\u00f3n excepcional, gui\u00e1ndolo sin esfuerzo hacia la creaci\u00f3n de una plataforma digital exquisitamente profesional y cautivadora.<\/p>\n<ul>\n<li>Dise\u00f1o limpio y moderno perfecto para sitios web m\u00e9dicos y relacionados con la salud<\/li>\n<li>Totalmente personalizable con una gama de opciones para colores, fuentes y dise\u00f1o<\/li>\n<li>Dise\u00f1o receptivo optimizado para dispositivos m\u00f3viles<\/li>\n<li>Integraci\u00f3n con complementos populares como el formulario de contacto 7 y WooCommerce<\/li>\n<li>Caracter\u00edsticas incorporadas para la reserva y programaci\u00f3n de citas<\/li>\n<li>Constructor de p\u00e1gina f\u00e1cil de usar para crear dise\u00f1os \u00fanicos<\/li>\n<li>C\u00f3digo optimizado de SEO para una mejor clasificaci\u00f3n de motores de b\u00fasqueda<\/li>\n<li>Importar de demostraci\u00f3n de un solo clic para una configuraci\u00f3n y personalizaci\u00f3n r\u00e1pida<\/li>\n<li>M\u00faltiples opciones de encabezado y pie de p\u00e1gina para elegir<\/li>\n<li>Actualizaciones regulares y soporte dedicado de los desarrolladores de temas<\/li>\n<\/ul>\n","protected":false},"excerpt":{"rendered":"<p>El tema de WordPress Medical and Health Onelife surge como una soluci\u00f3n altamente extensa y que lo abarca todo para atender los requisitos espec\u00edficos de las empresas y profesionales de la salud. Repleto de una variedad de funcionalidades avanzadas, como la capacidad de reservar citas, administrar de manera efectiva a los pacientes y realizar consultas en l\u00ednea, este tema surge como un cambio de juego en el \u00e1mbito del dise\u00f1o de sitios web centrado en la salud. No solo cuenta con una interfaz f\u00e1cil de usar, sino que tambi\u00e9n ofrece un notable nivel de opciones de personalizaci\u00f3n, lo que permite a los usuarios adaptar sus sitios web de acuerdo con sus preferencias \u00fanicas. Adem\u00e1s, el tema exhibe una est\u00e9tica elegante y contempor\u00e1nea, mejorando a\u00fan m\u00e1s su atractivo. Adem\u00e1s, cuenta con un dise\u00f1o receptivo, asegurando as\u00ed una experiencia de visualizaci\u00f3n perfecta y visualmente \u00f3ptima en una amplia gama de dispositivos. Al aprovechar el poder de OneLife, est\u00e1 facultado para elaborar sin esfuerzo un sitio web profesional y cautivador que sin duda facilita el establecimiento de conexiones significativas con los pacientes, impulsando as\u00ed la expansi\u00f3n y florecer de su estimada empresa.<\/p>\n","protected":false},"featured_media":167101,"comment_status":"open","ping_status":"open","template":"","meta":[],"product_brand":[2337],"product_cat":[1307,1237,1238],"product_tag":[1391],"class_list":{"0":"post-110660","1":"product","2":"type-product","3":"status-publish","4":"has-post-thumbnail","6":"product_brand-themeforest","7":"product_cat-negocio-wordpress-temas","8":"product_cat-temas","9":"product_cat-wordpress-temas","10":"product_tag-themeforest","11":"member-discount","12":"discount-restricted","14":"first","15":"instock","16":"sale","17":"downloadable","18":"virtual","19":"sold-individually","20":"purchasable","21":"product-type-simple"},"_links":{"self":[{"href":"https:\/\/gpl-love.com\/es\/wp-json\/wp\/v2\/product\/110660","targetHints":{"allow":["GET"]}}],"collection":[{"href":"https:\/\/gpl-love.com\/es\/wp-json\/wp\/v2\/product"}],"about":[{"href":"https:\/\/gpl-love.com\/es\/wp-json\/wp\/v2\/types\/product"}],"replies":[{"embeddable":true,"href":"https:\/\/gpl-love.com\/es\/wp-json\/wp\/v2\/comments?post=110660"}],"wp:featuredmedia":[{"embeddable":true,"href":"https:\/\/gpl-love.com\/es\/wp-json\/wp\/v2\/media\/167101"}],"wp:attachment":[{"href":"https:\/\/gpl-love.com\/es\/wp-json\/wp\/v2\/media?parent=110660"}],"wp:term":[{"taxonomy":"product_brand","embeddable":true,"href":"https:\/\/gpl-love.com\/es\/wp-json\/wp\/v2\/product_brand?post=110660"},{"taxonomy":"product_cat","embeddable":true,"href":"https:\/\/gpl-love.com\/es\/wp-json\/wp\/v2\/product_cat?post=110660"},{"taxonomy":"product_tag","embeddable":true,"href":"https:\/\/gpl-love.com\/es\/wp-json\/wp\/v2\/product_tag?post=110660"}],"curies":[{"name":"wp","href":"https:\/\/api.w.org\/{rel}","templated":true}]}}