{"id":110656,"date":"2025-11-10T00:00:00","date_gmt":"2025-11-10T05:00:00","guid":{"rendered":"http:\/\/gpl-love.com\/es\/producto\/rey-fashion-and-clothing-and-furniture-wordpress-theme\/"},"modified":"2026-03-13T17:28:24","modified_gmt":"2026-03-13T22:28:24","slug":"rey-fashion-and-clothing-and-furniture-wordpress-theme","status":"publish","type":"product","link":"https:\/\/gpl-love.com\/es\/producto\/rey-fashion-and-clothing-and-furniture-wordpress-theme\/","title":{"rendered":"Rey Fashion y Clothing y Furniture WordPress Theme 3.1.10"},"content":{"rendered":"<h3>Rey Fashion y Clothing y Furniture WordPress Theme Caracteristicas<\/h3>\n<p>Rey Fashion, ropa y muebles de WordPress, es un tema incre\u00edblemente vers\u00e1til y est\u00e9ticamente agradable que atiende perfectamente a las marcas de moda y ropa, as\u00ed como a los negocios de muebles. Su dise\u00f1o elegante y contempor\u00e1neo, junto con su capacidad de respuesta completa y amplias capacidades de personalizaci\u00f3n, le permite personalizar su sitio web de acuerdo con sus requisitos precisos. Adem\u00e1s, este tema cuenta con una facilidad de uso excepcional, con una interfaz directa e intuitiva que facilita la navegaci\u00f3n perfecta y el uso sin esfuerzo. Ya sea que aspira a mostrar su \u00faltima l\u00ednea de moda o promocione sus exquisitos productos de muebles, la moda y la ropa y los muebles del tema de WordPress surgen como la mejor opci\u00f3n para establecer una presencia sofisticada y cautivadora en l\u00ednea.<\/p>\n<ul>\n<li>Dise\u00f1o receptivo que se ve muy bien en cualquier dispositivo<\/li>\n<li>M\u00faltiples dise\u00f1os de p\u00e1gina de inicio para elegir<\/li>\n<li>Opciones personalizables para esquemas de color y fuentes<\/li>\n<li>Integraci\u00f3n incorporada de WooCommerce para la funcionalidad de comercio electr\u00f3nico<\/li>\n<li>Constructor de p\u00e1ginas de arrastre y suelto f\u00e1cil de usar para una f\u00e1cil personalizaci\u00f3n<\/li>\n<li>Plantillas de p\u00e1gina prefabricadas para nosotros, contacto y m\u00e1s<\/li>\n<li>Revolution Slider Plugin incluido para deslizadores y pancartas impresionantes<\/li>\n<li>Opciones de galer\u00eda de im\u00e1genes y videos para exhibir productos y cartera<\/li>\n<li>Formulario de contacto e integraci\u00f3n de Google Maps para una f\u00e1cil comunicaci\u00f3n del cliente<\/li>\n<li>Listo para la traducci\u00f3n y compatible con el complemento WPML<\/li>\n<\/ul>\n","protected":false},"excerpt":{"rendered":"<p>Rey Fashion, ropa y muebles de WordPress, es un tema incre\u00edblemente vers\u00e1til y exquisito que atiende espec\u00edficamente a las empresas involucradas en los reinos de la moda, la ropa y los muebles. Su enfoque principal radica en proporcionar una experiencia de usuario inigualable y, como tal, otorga a los usuarios una amplia gama de opciones de personalizaci\u00f3n, asegurando que la creaci\u00f3n de un sitio web que se alinee perfectamente con su visi\u00f3n se convierta en una tarea sin esfuerzo. Adem\u00e1s, este tema cuenta con un dise\u00f1o receptivo que se adapta perfectamente a todos los tama\u00f1os y resoluciones de pantalla, lo que lo convierte en una opci\u00f3n ideal para las empresas que aspiran a atraer a un p\u00fablico m\u00e1s amplio. Adem\u00e1s, el tema ofrece una multitud de p\u00e1ginas de inicio, dise\u00f1os de tiendas y \u00e1reas widgetizadas, todas las cuales funcionan armoniosamente para facilitar la exhibici\u00f3n eficiente de sus productos y servicios. Eleve su presencia en l\u00ednea y respire una nueva vida en su negocio con las capacidades incomparables de la moda de Rey y el tema de WordPress de ropa y muebles.<\/p>\n","protected":false},"featured_media":167374,"comment_status":"open","ping_status":"open","template":"","meta":[],"product_brand":[2337],"product_cat":[1307,1237,1238],"product_tag":[1391],"class_list":{"0":"post-110656","1":"product","2":"type-product","3":"status-publish","4":"has-post-thumbnail","6":"product_brand-themeforest","7":"product_cat-negocio-wordpress-temas","8":"product_cat-temas","9":"product_cat-wordpress-temas","10":"product_tag-themeforest","11":"member-discount","12":"discount-restricted","14":"first","15":"instock","16":"sale","17":"downloadable","18":"virtual","19":"sold-individually","20":"purchasable","21":"product-type-simple"},"_links":{"self":[{"href":"https:\/\/gpl-love.com\/es\/wp-json\/wp\/v2\/product\/110656","targetHints":{"allow":["GET"]}}],"collection":[{"href":"https:\/\/gpl-love.com\/es\/wp-json\/wp\/v2\/product"}],"about":[{"href":"https:\/\/gpl-love.com\/es\/wp-json\/wp\/v2\/types\/product"}],"replies":[{"embeddable":true,"href":"https:\/\/gpl-love.com\/es\/wp-json\/wp\/v2\/comments?post=110656"}],"wp:featuredmedia":[{"embeddable":true,"href":"https:\/\/gpl-love.com\/es\/wp-json\/wp\/v2\/media\/167374"}],"wp:attachment":[{"href":"https:\/\/gpl-love.com\/es\/wp-json\/wp\/v2\/media?parent=110656"}],"wp:term":[{"taxonomy":"product_brand","embeddable":true,"href":"https:\/\/gpl-love.com\/es\/wp-json\/wp\/v2\/product_brand?post=110656"},{"taxonomy":"product_cat","embeddable":true,"href":"https:\/\/gpl-love.com\/es\/wp-json\/wp\/v2\/product_cat?post=110656"},{"taxonomy":"product_tag","embeddable":true,"href":"https:\/\/gpl-love.com\/es\/wp-json\/wp\/v2\/product_tag?post=110656"}],"curies":[{"name":"wp","href":"https:\/\/api.w.org\/{rel}","templated":true}]}}