{"id":110642,"date":"2026-02-24T00:00:00","date_gmt":"2026-02-24T05:00:00","guid":{"rendered":"http:\/\/gpl-love.com\/es\/producto\/woocommerce-upload-files\/"},"modified":"2026-03-09T08:26:12","modified_gmt":"2026-03-09T13:26:12","slug":"woocommerce-upload-files","status":"publish","type":"product","link":"https:\/\/gpl-love.com\/es\/producto\/woocommerce-upload-files\/","title":{"rendered":"WooCommerce Upload Files 88.2"},"content":{"rendered":"<h3>WooCommerce Upload Files Caracteristicas<\/h3>\n<p>El complemento de archivos de carga de WooCommerce ofrece una variedad de poderosas funcionalidades que permiten a los clientes cargar archivos sin esfuerzo directamente a su tienda WooCommerce. Sus capacidades integrales permiten la integraci\u00f3n perfecta de varios formatos de archivo, incluidas im\u00e1genes, videos, documentos y m\u00e1s, todo desde la comodidad de la p\u00e1gina del producto. Al facilitar este proceso de carga de archivos sin problemas, los clientes pueden compartir f\u00e1cilmente sus dise\u00f1os innovadores, ideas perspicaces o cualquier otro archivo pertinente con la mayor facilidad y eficiencia. Adem\u00e1s, este complemento proporciona la flexibilidad para establecer restricciones de tama\u00f1o de archivo, as\u00ed como para seleccionar los tipos aceptables de archivos que los clientes pueden cargar. Adem\u00e1s, el campo de carga de archivos se puede personalizar f\u00e1cilmente para satisfacer sus necesidades espec\u00edficas. En t\u00e9rminos de implementaci\u00f3n, este complemento cuenta con un proceso de instalaci\u00f3n directo y una interfaz de configuraci\u00f3n f\u00e1cil de usar, asegurando una experiencia sin problemas tanto para el propietario de la tienda como para los clientes. Con la compatibilidad impecable que exhibe con WooCommerce, el complemento de archivos de carga de WooCommerce sirve como una herramienta por excelencia para ofrecer una experiencia de cliente incomparable, al tiempo que aplasta y optimiza simult\u00e1neamente sus procedimientos de administraci\u00f3n de archivos.<\/p>\n<ul>\n<li>Permite a los clientes cargar archivos al realizar un pedido en WooCommerce<\/li>\n<li>Admite una amplia gama de formatos de archivo, que incluyen im\u00e1genes, PDF y archivos de audio<\/li>\n<li>Otorga a los comerciantes la capacidad de configurar los l\u00edmites de carga y los requisitos de archivo, como el tama\u00f1o m\u00ednimo o el tipo de archivo<\/li>\n<li>Los comerciantes pueden acceder y descargar f\u00e1cilmente los archivos desde la p\u00e1gina de pedidos de WooCommerce<\/li>\n<li>Los clientes reciben correos electr\u00f3nicos de confirmaci\u00f3n con enlaces a sus archivos cargados para una referencia f\u00e1cil<\/li>\n<li>Interfaz intuitiva y f\u00e1cil de usar tanto para clientes como para comerciantes<\/li>\n<li>Compatible con una variedad de pasarelas de pago y m\u00e9todos de env\u00edo en WooCommerce<\/li>\n<li>Ofrece flexibilidad en t\u00e9rminos de d\u00f3nde se pueden almacenar archivos cargados, incluso en el servidor o a trav\u00e9s de proveedores de almacenamiento en la nube populares<\/li>\n<li>Ayuda a optimizar el proceso de cumplimiento del pedido eliminando la necesidad de plataformas separadas para compartir archivos<\/li>\n<\/ul>\n","protected":false},"excerpt":{"rendered":"<p>El complemento de archivos de carga de WooCommerce, que sirve como una herramienta muy potente, permite a los clientes cargar convenientemente archivos junto con sus pedidos en su tienda en l\u00ednea. Este complemento cuenta con la capacidad de establecer sin esfuerzo restricciones en t\u00e9rminos de tama\u00f1o y formato de archivo, y adem\u00e1s permite la imposici\u00f3n de la env\u00edo de archivos obligatorios de los clientes antes de la finalizaci\u00f3n del pedido. En efecto, este complemento facilita la gesti\u00f3n eficiente de archivos al tiempo que garantiza una experiencia de usuario suave y cohesiva, lo que lo convierte en una adici\u00f3n indispensablemente crucial a cualquier tienda de WooCommerce.<\/p>\n","protected":false},"featured_media":168295,"comment_status":"open","ping_status":"open","template":"","meta":[],"product_brand":[2339],"product_cat":[1207,1248,1206],"product_tag":[1256],"class_list":{"0":"post-110642","1":"product","2":"type-product","3":"status-publish","4":"has-post-thumbnail","6":"product_brand-codecanyon","7":"product_cat-comercio-electronico-plugins","8":"product_cat-personalizacion-comercio-electronico-plugins","9":"product_cat-plugins","10":"product_tag-codecanyon","11":"member-discount","12":"discount-restricted","14":"first","15":"instock","16":"sale","17":"downloadable","18":"virtual","19":"sold-individually","20":"purchasable","21":"product-type-simple"},"_links":{"self":[{"href":"https:\/\/gpl-love.com\/es\/wp-json\/wp\/v2\/product\/110642","targetHints":{"allow":["GET"]}}],"collection":[{"href":"https:\/\/gpl-love.com\/es\/wp-json\/wp\/v2\/product"}],"about":[{"href":"https:\/\/gpl-love.com\/es\/wp-json\/wp\/v2\/types\/product"}],"replies":[{"embeddable":true,"href":"https:\/\/gpl-love.com\/es\/wp-json\/wp\/v2\/comments?post=110642"}],"wp:featuredmedia":[{"embeddable":true,"href":"https:\/\/gpl-love.com\/es\/wp-json\/wp\/v2\/media\/168295"}],"wp:attachment":[{"href":"https:\/\/gpl-love.com\/es\/wp-json\/wp\/v2\/media?parent=110642"}],"wp:term":[{"taxonomy":"product_brand","embeddable":true,"href":"https:\/\/gpl-love.com\/es\/wp-json\/wp\/v2\/product_brand?post=110642"},{"taxonomy":"product_cat","embeddable":true,"href":"https:\/\/gpl-love.com\/es\/wp-json\/wp\/v2\/product_cat?post=110642"},{"taxonomy":"product_tag","embeddable":true,"href":"https:\/\/gpl-love.com\/es\/wp-json\/wp\/v2\/product_tag?post=110642"}],"curies":[{"name":"wp","href":"https:\/\/api.w.org\/{rel}","templated":true}]}}