{"id":110640,"date":"2026-04-24T00:00:00","date_gmt":"2026-04-24T05:00:00","guid":{"rendered":"http:\/\/gpl-love.com\/es\/producto\/woocommerce-product-vendors\/"},"modified":"2026-04-23T23:16:26","modified_gmt":"2026-04-24T04:16:26","slug":"woocommerce-product-vendors","status":"publish","type":"product","link":"https:\/\/gpl-love.com\/es\/producto\/woocommerce-product-vendors\/","title":{"rendered":"WooCommerce Product Vendors 2.5.1"},"content":{"rendered":"<h3>WooCommerce Product Vendors Caracteristicas<\/h3>\n<p>El complemento de proveedores de productos WooCommerce es una herramienta muy robusta y efectiva que otorga a los proveedores la capacidad de vender convenientemente su propia gama de productos dentro de un mercado de m\u00faltiples proveedores. Al utilizar este complemento, los usuarios pueden establecer sin esfuerzo un mercado pr\u00f3spero en el que numerosos proveedores pueden reclutar sin esfuerzo sus productos respectivos y supervisar efectivamente sus inventarios, pedidos y protocolos de env\u00edo. Este notable complemento tambi\u00e9n cuenta con un tablero de proveedores f\u00e1cil de usar, repleto de una gran cantidad de caracter\u00edsticas que incluyen gesti\u00f3n de productos, gesti\u00f3n de pedidos e informes integrales de ventas. Adem\u00e1s, el complemento de proveedores de productos de WooCommerce se integra perfectamente con las famosas pasarelas de pago, como PayPal y Stripe, asegurando as\u00ed un proceso de pago simplificado y sin problemas tanto para proveedores como para clientes. En general, el complemento de proveedores de productos de WooCommerce es una opci\u00f3n muy ventajosa y encomiable para las personas que desean crear un mercado rentable de m\u00faltiples proveedores a trav\u00e9s de la plataforma de WooCommerce.<\/p>\n<ul>\n<li>Permite que m\u00faltiples proveedores vendan sus productos en un solo sitio de WooCommerce<\/li>\n<li>Cada proveedor tiene su propio tablero para administrar sus productos, pedidos y pagos<\/li>\n<li>Los proveedores pueden administrar sus propias tarifas de env\u00edo, la configuraci\u00f3n de impuestos y las pol\u00edticas de la tienda<\/li>\n<li>Los administradores pueden establecer tarifas de comisi\u00f3n para cada proveedor y administrar pagos<\/li>\n<li>Los proveedores solo pueden ver y administrar sus propios productos y pedidos, asegurando la privacidad y la seguridad.<\/li>\n<li>Los clientes pueden navegar y comprar f\u00e1cilmente a m\u00faltiples proveedores en una sola transacci\u00f3n<\/li>\n<li>Sistema de mensajer\u00eda incorporado para proveedores y administradores para comunicarse sobre pedidos y productos<\/li>\n<li>Se integra a la perfecci\u00f3n con los temas y extensiones existentes de WooCommerce<\/li>\n<li>Proporciona informes detallados y an\u00e1lisis para que los proveedores y los administradores rastreen las ventas y el rendimiento.<\/li>\n<li>Actualizaciones continuas y soporte del equipo de WooCommerce.<\/li>\n<\/ul>\n","protected":false},"excerpt":{"rendered":"<p>Los proveedores de productos de WooCommerce, una herramienta muy potente que atiende las necesidades de las empresas en l\u00ednea, facilita la gesti\u00f3n perfecta y eficiente de los productos de los proveedores dentro de su tienda WooCommerce. Este software equipa a los proveedores con la capacidad de agregar, modificar y eliminar los productos, administrar de manera efectiva su inventario y ejercer control sobre sus propios puntos de precio y preferencias de env\u00edo. Adem\u00e1s, el complemento de proveedores de productos de WooCommerce presenta una interfaz que no solo es f\u00e1cil de usar sino tambi\u00e9n intuitiva, lo que permite a los proveedores supervisar sin esfuerzo sus esfuerzos de gesti\u00f3n de productos. Simult\u00e1neamente, ofrece a los propietarios de tiendas la capacidad de ejercer supervisi\u00f3n y autorizaci\u00f3n sobre las presentaciones de proveedores. Independientemente de si es un proveedor que busca optimizar los procesos de gesti\u00f3n de productos o el propietario de una tienda que aspira a diversificar sus ofertas, tenga la seguridad de que los proveedores de productos de WooCommerce es la soluci\u00f3n definitiva para satisfacer sus requisitos.<\/p>\n","protected":false},"featured_media":168236,"comment_status":"open","ping_status":"open","template":"","meta":[],"product_brand":[2344],"product_cat":[1207,1248,1206],"product_tag":[1423],"class_list":{"0":"post-110640","1":"product","2":"type-product","3":"status-publish","4":"has-post-thumbnail","6":"product_brand-woocommerce","7":"product_cat-comercio-electronico-plugins","8":"product_cat-personalizacion-comercio-electronico-plugins","9":"product_cat-plugins","10":"product_tag-woocommerce","11":"member-discount","12":"discount-restricted","14":"first","15":"instock","16":"sale","17":"downloadable","18":"virtual","19":"sold-individually","20":"purchasable","21":"product-type-simple"},"_links":{"self":[{"href":"https:\/\/gpl-love.com\/es\/wp-json\/wp\/v2\/product\/110640","targetHints":{"allow":["GET"]}}],"collection":[{"href":"https:\/\/gpl-love.com\/es\/wp-json\/wp\/v2\/product"}],"about":[{"href":"https:\/\/gpl-love.com\/es\/wp-json\/wp\/v2\/types\/product"}],"replies":[{"embeddable":true,"href":"https:\/\/gpl-love.com\/es\/wp-json\/wp\/v2\/comments?post=110640"}],"wp:featuredmedia":[{"embeddable":true,"href":"https:\/\/gpl-love.com\/es\/wp-json\/wp\/v2\/media\/168236"}],"wp:attachment":[{"href":"https:\/\/gpl-love.com\/es\/wp-json\/wp\/v2\/media?parent=110640"}],"wp:term":[{"taxonomy":"product_brand","embeddable":true,"href":"https:\/\/gpl-love.com\/es\/wp-json\/wp\/v2\/product_brand?post=110640"},{"taxonomy":"product_cat","embeddable":true,"href":"https:\/\/gpl-love.com\/es\/wp-json\/wp\/v2\/product_cat?post=110640"},{"taxonomy":"product_tag","embeddable":true,"href":"https:\/\/gpl-love.com\/es\/wp-json\/wp\/v2\/product_tag?post=110640"}],"curies":[{"name":"wp","href":"https:\/\/api.w.org\/{rel}","templated":true}]}}