{"id":110634,"date":"2026-04-29T00:00:00","date_gmt":"2026-04-29T05:00:00","guid":{"rendered":"http:\/\/gpl-love.com\/es\/producto\/themify-elegant-wordpress-theme\/"},"modified":"2026-04-29T05:16:00","modified_gmt":"2026-04-29T10:16:00","slug":"themify-elegant-wordpress-theme","status":"publish","type":"product","link":"https:\/\/gpl-love.com\/es\/producto\/themify-elegant-wordpress-theme\/","title":{"rendered":"Themify Elegant Theme 7.6.5"},"content":{"rendered":"<h3>Themify Elegant Theme Caracteristicas<\/h3>\n<p>El tema Themify Elegant constituye un tema de WordPress que encarna un dise\u00f1o elegante y contempor\u00e1neo destinado a otorgar a su sitio web un aire de sofisticaci\u00f3n y profesionalismo. Con una variedad de opciones de personalizaci\u00f3n f\u00e1cil de usar a su disposici\u00f3n, la adaptaci\u00f3n sin esfuerzo el tema para alinearse con sus preferencias y requisitos \u00fanicos se convierte en una brisa absoluta. Tenga la seguridad de que el tema es totalmente receptivo, priorizando la accesibilidad en todos los dispositivos, y cuenta con una optimizaci\u00f3n de SEO inherente, garantizando as\u00ed una clasificaci\u00f3n elevada dentro de los resultados de b\u00fasqueda. Ya sea que usted sea un blogger entusiasta, un freelancer competente o una peque\u00f1a empresa en ciernes, anhelando exhibir su trabajo excepcional de manera pr\u00edstina y refinada, el tema elegante demuestra ser el ep\u00edtome de la perfecci\u00f3n. Al aprovechar el poder de este tema notable, puede crear efectivamente un sitio web extraordinario que combine perfectamente la funcionalidad con el encanto est\u00e9tico, todo sin necesidad de ninguna experiencia de codificaci\u00f3n previa.<\/p>\n<ul>\n<li>Un tema premium de WordPress dise\u00f1ado para sitios web elegantes y modernos<\/li>\n<li>Cuenta con un constructor de p\u00e1ginas de arrastrar y soltar para una f\u00e1cil personalizaci\u00f3n<\/li>\n<li>Viene con m\u00e1s de 50 dise\u00f1os predise\u00f1ados para diferentes tipos de sitios web<\/li>\n<li>Ofrece varias opciones de personalizaci\u00f3n, que incluyen colores, fuentes y widgets<\/li>\n<li>Construido con c\u00f3digo limpio y optimizado para tiempos de carga r\u00e1pidas<\/li>\n<li>Dise\u00f1o totalmente receptivo y amigable para los dispositivos m\u00f3viles para una visualizaci\u00f3n perfecta en cualquier dispositivo<\/li>\n<li>Incluye herramientas de optimizaci\u00f3n de SEO para ayudar a mejorar la visibilidad y las clasificaciones del sitio web<\/li>\n<li>Integrado con varios complementos populares, como WooCommerce y el Formulario de contacto 7<\/li>\n<li>Actualizado regularmente con nuevas funciones y mejoras para un mejor rendimiento y usabilidad<\/li>\n<li>Ofrece atenci\u00f3n al cliente dedicada para cualquier problema t\u00e9cnico o pregunta.<\/li>\n<\/ul>\n","protected":false},"excerpt":{"rendered":"<p>El tema Themify Elegant, repleto con su impresionante y sofisticado dise\u00f1o, es un tema extraordinario de WordPress que ofrece una est\u00e9tica elegante y moderna para su sitio web. Este tema proporciona una gran cantidad de opciones de dise\u00f1o, p\u00e1ginas predise\u00f1adas y caracter\u00edsticas personalizables, lo que le permite crear un sitio web que sea distintivo y profesional. Caracterizado por su dise\u00f1o minimalista, acentuado por l\u00edneas limpias, tipograf\u00eda exquisita y animaciones cautivadoras, el tema elegante elegante capta efectivamente la atenci\u00f3n de su audiencia. Este tema vers\u00e1til es una selecci\u00f3n excepcional para bloggers, empresarios y entidades corporativas por igual, ya que permite la creaci\u00f3n de sitios web visualmente cautivadores y altamente funcionales.<\/p>\n","protected":false},"featured_media":167760,"comment_status":"open","ping_status":"open","template":"","meta":[],"product_brand":[2578],"product_cat":[1239,1237,1238],"product_tag":[1400],"class_list":{"0":"post-110634","1":"product","2":"type-product","3":"status-publish","4":"has-post-thumbnail","6":"product_brand-themify","7":"product_cat-de-multiples-fines","8":"product_cat-temas","9":"product_cat-wordpress-temas","10":"product_tag-themify","11":"member-discount","12":"discount-restricted","14":"first","15":"instock","16":"sale","17":"downloadable","18":"virtual","19":"sold-individually","20":"purchasable","21":"product-type-simple"},"_links":{"self":[{"href":"https:\/\/gpl-love.com\/es\/wp-json\/wp\/v2\/product\/110634","targetHints":{"allow":["GET"]}}],"collection":[{"href":"https:\/\/gpl-love.com\/es\/wp-json\/wp\/v2\/product"}],"about":[{"href":"https:\/\/gpl-love.com\/es\/wp-json\/wp\/v2\/types\/product"}],"replies":[{"embeddable":true,"href":"https:\/\/gpl-love.com\/es\/wp-json\/wp\/v2\/comments?post=110634"}],"wp:featuredmedia":[{"embeddable":true,"href":"https:\/\/gpl-love.com\/es\/wp-json\/wp\/v2\/media\/167760"}],"wp:attachment":[{"href":"https:\/\/gpl-love.com\/es\/wp-json\/wp\/v2\/media?parent=110634"}],"wp:term":[{"taxonomy":"product_brand","embeddable":true,"href":"https:\/\/gpl-love.com\/es\/wp-json\/wp\/v2\/product_brand?post=110634"},{"taxonomy":"product_cat","embeddable":true,"href":"https:\/\/gpl-love.com\/es\/wp-json\/wp\/v2\/product_cat?post=110634"},{"taxonomy":"product_tag","embeddable":true,"href":"https:\/\/gpl-love.com\/es\/wp-json\/wp\/v2\/product_tag?post=110634"}],"curies":[{"name":"wp","href":"https:\/\/api.w.org\/{rel}","templated":true}]}}