{"id":110632,"date":"2024-12-10T00:00:00","date_gmt":"2024-12-10T05:00:00","guid":{"rendered":"http:\/\/gpl-love.com\/es\/producto\/themify-bold-wordpress-theme\/"},"modified":"2026-03-13T17:31:01","modified_gmt":"2026-03-13T22:31:01","slug":"themify-bold-wordpress-theme","status":"publish","type":"product","link":"https:\/\/gpl-love.com\/es\/producto\/themify-bold-wordpress-theme\/","title":{"rendered":"Themify Bold Theme 7.5.5"},"content":{"rendered":"<h3>Themify Bold Theme Caracteristicas<\/h3>\n<p>El tema de Themify Bold, un tema de WordPress famoso por su eficacia y versatilidad, tiene el potencial de facilitar la creaci\u00f3n sin esfuerzo de sitios web impresionantes. En particular, este tema cuenta con un dise\u00f1o audaz y contempor\u00e1neo que se adapta perfectamente a diversos g\u00e9neros de sitios web, ya sean blogs o plataformas de comercio electr\u00f3nico por igual. Adem\u00e1s, el tema exhibe una capacidad de respuesta completa, asegurando que su atractivo visual permanezca indemne en todos los dispositivos. Adem\u00e1s, la disponibilidad de un extenso repertorio de dise\u00f1os predise\u00f1ados y opciones personalizables faculta a los usuarios para personalizar sus sitios web de acuerdo con sus requisitos \u00fanicos. Como una ventaja adicional, el tema Themify Bold se enorgullece de su interfaz f\u00e1cil de usar, lo que lo hace igualmente adecuado tanto para novatos como para profesionales experimentados. En consecuencia, independientemente de si tiene como objetivo establecer una presencia en l\u00ednea para su esfuerzo comercial, comparta sus pensamientos a trav\u00e9s de un blog personal o exhibir su genio creativo a trav\u00e9s de una cartera en l\u00ednea, el tema de Themify Bold surge como una elecci\u00f3n excepcional, garantizando el logro de su Est\u00e9tica y funcionalidad deseadas.<\/p>\n<ul>\n<li>Dise\u00f1o elegante y moderno con tipograf\u00eda audaz<\/li>\n<li>Totalmente receptivo para la pantalla optimizada en todos los dispositivos<\/li>\n<li>Opciones personalizables de encabezado y pie de p\u00e1gina<\/li>\n<li>Opciones de dise\u00f1o m\u00faltiples para p\u00e1ginas de inicio y p\u00e1ginas internas<\/li>\n<li>Compatible con WooCommerce para una f\u00e1cil integraci\u00f3n de tiendas en l\u00ednea<\/li>\n<li>Iconos de redes sociales incorporados para f\u00e1cil compartir y seguir<\/li>\n<li>SEO amigable para ayudar a aumentar la visibilidad y el tr\u00e1fico<\/li>\n<li>Importar demostraci\u00f3n de un solo clic para configurar r\u00e1pidamente su sitio web<\/li>\n<li>Documentaci\u00f3n extensa y tutoriales en video para una f\u00e1cil personalizaci\u00f3n<\/li>\n<li>Actualizaciones regulares y equipo de soporte dedicado para cualquier problema o pregunta.<\/li>\n<\/ul>\n","protected":false},"excerpt":{"rendered":"<p>El tema de Themify Bold, un tema de WordPress excepcionalmente din\u00e1mico y visualmente cautivador, ha sido meticulosamente elaborado con bloggers y creadores de contenido en mente, otorg\u00e1ndoles la capacidad de realmente hacer una declaraci\u00f3n. Al incorporar una tipograf\u00eda en negrita, un dise\u00f1o incre\u00edblemente llamativo y opciones de dise\u00f1o personalizables, el tema Themify Bold proporciona una plataforma incomparable para las personas que buscan mostrar su contenido con el m\u00e1ximo estilo y delicadeza. Independientemente de si se identifica como un profesional independiente, escritor o profesional de negocios, el tema de Themify Bold es una opci\u00f3n impecable para cualquier persona que anhele concebir un sitio web que exude sin esfuerzo y cautiva a los visitantes a nivel visual. Prep\u00e1rese para disfrutar de un mayor nivel de funcionalidad, cortes\u00eda del formidable arsenal de herramientas de The Themify Bold Theme, que incluye a los gustos de la edici\u00f3n visual de arrastrar y soltar, c\u00f3digos cortos potentes y opciones de contacto incorporadas destinadas a simplificar la comunicaci\u00f3n entre usted y clientes valiosos. Prep\u00e1rese para un aumento exponencial en su presencia en l\u00ednea, toda cortes\u00eda del magn\u00edfico tema de Themify Bold.<\/p>\n","protected":false},"featured_media":167732,"comment_status":"open","ping_status":"open","template":"","meta":[],"product_brand":[2578],"product_cat":[1267,1237,1238],"product_tag":[1400],"class_list":{"0":"post-110632","1":"product","2":"type-product","3":"status-publish","4":"has-post-thumbnail","6":"product_brand-themify","7":"product_cat-creativo","8":"product_cat-temas","9":"product_cat-wordpress-temas","10":"product_tag-themify","11":"member-discount","12":"discount-restricted","14":"first","15":"instock","16":"sale","17":"downloadable","18":"virtual","19":"sold-individually","20":"purchasable","21":"product-type-simple"},"_links":{"self":[{"href":"https:\/\/gpl-love.com\/es\/wp-json\/wp\/v2\/product\/110632","targetHints":{"allow":["GET"]}}],"collection":[{"href":"https:\/\/gpl-love.com\/es\/wp-json\/wp\/v2\/product"}],"about":[{"href":"https:\/\/gpl-love.com\/es\/wp-json\/wp\/v2\/types\/product"}],"replies":[{"embeddable":true,"href":"https:\/\/gpl-love.com\/es\/wp-json\/wp\/v2\/comments?post=110632"}],"wp:featuredmedia":[{"embeddable":true,"href":"https:\/\/gpl-love.com\/es\/wp-json\/wp\/v2\/media\/167732"}],"wp:attachment":[{"href":"https:\/\/gpl-love.com\/es\/wp-json\/wp\/v2\/media?parent=110632"}],"wp:term":[{"taxonomy":"product_brand","embeddable":true,"href":"https:\/\/gpl-love.com\/es\/wp-json\/wp\/v2\/product_brand?post=110632"},{"taxonomy":"product_cat","embeddable":true,"href":"https:\/\/gpl-love.com\/es\/wp-json\/wp\/v2\/product_cat?post=110632"},{"taxonomy":"product_tag","embeddable":true,"href":"https:\/\/gpl-love.com\/es\/wp-json\/wp\/v2\/product_tag?post=110632"}],"curies":[{"name":"wp","href":"https:\/\/api.w.org\/{rel}","templated":true}]}}