{"id":110630,"date":"2024-02-23T00:00:00","date_gmt":"2024-02-23T05:00:00","guid":{"rendered":"http:\/\/gpl-love.com\/es\/producto\/themify-bizco-wordpress-theme\/"},"modified":"2026-04-10T11:27:43","modified_gmt":"2026-04-10T16:27:43","slug":"themify-bizco-wordpress-theme","status":"publish","type":"product","link":"https:\/\/gpl-love.com\/es\/producto\/themify-bizco-wordpress-theme\/","title":{"rendered":"Themify Bizco Theme 7.5.1"},"content":{"rendered":"<h3>Themify Bizco Theme Caracteristicas<\/h3>\n<p>El tema Themify Bizco, que se adapta espec\u00edficamente a empresas de todos los tama\u00f1os, posee una multitud de caracter\u00edsticas altamente personalizables y exhibe un nivel excepcional de facilidad de uso. Este tema de WordPress, con su notable constructor de p\u00e1ginas de arrastrar y soltar y su extensa gama de opciones de dise\u00f1o flexibles, facilita la creaci\u00f3n de un sitio web que exuda profesionalismo y modernidad, al tiempo que simplifica el proceso de construcci\u00f3n de sitios web en un t\u00edtulo sin precedentes. Adem\u00e1s, este tema viene equipado con una amplia variedad de plantillas predise\u00f1adas y widgets personalizables, que sirve como un activo invaluable en la creaci\u00f3n de un sitio web \u00fanico y est\u00e9ticamente agradable que captura y refleja efectivamente la esencia de la identidad de su marca. Ya sea que su objetivo sea mejorar su presencia en l\u00ednea, generar ventas a trav\u00e9s de la oferta de productos o servicios, o mostrar su cartera, el tema Themify Bizco surge como la soluci\u00f3n definitiva para las empresas que aspiran a cultivar una presencia en l\u00ednea formidable.<\/p>\n<ul>\n<li>Dise\u00f1o receptivo y amigable para m\u00f3viles<\/li>\n<li>Arrastrar y soltar el constructor para una f\u00e1cil personalizaci\u00f3n<\/li>\n<li>Plantillas predise\u00f1adas para diversos tipos de negocios<\/li>\n<li>Opciones de color m\u00faltiples para la personalizaci\u00f3n<\/li>\n<li>Integraci\u00f3n con complementos populares como WooCommerce y WPML<\/li>\n<li>SEO optimizado para una mejor clasificaci\u00f3n de motores de b\u00fasqueda<\/li>\n<li>Opciones de dise\u00f1o m\u00faltiples, que incluyen el dise\u00f1o completo y el dise\u00f1o en caja<\/li>\n<li>Configuraci\u00f3n de tipograf\u00eda f\u00e1cil de usar<\/li>\n<li>Importaci\u00f3n de demostraci\u00f3n de un solo clic para una configuraci\u00f3n r\u00e1pida<\/li>\n<li>Actualizaciones regulares y soporte dedicado.<\/li>\n<\/ul>\n","protected":false},"excerpt":{"rendered":"<p>El tema Themify Bizco es un tema innovador y sofisticado de WordPress espec\u00edficamente dise\u00f1ado para sitios web corporativos. Con su dise\u00f1o elegante y de moda, sirve como una plataforma ideal para presentar la variedad de ofertas, soluciones y personal de su negocio. Adem\u00e1s, la adaptabilidad del tema en varios dispositivos garantiza que su sitio web mantenga su atractivo visual independientemente del dispositivo preferido del usuario. Para personalizar a\u00fan m\u00e1s el tema, una gran cantidad de opciones se ponen a disposici\u00f3n para alinear adecuadamente su est\u00e9tica con las caracter\u00edsticas distintivas de su marca. Adem\u00e1s, la incorporaci\u00f3n de un creador de p\u00e1ginas de arrastrar y soltar el proceso de creaci\u00f3n del sitio web, lo que lo hace m\u00e1s accesible que nunca. Mant\u00e9ngase un paso por delante de sus competidores y establezca una impresi\u00f3n duradera con el tema excepcional de Themify Bizco.<\/p>\n","protected":false},"featured_media":167731,"comment_status":"open","ping_status":"open","template":"","meta":[],"product_brand":[2578],"product_cat":[1307,1237,1238],"product_tag":[1400],"class_list":{"0":"post-110630","1":"product","2":"type-product","3":"status-publish","4":"has-post-thumbnail","6":"product_brand-themify","7":"product_cat-negocio-wordpress-temas","8":"product_cat-temas","9":"product_cat-wordpress-temas","10":"product_tag-themify","11":"member-discount","12":"discount-restricted","14":"first","15":"instock","16":"sale","17":"downloadable","18":"virtual","19":"sold-individually","20":"purchasable","21":"product-type-simple"},"_links":{"self":[{"href":"https:\/\/gpl-love.com\/es\/wp-json\/wp\/v2\/product\/110630","targetHints":{"allow":["GET"]}}],"collection":[{"href":"https:\/\/gpl-love.com\/es\/wp-json\/wp\/v2\/product"}],"about":[{"href":"https:\/\/gpl-love.com\/es\/wp-json\/wp\/v2\/types\/product"}],"replies":[{"embeddable":true,"href":"https:\/\/gpl-love.com\/es\/wp-json\/wp\/v2\/comments?post=110630"}],"wp:featuredmedia":[{"embeddable":true,"href":"https:\/\/gpl-love.com\/es\/wp-json\/wp\/v2\/media\/167731"}],"wp:attachment":[{"href":"https:\/\/gpl-love.com\/es\/wp-json\/wp\/v2\/media?parent=110630"}],"wp:term":[{"taxonomy":"product_brand","embeddable":true,"href":"https:\/\/gpl-love.com\/es\/wp-json\/wp\/v2\/product_brand?post=110630"},{"taxonomy":"product_cat","embeddable":true,"href":"https:\/\/gpl-love.com\/es\/wp-json\/wp\/v2\/product_cat?post=110630"},{"taxonomy":"product_tag","embeddable":true,"href":"https:\/\/gpl-love.com\/es\/wp-json\/wp\/v2\/product_tag?post=110630"}],"curies":[{"name":"wp","href":"https:\/\/api.w.org\/{rel}","templated":true}]}}