{"id":110628,"date":"2025-12-28T00:00:00","date_gmt":"2025-12-28T05:00:00","guid":{"rendered":"http:\/\/gpl-love.com\/es\/producto\/stockholm-a-genuinely-multi-concept-theme\/"},"modified":"2026-03-13T17:29:40","modified_gmt":"2026-03-13T22:29:40","slug":"stockholm-a-genuinely-multi-concept-theme","status":"publish","type":"product","link":"https:\/\/gpl-love.com\/es\/producto\/stockholm-a-genuinely-multi-concept-theme\/","title":{"rendered":"Stockholm A Genuinely Multi Concept Theme 9.14.4"},"content":{"rendered":"<h3>Stockholm A Genuinely Multi Concept Theme Caracteristicas<\/h3>\n<p>Estocolmo, un tema de concepto m\u00faltiple altamente vers\u00e1til y completo, ofrece una variedad de caracter\u00edsticas que lo hacen ideal para elaborar sitios web visualmente impresionantes que atienden a diversos fines. Ya sea que est\u00e9 tratando de establecer una presencia en l\u00ednea para su negocio, establecer una tienda de comercio electr\u00f3nico o establecer un blog personal, Estocolmo proporciona todas las herramientas necesarias para crear un sitio profesional, receptivo y est\u00e9ticamente agradable. Equipado con un creador de p\u00e1ginas intuitivo de arrastrar y soltar y una amplia selecci\u00f3n de elementos de dise\u00f1o personalizables, Estocolmo permite la creaci\u00f3n sin esfuerzo de una identidad en l\u00ednea distintiva y cautivadora que refleja con precisi\u00f3n su marca y cautiva efectivamente a los visitantes. No solo eso, sino que el dise\u00f1o totalmente receptivo de Estocolmo garantiza una presentaci\u00f3n impecable en cualquier dispositivo. Por lo tanto, si est\u00e1 buscando un tema potente y adaptable para facilitar la realizaci\u00f3n de sus aspiraciones en l\u00ednea, Estocolmo emerge como el pin\u00e1culo de elecci\u00f3n.<\/p>\n<ul>\n<li>Tema vers\u00e1til de concepto m\u00faltiple que se puede adaptar a varios tipos de sitios web<\/li>\n<li>Dise\u00f1o moderno y elegante con m\u00faltiples dise\u00f1os predise\u00f1ados y opciones de color<\/li>\n<li>Totalmente receptivo y optimizado para dispositivos m\u00f3viles<\/li>\n<li>Incluye complementos populares como Slider Revolution, Visual Composer y Contact Form 7<\/li>\n<li>Opciones personalizables de encabezado, pie de p\u00e1gina y barra lateral<\/li>\n<li>Compatible con WooCommerce para una f\u00e1cil integraci\u00f3n de comercio electr\u00f3nico<\/li>\n<li>SEO amigable con el c\u00f3digo optimizado para el tiempo de carga de p\u00e1gina r\u00e1pido<\/li>\n<li>Incluye una amplia documentaci\u00f3n y apoyo de los desarrolladores de temas<\/li>\n<li>Actualizado regularmente con nuevas funciones y mejoras<\/li>\n<li>Se puede utilizar para una variedad de sitios web como carteras, blogs, negocios y tiendas en l\u00ednea.<\/li>\n<\/ul>\n","protected":false},"excerpt":{"rendered":"<p>Estocolmo, un tema altamente vers\u00e1til y dise\u00f1ado din\u00e1micamente, proporciona a los usuarios la incre\u00edble capacidad de generar sin esfuerzo m\u00faltiples conceptos innovadores para sus sitios web. Con una amplia gama de opciones personalizables, este tema excepcional atiende a diversas necesidades, ya sea creando un sitio web de cartera visualmente impresionante o establecer una pr\u00f3spera tienda de comercio electr\u00f3nico. El dise\u00f1o inmaculado y elegante de Estocolmo, junto con sus caracter\u00edsticas robustas y su interfaz de usuario dise\u00f1ada intuitivamente, la posiciona inequ\u00edvocamente como la opci\u00f3n por excelencia para las personas que buscan dejar un impacto indeleble en el \u00e1mbito digital. En consecuencia, independientemente de si usted es un emprendedor ambicioso o un profesional creativo profundamente imaginativo, Estocolmo emerge indiscutiblemente como la soluci\u00f3n definitiva para elevar su presencia en l\u00ednea a alturas sin precedentes.<\/p>\n","protected":false},"featured_media":167567,"comment_status":"open","ping_status":"open","template":"","meta":[],"product_brand":[2337],"product_cat":[1239,1237,1238],"product_tag":[1391],"class_list":{"0":"post-110628","1":"product","2":"type-product","3":"status-publish","4":"has-post-thumbnail","6":"product_brand-themeforest","7":"product_cat-de-multiples-fines","8":"product_cat-temas","9":"product_cat-wordpress-temas","10":"product_tag-themeforest","11":"member-discount","12":"discount-restricted","14":"first","15":"instock","16":"sale","17":"downloadable","18":"virtual","19":"sold-individually","20":"purchasable","21":"product-type-simple"},"_links":{"self":[{"href":"https:\/\/gpl-love.com\/es\/wp-json\/wp\/v2\/product\/110628","targetHints":{"allow":["GET"]}}],"collection":[{"href":"https:\/\/gpl-love.com\/es\/wp-json\/wp\/v2\/product"}],"about":[{"href":"https:\/\/gpl-love.com\/es\/wp-json\/wp\/v2\/types\/product"}],"replies":[{"embeddable":true,"href":"https:\/\/gpl-love.com\/es\/wp-json\/wp\/v2\/comments?post=110628"}],"wp:featuredmedia":[{"embeddable":true,"href":"https:\/\/gpl-love.com\/es\/wp-json\/wp\/v2\/media\/167567"}],"wp:attachment":[{"href":"https:\/\/gpl-love.com\/es\/wp-json\/wp\/v2\/media?parent=110628"}],"wp:term":[{"taxonomy":"product_brand","embeddable":true,"href":"https:\/\/gpl-love.com\/es\/wp-json\/wp\/v2\/product_brand?post=110628"},{"taxonomy":"product_cat","embeddable":true,"href":"https:\/\/gpl-love.com\/es\/wp-json\/wp\/v2\/product_cat?post=110628"},{"taxonomy":"product_tag","embeddable":true,"href":"https:\/\/gpl-love.com\/es\/wp-json\/wp\/v2\/product_tag?post=110628"}],"curies":[{"name":"wp","href":"https:\/\/api.w.org\/{rel}","templated":true}]}}