{"id":110624,"date":"2025-09-09T00:00:00","date_gmt":"2025-09-09T05:00:00","guid":{"rendered":"http:\/\/gpl-love.com\/es\/producto\/slick-menu-responsive-wordpress-vertical-menu\/"},"modified":"2026-04-10T11:24:58","modified_gmt":"2026-04-10T16:24:58","slug":"slick-menu-responsive-wordpress-vertical-menu","status":"publish","type":"product","link":"https:\/\/gpl-love.com\/es\/producto\/slick-menu-responsive-wordpress-vertical-menu\/","title":{"rendered":"Slick Menu Responsive WordPress Vertical Menu 1.5.6"},"content":{"rendered":"<h3>Slick Menu Responsive WordPress Vertical Menu Caracteristicas<\/h3>\n<p>El men\u00fa elegante de WordPress Men\u00fa vertical es un complemento de men\u00fa incre\u00edblemente vers\u00e1til y adaptable que agiliza y mejora la experiencia del usuario en su sitio web. Este men\u00fa fenomenal ofrece una amplia gama de caracter\u00edsticas y funcionalidades, que atiende a diversas necesidades y preferencias. Desde su excepcional soporte m\u00f3vil hasta sus \u00edconos de men\u00fa excepcionales, este complemento es realmente un cambio de juego. Adem\u00e1s, proporciona opciones de personalizaci\u00f3n incomparables, lo que le permite personalizar sin esfuerzo esquemas de color y fuentes para alinearse con su est\u00e9tica de marca. Con el men\u00fa resbaladizo, puede elaborar sin esfuerzo un sitio web elegante y profesional sin ejercer un esfuerzo excesivo. Adem\u00e1s, este notable complemento se integra perfectamente con todos los temas de WordPress, por lo que es una opci\u00f3n impecable tanto para desarrolladores como para dise\u00f1adores web. Ya sea que aspire a optimizar la navegaci\u00f3n de su sitio web o simplemente desea infundir un toque de sofisticaci\u00f3n en su men\u00fa, el men\u00fa resbaladizo que receptiva el men\u00fa vertical de WordPress surge como la herramienta final para que pueda realizar su visi\u00f3n.<\/p>\n<ul>\n<li>Dise\u00f1o elegante y moderno con un dise\u00f1o vertical que mejora la navegaci\u00f3n del sitio web<\/li>\n<li>Totalmente receptivo y amigable para los dispositivos m\u00f3viles para la navegaci\u00f3n perfecta en todos los dispositivos<\/li>\n<li>Personalizable con varias opciones de color, fuentes e \u00edconos para que coincidan con su marca<\/li>\n<li>F\u00e1cil de configurar y usar con documentaci\u00f3n detallada y soporte del creador de complementos<\/li>\n<li>Ofrece caracter\u00edsticas avanzadas como efectos de hover, submenus y mega men\u00fas para una organizaci\u00f3n \u00f3ptima<\/li>\n<li>Compatible con varios temas y complementos de WordPress para una integraci\u00f3n perfecta en su sitio web<\/li>\n<li>Carga ligera y r\u00e1pida para mejorar el rendimiento del sitio web y la experiencia del usuario<\/li>\n<li>Reconocimiento autom\u00e1tico de elementos de men\u00fa activo para una mayor participaci\u00f3n del usuario y navegaci\u00f3n.<\/li>\n<\/ul>\n","protected":false},"excerpt":{"rendered":"<p>El men\u00fa resbaladizo que responde WordPress Men\u00fa vertical es una herramienta incre\u00edblemente potente y efectiva que puede mejorar en gran medida la personalizaci\u00f3n del men\u00fa vertical de su sitio web. Con un dise\u00f1o notablemente elegante y moderno, ofrece una interfaz altamente flexible e intuitivamente f\u00e1cil de usar, que sirve como un medio excepcional para organizar su contenido y facilitar la accesibilidad r\u00e1pida y sin esfuerzo de sus usuarios a la informaci\u00f3n deseada. Adem\u00e1s, su notable capacidad de respuesta garantiza una experiencia de usuario impecablemente suave y perfecta en todos los dispositivos. Adem\u00e1s, su proceso de instalaci\u00f3n sin esfuerzo y su abundancia de opciones de personalizaci\u00f3n le permiten adaptar su men\u00fa para alinearse perfectamente con la marca y el dise\u00f1o \u00fanicos de su sitio web. Ya sea que busque optimizar la eficiencia de la navegaci\u00f3n o aumentar la participaci\u00f3n del usuario, el men\u00fa resbaladizo indispensable que responde WordPress Men\u00fa vertical es un activo indispensable e invaluable para cualquier sitio web.<\/p>\n","protected":false},"featured_media":167502,"comment_status":"open","ping_status":"open","template":"","meta":[],"product_brand":[2339],"product_cat":[1214,1206,1211],"product_tag":[1256],"class_list":{"0":"post-110624","1":"product","2":"type-product","3":"status-publish","4":"has-post-thumbnail","6":"product_brand-codecanyon","7":"product_cat-personalizacion","8":"product_cat-plugins","9":"product_cat-wordpress-plugins","10":"product_tag-codecanyon","11":"member-discount","12":"discount-restricted","14":"first","15":"instock","16":"sale","17":"downloadable","18":"virtual","19":"sold-individually","20":"purchasable","21":"product-type-simple"},"_links":{"self":[{"href":"https:\/\/gpl-love.com\/es\/wp-json\/wp\/v2\/product\/110624","targetHints":{"allow":["GET"]}}],"collection":[{"href":"https:\/\/gpl-love.com\/es\/wp-json\/wp\/v2\/product"}],"about":[{"href":"https:\/\/gpl-love.com\/es\/wp-json\/wp\/v2\/types\/product"}],"replies":[{"embeddable":true,"href":"https:\/\/gpl-love.com\/es\/wp-json\/wp\/v2\/comments?post=110624"}],"wp:featuredmedia":[{"embeddable":true,"href":"https:\/\/gpl-love.com\/es\/wp-json\/wp\/v2\/media\/167502"}],"wp:attachment":[{"href":"https:\/\/gpl-love.com\/es\/wp-json\/wp\/v2\/media?parent=110624"}],"wp:term":[{"taxonomy":"product_brand","embeddable":true,"href":"https:\/\/gpl-love.com\/es\/wp-json\/wp\/v2\/product_brand?post=110624"},{"taxonomy":"product_cat","embeddable":true,"href":"https:\/\/gpl-love.com\/es\/wp-json\/wp\/v2\/product_cat?post=110624"},{"taxonomy":"product_tag","embeddable":true,"href":"https:\/\/gpl-love.com\/es\/wp-json\/wp\/v2\/product_tag?post=110624"}],"curies":[{"name":"wp","href":"https:\/\/api.w.org\/{rel}","templated":true}]}}