{"id":110622,"date":"2021-12-02T00:00:00","date_gmt":"2021-12-02T05:00:00","guid":{"rendered":"http:\/\/gpl-love.com\/es\/producto\/seofy-seo-and-digital-marketing-agency-wordpress-theme\/"},"modified":"2026-04-10T11:24:25","modified_gmt":"2026-04-10T16:24:25","slug":"seofy-seo-and-digital-marketing-agency-wordpress-theme","status":"publish","type":"product","link":"https:\/\/gpl-love.com\/es\/producto\/seofy-seo-and-digital-marketing-agency-wordpress-theme\/","title":{"rendered":"Seofy SEO y Digital Marketing Agency WordPress Theme 1.6.1"},"content":{"rendered":"<h3>Seofy SEO y Digital Marketing Agency WordPress Theme Caracteristicas<\/h3>\n<p>SEOFY SEO y la agencia de marketing digital WordPress Temo surgen como una herramienta incre\u00edblemente potente y vers\u00e1til que permite a los usuarios fabricar un sitio web visualmente sorprendente adaptado para agencias de marketing, empresas de SEO y profesionales de marketing digital. Poseer una interfaz intuitiva y una gran cantidad de caracter\u00edsticas personalizables, Seofy otorga a las personas la capacidad de forjar una presencia en l\u00ednea distintiva que refleje su marca y sus servicios. Adem\u00e1s, este tema es totalmente receptivo, garantizando una experiencia visual impecable en todos los dispositivos. Abarca una variedad de demostraciones diversas preconstruidas, as\u00ed como p\u00e1ginas personalizables, lo que permite a los usuarios exhibir sus carteras, servicios y testimonios. Adem\u00e1s, SEOFY se integra perfectamente con WooCommerce, simplificando efectivamente el proceso de venta de productos o servicios digitales en l\u00ednea. En virtud de su documentaci\u00f3n que abarca y su apoyo inquebrantable, Seofy se destaca como la soluci\u00f3n por excelencia para aquellos que anhelan establecer una presencia indomable en l\u00ednea y fomentar el crecimiento empresarial.<\/p>\n<ul>\n<li>Tema totalmente personalizable con un poderoso panel de administraci\u00f3n<\/li>\n<li>Dise\u00f1ado espec\u00edficamente para las agencias de marketing digital y SEO<\/li>\n<li>Incluye p\u00e1ginas predise\u00f1adas para servicios, cartera, equipo, blog y m\u00e1s<\/li>\n<li>Viene con 7 variaciones de p\u00e1gina de inicio para elegir<\/li>\n<li>Dise\u00f1o de respuesta m\u00f3vil para una visualizaci\u00f3n \u00f3ptima en cualquier dispositivo<\/li>\n<li>WooCommerce listo para una f\u00e1cil integraci\u00f3n de tiendas en l\u00ednea<\/li>\n<li>Incluye los complementos de Revolution Slider y WPBakery Page Builder para opciones de personalizaci\u00f3n adicionales<\/li>\n<li>Optimizado para la velocidad y el rendimiento de SEO<\/li>\n<li>Actualizado regularmente con nuevas funciones y mejoras<\/li>\n<li>Excelente soporte al cliente de los desarrolladores de temas.<\/li>\n<\/ul>\n","protected":false},"excerpt":{"rendered":"<p>Seofy se destaca como un tema de WordPress excepcionalmente receptivo y personalizable que ha sido dise\u00f1ado exclusivamente para las agencias de marketing digital y SEO. Cuenta con un dise\u00f1o contempor\u00e1neo e inmaculado, y adem\u00e1s de eso, Seofy presenta un amplio espectro de caracter\u00edsticas y funcionalidades que abarcan opciones de personalizaci\u00f3n avanzada, un constructor de p\u00e1ginas inmensamente potente, una multitud de dise\u00f1os de la p\u00e1gina de inicio, c\u00f3digo apto para SEO y una plethora de Otros atributos invaluables. Con Seofy a su disposici\u00f3n, tendr\u00e1 la capacidad de forjar un sitio web fascinante que demostrar\u00e1 y mostrar\u00e1 sin esfuerzo sus servicios, magnetizando y atrayendo en una nueva afluencia de clientela. Por lo tanto, si est\u00e1 empe\u00f1ado en impulsar a su agencia de marketing digital hacia el pin\u00e1culo del \u00e9xito, \u00a1Seofy es inequ\u00edvocamente el ep\u00edtome de la perfecci\u00f3n y la opci\u00f3n \u00f3ptima para usted!<\/p>\n","protected":false},"featured_media":167458,"comment_status":"open","ping_status":"open","template":"","meta":[],"product_brand":[2337],"product_cat":[1267,1237,1238],"product_tag":[1391],"class_list":{"0":"post-110622","1":"product","2":"type-product","3":"status-publish","4":"has-post-thumbnail","6":"product_brand-themeforest","7":"product_cat-creativo","8":"product_cat-temas","9":"product_cat-wordpress-temas","10":"product_tag-themeforest","11":"member-discount","12":"discount-restricted","14":"first","15":"instock","16":"sale","17":"downloadable","18":"virtual","19":"sold-individually","20":"purchasable","21":"product-type-simple"},"_links":{"self":[{"href":"https:\/\/gpl-love.com\/es\/wp-json\/wp\/v2\/product\/110622","targetHints":{"allow":["GET"]}}],"collection":[{"href":"https:\/\/gpl-love.com\/es\/wp-json\/wp\/v2\/product"}],"about":[{"href":"https:\/\/gpl-love.com\/es\/wp-json\/wp\/v2\/types\/product"}],"replies":[{"embeddable":true,"href":"https:\/\/gpl-love.com\/es\/wp-json\/wp\/v2\/comments?post=110622"}],"wp:featuredmedia":[{"embeddable":true,"href":"https:\/\/gpl-love.com\/es\/wp-json\/wp\/v2\/media\/167458"}],"wp:attachment":[{"href":"https:\/\/gpl-love.com\/es\/wp-json\/wp\/v2\/media?parent=110622"}],"wp:term":[{"taxonomy":"product_brand","embeddable":true,"href":"https:\/\/gpl-love.com\/es\/wp-json\/wp\/v2\/product_brand?post=110622"},{"taxonomy":"product_cat","embeddable":true,"href":"https:\/\/gpl-love.com\/es\/wp-json\/wp\/v2\/product_cat?post=110622"},{"taxonomy":"product_tag","embeddable":true,"href":"https:\/\/gpl-love.com\/es\/wp-json\/wp\/v2\/product_tag?post=110622"}],"curies":[{"name":"wp","href":"https:\/\/api.w.org\/{rel}","templated":true}]}}