{"id":110620,"date":"2026-03-16T00:00:00","date_gmt":"2026-03-16T05:00:00","guid":{"rendered":"http:\/\/gpl-love.com\/es\/producto\/real-estate-7-real-estate-wordpress-theme\/"},"modified":"2026-04-10T11:22:54","modified_gmt":"2026-04-10T16:22:54","slug":"real-estate-7-real-estate-wordpress-theme","status":"publish","type":"product","link":"https:\/\/gpl-love.com\/es\/producto\/real-estate-7-real-estate-wordpress-theme\/","title":{"rendered":"Real Estate 7 Real Estate WordPress Theme 3.5.8"},"content":{"rendered":"<h3>Real Estate 7 Real Estate WordPress Theme Caracteristicas<\/h3>\n<p>Real Estate 7, un tema de WordPress altamente sofisticado, se ha desarrollado meticulosamente para satisfacer los requisitos especializados de la industria de bienes ra\u00edces. Con una amplia gama de funcionalidades, incluida una funci\u00f3n de b\u00fasqueda de propiedades de vanguardia, una integraci\u00f3n perfecta con Google Maps, listados integrales de propiedades y herramientas eficientes de administraci\u00f3n de propiedades, este tema es realmente una potencia. Adem\u00e1s, ofrece una personalizaci\u00f3n incomparable a trav\u00e9s de su interfaz intuitiva y f\u00e1cil de usar, lo que lo permite modificar sin esfuerzo la est\u00e9tica y el ambiente general de su sitio web. Al aprovechar las capacidades de los bienes ra\u00edces 7, puede construir sin esfuerzo una plataforma en l\u00ednea visualmente impresionante y comisariada profesionalmente que atiende precisamente a sus necesidades \u00fanicas y exhiba efectivamente su empresa inmobiliaria. Este tema excepcional se adapta espec\u00edficamente a agentes inmobiliarios, corredores y administradores de propiedades que buscan establecer una presencia formidable en l\u00ednea. Sin lugar a dudas, Real Estate 7 surge como la soluci\u00f3n definitiva para todas las demandas de su sitio web de bienes ra\u00edces, lo que garantiza superar todas sus expectativas.<\/p>\n<ul>\n<li>Dise\u00f1ado espec\u00edficamente para agentes y agencias inmobiliarias<\/li>\n<li>Viene con m\u00faltiples dise\u00f1os de p\u00e1gina de inicio prefabricados para elegir<\/li>\n<li>Interfaz intuitiva y f\u00e1cil de usar<\/li>\n<li>Totalmente personalizable con el constructor de p\u00e1ginas de arrastrar y soltar<\/li>\n<li>Funcionalidad de b\u00fasqueda integrada para b\u00fasquedas de propiedades personalizadas<\/li>\n<li>Optimizado poderosamente para motores de b\u00fasqueda, asegurando una alta visibilidad<\/li>\n<li>Dise\u00f1o de respuesta m\u00f3vil para una visualizaci\u00f3n perfecta en cualquier dispositivo<\/li>\n<li>Opciones integrales de listado de propiedades, incluidos mapas y galer\u00edas<\/li>\n<li>Portal de cliente seguro para una mejor comunicaci\u00f3n y compromiso<\/li>\n<li>Herramientas de generaci\u00f3n de leads incorporadas para capturar y rastrear los cables de manera efectiva<\/li>\n<\/ul>\n","protected":false},"excerpt":{"rendered":"<p>Real Estate 7 es un tema de WordPress premium meticulosamente elaborado que se ha adaptado exclusivamente para sitios web de bienes ra\u00edces, con un extenso repertorio de funcionalidades y herramientas de vanguardia. Este notable tema abarca una gran cantidad de caracter\u00edsticas impresionantes, que incluyen, entre otros, opciones de b\u00fasqueda avanzadas, p\u00e1ginas de propiedades personalizadas y un sistema de gesti\u00f3n de agentes y listados sin problemas. Dise\u00f1ado con la m\u00e1xima precisi\u00f3n, Real Estate 7 es totalmente receptivo y ofrece una variedad de diversas opciones de dise\u00f1o, lo que le permite dise\u00f1ar sin esfuerzo un sitio web extraordinario que armoniza perfectamente con su identidad de marca distintiva. Con las capacidades incomparables de los bienes ra\u00edces 7 a su disposici\u00f3n, puede exhibir sin esfuerzo sus exquisitas propiedades y cultivar efectivamente un flujo constante de clientes potenciales valiosos, impulsando su negocio a alturas de \u00e9xito sin precedentes.<\/p>\n","protected":false},"featured_media":167322,"comment_status":"open","ping_status":"open","template":"","meta":[],"product_brand":[2337],"product_cat":[1381,1237,1238],"product_tag":[1391],"class_list":{"0":"post-110620","1":"product","2":"type-product","3":"status-publish","4":"has-post-thumbnail","6":"product_brand-themeforest","7":"product_cat-bienes-raices","8":"product_cat-temas","9":"product_cat-wordpress-temas","10":"product_tag-themeforest","11":"member-discount","12":"discount-restricted","14":"first","15":"instock","16":"sale","17":"downloadable","18":"virtual","19":"sold-individually","20":"purchasable","21":"product-type-simple"},"_links":{"self":[{"href":"https:\/\/gpl-love.com\/es\/wp-json\/wp\/v2\/product\/110620","targetHints":{"allow":["GET"]}}],"collection":[{"href":"https:\/\/gpl-love.com\/es\/wp-json\/wp\/v2\/product"}],"about":[{"href":"https:\/\/gpl-love.com\/es\/wp-json\/wp\/v2\/types\/product"}],"replies":[{"embeddable":true,"href":"https:\/\/gpl-love.com\/es\/wp-json\/wp\/v2\/comments?post=110620"}],"wp:featuredmedia":[{"embeddable":true,"href":"https:\/\/gpl-love.com\/es\/wp-json\/wp\/v2\/media\/167322"}],"wp:attachment":[{"href":"https:\/\/gpl-love.com\/es\/wp-json\/wp\/v2\/media?parent=110620"}],"wp:term":[{"taxonomy":"product_brand","embeddable":true,"href":"https:\/\/gpl-love.com\/es\/wp-json\/wp\/v2\/product_brand?post=110620"},{"taxonomy":"product_cat","embeddable":true,"href":"https:\/\/gpl-love.com\/es\/wp-json\/wp\/v2\/product_cat?post=110620"},{"taxonomy":"product_tag","embeddable":true,"href":"https:\/\/gpl-love.com\/es\/wp-json\/wp\/v2\/product_tag?post=110620"}],"curies":[{"name":"wp","href":"https:\/\/api.w.org\/{rel}","templated":true}]}}