{"id":110616,"date":"2025-07-30T00:00:00","date_gmt":"2025-07-30T05:00:00","guid":{"rendered":"http:\/\/gpl-love.com\/es\/producto\/progress-map-wordpress-plugin\/"},"modified":"2026-04-10T11:22:13","modified_gmt":"2026-04-10T16:22:13","slug":"progress-map-wordpress-plugin","status":"publish","type":"product","link":"https:\/\/gpl-love.com\/es\/producto\/progress-map-wordpress-plugin\/","title":{"rendered":"Progress Map WordPress Plugin 5.8"},"content":{"rendered":"<h3>Progress Map WordPress Plugin Caracteristicas<\/h3>\n<p>El complemento de WordPress de Progress Map es una herramienta muy beneficiosa que sirve para mostrar mapas personalizados en su sitio web. Permite a los usuarios generar y personalizar mapas sin esfuerzo que ilustran efectivamente el avance de su proyecto o empresa a la audiencia. Al incorporar marcadores, formas y l\u00edneas, se puede acentuar regiones espec\u00edficas de inter\u00e9s en el mapa. En particular, el complemento abarca el soporte incorporado para Google Maps, facilitando as\u00ed la integraci\u00f3n perfecta del mapa con varios otros servicios de Google, como lugares y direcciones. Adem\u00e1s, los desarrolladores se han asegurado de que el mapa de progreso est\u00e9 optimizado para ser ligero y completamente receptivo, garantizando que sus mapas exhiban una est\u00e9tica excepcional en cualquier dispositivo. Independientemente de si est\u00e1 construyendo una plataforma orientada a los viajes, un sitio web de bienes ra\u00edces o simplemente requiere una herramienta para exhibir de manera efectiva la progresi\u00f3n de su esfuerzo, optando por el complemento de WordPress del mapa de progreso ser\u00eda indiscutiblemente una decisi\u00f3n juiciosa.<\/p>\n<ul>\n<li>Un complemento de WordPress potente y f\u00e1cil de usar<\/li>\n<li>Dise\u00f1ado para ayudarlo a mostrar el mapa de progreso de su sitio web y agregarle alfileres<\/li>\n<li>Interfaz interactiva y f\u00e1cil de usar<\/li>\n<li>Incluye m\u00faltiples opciones de personalizaci\u00f3n, como elegir el estilo del mapa, los \u00edconos de los pines y las etiquetas personalizadas<\/li>\n<li>Le permite rastrear su progreso con una barra de progreso y agregar descripciones e im\u00e1genes a cada pin<\/li>\n<li>Admite m\u00faltiples mapas, cada uno con su propio conjunto de pines y opciones de personalizaci\u00f3n<\/li>\n<li>Altamente receptivo y compatible con todos los navegadores web modernos y dispositivos m\u00f3viles<\/li>\n<li>Viene con atenci\u00f3n al cliente profesional y oportuna para ayudarlo a aprovechar al m\u00e1ximo el complemento<\/li>\n<li>Actualizado regularmente con nuevas funciones y correcciones de errores para garantizar una experiencia sin problemas para todos los usuarios.<\/li>\n<\/ul>\n","protected":false},"excerpt":{"rendered":"<p>El complemento de Progress Map WordPress, una herramienta incre\u00edblemente robusta y formidable, sirve como un activo invaluable para exhibir mapas interactivos en su sitio web. Este complemento cuenta con una extensa gama de opciones de personalizaci\u00f3n, que le brinda la oportunidad de fabricar mapas distintivos que exuden la esencia de su contenido y acent\u00faan lugares significativos. Empleando tecnolog\u00eda de vanguardia, este complemento garantiza un rendimiento sin problemas y receptivos, facilitando as\u00ed la exploraci\u00f3n y navegaci\u00f3n sin esfuerzo para sus estimados visitantes. Independientemente de si su objetivo es mostrar propiedades, monitorear las rutas de viaje o presentar recursos comunitarios, el complemento de WordPress de Progress Map es una adici\u00f3n indispensable a cualquier sitio web que cuenta con mapas.<\/p>\n","protected":false},"featured_media":167267,"comment_status":"open","ping_status":"open","template":"","meta":[],"product_brand":[2339],"product_cat":[1214,1206,1211],"product_tag":[1256],"class_list":{"0":"post-110616","1":"product","2":"type-product","3":"status-publish","4":"has-post-thumbnail","6":"product_brand-codecanyon","7":"product_cat-personalizacion","8":"product_cat-plugins","9":"product_cat-wordpress-plugins","10":"product_tag-codecanyon","11":"member-discount","12":"discount-restricted","14":"first","15":"instock","16":"sale","17":"downloadable","18":"virtual","19":"sold-individually","20":"purchasable","21":"product-type-simple"},"_links":{"self":[{"href":"https:\/\/gpl-love.com\/es\/wp-json\/wp\/v2\/product\/110616","targetHints":{"allow":["GET"]}}],"collection":[{"href":"https:\/\/gpl-love.com\/es\/wp-json\/wp\/v2\/product"}],"about":[{"href":"https:\/\/gpl-love.com\/es\/wp-json\/wp\/v2\/types\/product"}],"replies":[{"embeddable":true,"href":"https:\/\/gpl-love.com\/es\/wp-json\/wp\/v2\/comments?post=110616"}],"wp:featuredmedia":[{"embeddable":true,"href":"https:\/\/gpl-love.com\/es\/wp-json\/wp\/v2\/media\/167267"}],"wp:attachment":[{"href":"https:\/\/gpl-love.com\/es\/wp-json\/wp\/v2\/media?parent=110616"}],"wp:term":[{"taxonomy":"product_brand","embeddable":true,"href":"https:\/\/gpl-love.com\/es\/wp-json\/wp\/v2\/product_brand?post=110616"},{"taxonomy":"product_cat","embeddable":true,"href":"https:\/\/gpl-love.com\/es\/wp-json\/wp\/v2\/product_cat?post=110616"},{"taxonomy":"product_tag","embeddable":true,"href":"https:\/\/gpl-love.com\/es\/wp-json\/wp\/v2\/product_tag?post=110616"}],"curies":[{"name":"wp","href":"https:\/\/api.w.org\/{rel}","templated":true}]}}