{"id":110614,"date":"2022-05-25T00:00:00","date_gmt":"2022-05-25T05:00:00","guid":{"rendered":"http:\/\/gpl-love.com\/es\/producto\/beehive-social-network-wordpress-theme\/"},"modified":"2026-03-13T17:16:28","modified_gmt":"2026-03-13T22:16:28","slug":"beehive-social-network-wordpress-theme","status":"publish","type":"product","link":"https:\/\/gpl-love.com\/es\/producto\/beehive-social-network-wordpress-theme\/","title":{"rendered":"Beehive Social Network WordPress Theme 1.4.5"},"content":{"rendered":"<h3>Beehive Social Network WordPress Theme Caracteristicas<\/h3>\n<p>El tema de WordPress de la red social de Beehive es un tema incre\u00edblemente robusto y f\u00e1cil de usar que ha sido dise\u00f1ado para ayudar a las personas y las empresas en la creaci\u00f3n de su propia red social. Este notable tema est\u00e1 proporcionado con una extensa variedad de caracter\u00edsticas esenciales que son absolutamente indispensables en el desarrollo de una red social exitosa. Estas caracter\u00edsticas abarcan perfiles de miembros, capacidades de mensajer\u00eda, funcionalidad grupal, sistemas de foro y alimentos de actividad, todos los cuales son componentes cruciales en la creaci\u00f3n de una red social vibrante y atractiva. Adem\u00e1s, el dise\u00f1o de este tema es innegablemente moderno, exudando una limpieza impecable y un nivel de personalizaci\u00f3n que es insuperable. Adem\u00e1s, este tema excepcional tambi\u00e9n est\u00e1 equipado con la caracter\u00edstica invaluable de la integraci\u00f3n de las redes sociales, lo que permite a los usuarios conectar sin esfuerzo sus cuentas de redes sociales con su red. En resumen, el tema de la red social de Beehive WordPress es una opci\u00f3n inequ\u00edvocamente excelente para aquellas personas que buscan construir una red social desde cero o mejorar una ya existente.<\/p>\n<ul>\n<li>Dise\u00f1o receptivo que se ve muy bien en cualquier dispositivo<\/li>\n<li>P\u00e1gina de inicio personalizable con m\u00faltiples opciones de dise\u00f1o<\/li>\n<li>Caracter\u00edsticas de intercambio social incorporadas para un f\u00e1cil intercambio de contenidos<\/li>\n<li>Perfiles de usuario personalizables con opciones para avatares de usuario y fotos de portada<\/li>\n<li>Integraci\u00f3n con plataformas de redes sociales populares como Facebook y Twitter<\/li>\n<li>Opciones para la funcionalidad de redes sociales, incluida la amistad de los usuarios, la mensajer\u00eda y la creaci\u00f3n de grupos<\/li>\n<li>Opciones incorporadas para monetizar su sitio con publicidad y marketing de afiliaci\u00f3n<\/li>\n<li>Compatible con la \u00faltima versi\u00f3n de WordPress y otros complementos populares<\/li>\n<li>Panel de opciones de temas f\u00e1ciles de usar para realizar cambios de personalizaci\u00f3n sin codificar<\/li>\n<li>Equipo de soporte dedicado disponible para ayudar con cualquier pregunta o problema.<\/li>\n<\/ul>\n","protected":false},"excerpt":{"rendered":"<p>Experimente el poder de la conexi\u00f3n con el tema de la red social de Beehive WordPress. Dise\u00f1ado con una est\u00e9tica elegante y moderna, este tema es perfecto para crear una red social atractiva e interactiva en su sitio de WordPress. El tema de la colmena est\u00e1 construido con un dise\u00f1o receptivo, asegurando una experiencia de usuario perfecta en cualquier dispositivo. Tambi\u00e9n es altamente personalizable, lo que le brinda la libertad de adaptar su red social a sus necesidades espec\u00edficas. Integrado con las populares plataformas de redes sociales, el tema de la colmena facilita que los usuarios compartan contenido e interact\u00faen entre s\u00ed. Disfrute de los beneficios de los dise\u00f1os de p\u00e1gina predise\u00f1ados y las opciones avanzadas de temas que vienen con este tema de WordPress. Tambi\u00e9n es amigable con SEO, lo que le ayuda a aumentar la visibilidad de su sitio en los motores de b\u00fasqueda. Cree una comunidad en l\u00ednea pr\u00f3spera con el tema de la red social de Beehive WordPress.<\/p>\n","protected":false},"featured_media":165468,"comment_status":"open","ping_status":"open","template":"","meta":[],"product_brand":[2337],"product_cat":[1267,1237,1238],"product_tag":[1391],"class_list":{"0":"post-110614","1":"product","2":"type-product","3":"status-publish","4":"has-post-thumbnail","6":"product_brand-themeforest","7":"product_cat-creativo","8":"product_cat-temas","9":"product_cat-wordpress-temas","10":"product_tag-themeforest","11":"member-discount","12":"discount-restricted","14":"first","15":"instock","16":"sale","17":"downloadable","18":"virtual","19":"sold-individually","20":"purchasable","21":"product-type-simple"},"_links":{"self":[{"href":"https:\/\/gpl-love.com\/es\/wp-json\/wp\/v2\/product\/110614","targetHints":{"allow":["GET"]}}],"collection":[{"href":"https:\/\/gpl-love.com\/es\/wp-json\/wp\/v2\/product"}],"about":[{"href":"https:\/\/gpl-love.com\/es\/wp-json\/wp\/v2\/types\/product"}],"replies":[{"embeddable":true,"href":"https:\/\/gpl-love.com\/es\/wp-json\/wp\/v2\/comments?post=110614"}],"wp:featuredmedia":[{"embeddable":true,"href":"https:\/\/gpl-love.com\/es\/wp-json\/wp\/v2\/media\/165468"}],"wp:attachment":[{"href":"https:\/\/gpl-love.com\/es\/wp-json\/wp\/v2\/media?parent=110614"}],"wp:term":[{"taxonomy":"product_brand","embeddable":true,"href":"https:\/\/gpl-love.com\/es\/wp-json\/wp\/v2\/product_brand?post=110614"},{"taxonomy":"product_cat","embeddable":true,"href":"https:\/\/gpl-love.com\/es\/wp-json\/wp\/v2\/product_cat?post=110614"},{"taxonomy":"product_tag","embeddable":true,"href":"https:\/\/gpl-love.com\/es\/wp-json\/wp\/v2\/product_tag?post=110614"}],"curies":[{"name":"wp","href":"https:\/\/api.w.org\/{rel}","templated":true}]}}