{"id":110610,"date":"2021-02-14T00:00:00","date_gmt":"2021-02-14T05:00:00","guid":{"rendered":"http:\/\/gpl-love.com\/es\/producto\/food-recipes-wordpress-theme\/"},"modified":"2026-03-13T17:21:00","modified_gmt":"2026-03-13T22:21:00","slug":"food-recipes-wordpress-theme","status":"publish","type":"product","link":"https:\/\/gpl-love.com\/es\/producto\/food-recipes-wordpress-theme\/","title":{"rendered":"Food Recipes WordPress Theme 4.0.5"},"content":{"rendered":"<h3>Food Recipes WordPress Theme Caracteristicas<\/h3>\n<p>Dise\u00f1ado para satisfacer las necesidades de los bloggers de alimentos, los sitios web de recetas y los entusiastas culinarios, el tema de WordPress vers\u00e1tiles y funcionales de WordPress ofrece m\u00faltiples dise\u00f1os preconstruidos, opciones de personalizaci\u00f3n y una interfaz amigable para el usuario. Con sus caracter\u00edsticas incorporadas como presentaciones de recetas, calificaciones y rese\u00f1as, este tema es perfecto para aquellos que desean involucrar a su audiencia y fomentar una comunidad en su sitio web. Adem\u00e1s, el tema de WordPress de las recetas de alimentos no solo est\u00e1 optimizado para el SEO sino tambi\u00e9n para la velocidad, asegurando que su sitio web se cargue r\u00e1pidamente y obtenga visibilidad en la primera p\u00e1gina de los resultados de b\u00fasqueda. Entonces, ya sea que sea un chef experimentado o simplemente se embarca en su viaje culinario en la industria alimentaria, este tema sirve como una opci\u00f3n ideal para mostrar sus habilidades culinarias excepcionales y compartir su profunda pasi\u00f3n por la comida con el mundo.<\/p>\n<ul>\n<li>Tema de WordPress dise\u00f1ado profesionalmente espec\u00edficamente para blogs sobre comida y recetas<\/li>\n<li>P\u00e1gina de inicio totalmente personalizable con opciones para exhibir recetas destacadas, publicaciones populares y m\u00e1s<\/li>\n<li>P\u00e1ginas de recetas claras y f\u00e1ciles de leer con listas de ingredientes personalizables, tiempos de cocci\u00f3n y tama\u00f1os de porci\u00f3n<\/li>\n<li>Formato de tarjeta de receta incorporado para facilitar que los lectores impriman o guarden recetas para m\u00e1s tarde<\/li>\n<li>Integraci\u00f3n con complementos de recetas populares como WP Recipe Maker y Cooked, brind\u00e1ndole a\u00fan m\u00e1s opciones para dise\u00f1ar y mostrar recetas<\/li>\n<li>El dise\u00f1o que responde a dispositivos m\u00f3viles garantiza que sus recetas se vean muy bien en cualquier dispositivo<\/li>\n<li>Los dise\u00f1os de blog personalizables y los formatos de publicaci\u00f3n le permiten mostrar una variedad de contenido desde la fotograf\u00eda de alimentos hasta las recetas escritas y todo lo dem\u00e1s entre<\/li>\n<li>La codificaci\u00f3n amigable para SEO ayuda a su blog a clasificar m\u00e1s alto en los resultados del motor de b\u00fasqueda<\/li>\n<li>Documentaci\u00f3n integral y soporte dedicado para ayudarlo a aprovechar al m\u00e1ximo su sitio de WordPress.<\/li>\n<\/ul>\n","protected":false},"excerpt":{"rendered":"<p>El tema de WordPress de las recetas de alimentos ha sido meticulosamente elaborado para satisfacer las necesidades de los bloggers de alimentos y los escritores de recetas que desean presentar su contenido de manera visualmente cautivadora y meticulosamente organizada. Este tema pone un fuerte \u00e9nfasis en el arte de la fotograf\u00eda de alimentos y el arte de la presentaci\u00f3n de recetas, que proporciona a los usuarios una gran cantidad de plantillas de recetas personalizables, c\u00f3digos cortos de recetas manejables sin esfuerzo y un sistema de clasificaci\u00f3n de recetas intuitiva. Adem\u00e1s, este tema ofrece una selecci\u00f3n diversa de dise\u00f1os de p\u00e1ginas de inicio, controles deslizantes y dise\u00f1os de blogs, otorgando a los usuarios una amplia gama de opciones para exhibir su contenido de una manera que refleje perfectamente su estilo \u00fanico y visi\u00f3n culinaria. Como una ventaja adicional, este tema es totalmente receptivo y cuidadosamente optimizado para los motores de b\u00fasqueda, asegurando que su sitio no solo cautive a su audiencia sino que tambi\u00e9n atraiga un flujo constante de tr\u00e1fico.<\/p>\n","protected":false},"featured_media":166130,"comment_status":"open","ping_status":"open","template":"","meta":[],"product_brand":[2337],"product_cat":[1646,1237,1238],"product_tag":[1391],"class_list":{"0":"post-110610","1":"product","2":"type-product","3":"status-publish","4":"has-post-thumbnail","6":"product_brand-themeforest","7":"product_cat-alimentacion-y-restaurante","8":"product_cat-temas","9":"product_cat-wordpress-temas","10":"product_tag-themeforest","11":"member-discount","12":"discount-restricted","14":"first","15":"instock","16":"sale","17":"downloadable","18":"virtual","19":"sold-individually","20":"purchasable","21":"product-type-simple"},"_links":{"self":[{"href":"https:\/\/gpl-love.com\/es\/wp-json\/wp\/v2\/product\/110610","targetHints":{"allow":["GET"]}}],"collection":[{"href":"https:\/\/gpl-love.com\/es\/wp-json\/wp\/v2\/product"}],"about":[{"href":"https:\/\/gpl-love.com\/es\/wp-json\/wp\/v2\/types\/product"}],"replies":[{"embeddable":true,"href":"https:\/\/gpl-love.com\/es\/wp-json\/wp\/v2\/comments?post=110610"}],"wp:featuredmedia":[{"embeddable":true,"href":"https:\/\/gpl-love.com\/es\/wp-json\/wp\/v2\/media\/166130"}],"wp:attachment":[{"href":"https:\/\/gpl-love.com\/es\/wp-json\/wp\/v2\/media?parent=110610"}],"wp:term":[{"taxonomy":"product_brand","embeddable":true,"href":"https:\/\/gpl-love.com\/es\/wp-json\/wp\/v2\/product_brand?post=110610"},{"taxonomy":"product_cat","embeddable":true,"href":"https:\/\/gpl-love.com\/es\/wp-json\/wp\/v2\/product_cat?post=110610"},{"taxonomy":"product_tag","embeddable":true,"href":"https:\/\/gpl-love.com\/es\/wp-json\/wp\/v2\/product_tag?post=110610"}],"curies":[{"name":"wp","href":"https:\/\/api.w.org\/{rel}","templated":true}]}}