{"id":110608,"date":"2025-10-28T00:00:00","date_gmt":"2025-10-28T05:00:00","guid":{"rendered":"http:\/\/gpl-love.com\/es\/producto\/spa-lab-beauty-salon-wordpress-theme\/"},"modified":"2026-03-13T17:29:29","modified_gmt":"2026-03-13T22:29:29","slug":"spa-lab-beauty-salon-wordpress-theme","status":"publish","type":"product","link":"https:\/\/gpl-love.com\/es\/producto\/spa-lab-beauty-salon-wordpress-theme\/","title":{"rendered":"Spalab 6.7"},"content":{"rendered":"<h3>Spalab Caracteristicas<\/h3>\n<p>El tema de WordPress de Spa Lab Beauty Salon es, sin duda, un producto extraordinario dise\u00f1ado espec\u00edficamente para la industria del sal\u00f3n de belleza. Este tema cuenta con un dise\u00f1o inmensamente intuitivo y contempor\u00e1neo, que presenta sin problemas una exquisita exquisici\u00f3n de los servicios y productos de su sal\u00f3n. Aligue una amplia gama de caracter\u00edsticas de vanguardia meticulosamente adaptadas a las necesidades \u00fanicas de un sal\u00f3n de belleza, que abarca la funcionalidad de reserva de citas, una integraci\u00f3n perfecta con las plataformas de redes sociales y una opci\u00f3n de galer\u00eda impresionante para mostrar sin esfuerzo su trabajo excepcional. Adem\u00e1s, su dise\u00f1o supremamente receptivo garantiza que su sitio web exude a gran brillantez y sofisticaci\u00f3n en todos los dispositivos, facilitando as\u00ed el acceso conveniente para sus estimados clientes, incluso mientras est\u00e1n en movimiento. Adem\u00e1s, el tema de WordPress de Spa Lab Beauty Salon proporciona un amplio repertorio de opciones de personalizaci\u00f3n que lo capacitan inequ\u00edvocamente para crear su sitio web de una manera que eclipse instant\u00e1neamente a sus competidores, estableciendo una marca indeleble para su marca en el reino digital. Sin lugar a dudas, el tema de WordPress del sal\u00f3n de belleza de Spa Lab Lab Representa inequ\u00edvocamente el ep\u00edtome de la excelencia, lo que lo convierte en una elecci\u00f3n incomparable para cada sal\u00f3n de belleza que aspira a establecer una presencia formidable en l\u00ednea y expandir su preciada base de clientes.<\/p>\n<ul>\n<li>Dise\u00f1o elegante y moderno perfecto para cualquier negocio de belleza o spa<\/li>\n<li>P\u00e1gina de inicio personalizable con una variedad de opciones de dise\u00f1o<\/li>\n<li>Sistema de reserva de citas incorporada para una f\u00e1cil programaci\u00f3n<\/li>\n<li>Integraci\u00f3n con servicios populares de marketing por correo electr\u00f3nico para mantener a los clientes informados sobre especiales y promociones<\/li>\n<li>Dise\u00f1o receptivo que se ve muy bien en los dispositivos de escritorio y m\u00f3viles<\/li>\n<li>P\u00e1ginas listas para usar para servicios, precios e informaci\u00f3n de contacto<\/li>\n<li>Integraci\u00f3n con plataformas de redes sociales para aumentar la presencia en l\u00ednea<\/li>\n<li>F\u00e1cil de actualizar y mantener utilizando la plataforma de WordPress<\/li>\n<li>Compatible con complementos populares como WooCommerce para vender productos y servicios en l\u00ednea<\/li>\n<li>Documentaci\u00f3n detallada y soporte para una configuraci\u00f3n y uso sin problemas<\/li>\n<\/ul>\n","protected":false},"excerpt":{"rendered":"<p>\u00a1Le presentamos el tema de WordPress de Spa Lab Beauty Salon, una soluci\u00f3n altamente innovadora e integral adaptada para mejorar su presencia en l\u00ednea para su estimado sal\u00f3n! Este notable tema cuenta con una gran cantidad de caracter\u00edsticas de vanguardia, meticulosamente elaboradas para satisfacer espec\u00edficamente las necesidades de los spas y los salones de belleza. Desde la comodidad de permitir que sus clientes reserven citas sin esfuerzo, hasta la flexibilidad de personalizar las tablas de precios para adaptarse a sus preferencias \u00fanicas, e incluso un blog sin problemas, dise\u00f1ado para mostrar su amplia gama de servicios y productos excepcionales, \u00a1este tema lo tiene todo! No solo encapsula estas funcionalidades notables, sino que tambi\u00e9n muestra una interfaz notablemente f\u00e1cil de usar, lo que le permite modificar y personalizar sin esfuerzo el aspecto de su sitio web, asegurando que se alinee perfectamente con su identidad de marca. Con el tema de WordPress de Spa Lab Beauty Salon como su compa\u00f1ero de confianza, tiene la garant\u00eda de atraer a una multitud de clientes potenciales, exhibir efectivamente sus servicios incomparables y finalmente expandir los horizontes de su pr\u00f3spero negocio en el vasto reino de la esfera en l\u00ednea.<\/p>\n","protected":false},"featured_media":167547,"comment_status":"open","ping_status":"open","template":"","meta":[],"product_brand":[2337],"product_cat":[1307,1237,1238],"product_tag":[1391],"class_list":{"0":"post-110608","1":"product","2":"type-product","3":"status-publish","4":"has-post-thumbnail","6":"product_brand-themeforest","7":"product_cat-negocio-wordpress-temas","8":"product_cat-temas","9":"product_cat-wordpress-temas","10":"product_tag-themeforest","11":"member-discount","12":"discount-restricted","14":"first","15":"instock","16":"sale","17":"downloadable","18":"virtual","19":"sold-individually","20":"purchasable","21":"product-type-simple"},"_links":{"self":[{"href":"https:\/\/gpl-love.com\/es\/wp-json\/wp\/v2\/product\/110608","targetHints":{"allow":["GET"]}}],"collection":[{"href":"https:\/\/gpl-love.com\/es\/wp-json\/wp\/v2\/product"}],"about":[{"href":"https:\/\/gpl-love.com\/es\/wp-json\/wp\/v2\/types\/product"}],"replies":[{"embeddable":true,"href":"https:\/\/gpl-love.com\/es\/wp-json\/wp\/v2\/comments?post=110608"}],"wp:featuredmedia":[{"embeddable":true,"href":"https:\/\/gpl-love.com\/es\/wp-json\/wp\/v2\/media\/167547"}],"wp:attachment":[{"href":"https:\/\/gpl-love.com\/es\/wp-json\/wp\/v2\/media?parent=110608"}],"wp:term":[{"taxonomy":"product_brand","embeddable":true,"href":"https:\/\/gpl-love.com\/es\/wp-json\/wp\/v2\/product_brand?post=110608"},{"taxonomy":"product_cat","embeddable":true,"href":"https:\/\/gpl-love.com\/es\/wp-json\/wp\/v2\/product_cat?post=110608"},{"taxonomy":"product_tag","embeddable":true,"href":"https:\/\/gpl-love.com\/es\/wp-json\/wp\/v2\/product_tag?post=110608"}],"curies":[{"name":"wp","href":"https:\/\/api.w.org\/{rel}","templated":true}]}}