{"id":110606,"date":"2024-02-14T00:00:00","date_gmt":"2024-02-14T05:00:00","guid":{"rendered":"http:\/\/gpl-love.com\/es\/producto\/hreflang-manager\/"},"modified":"2026-03-09T07:42:46","modified_gmt":"2026-03-09T12:42:46","slug":"hreflang-manager","status":"publish","type":"product","link":"https:\/\/gpl-love.com\/es\/producto\/hreflang-manager\/","title":{"rendered":"Hreflang Manager 1.32"},"content":{"rendered":"<h3>Hreflang Manager Caracteristicas<\/h3>\n<p>Hreflang Manager, una herramienta muy robusta y sofisticada meticulosamente elaborada con el \u00fanico prop\u00f3sito de ayudar a los propietarios y desarrolladores de sitios web a supervisar y organizar etiquetas de hreflang en sus sitios web multiling\u00fces, posee una serie de funcionalidades ventajosas que est\u00e1n vinculadas a usuarios atround. A trav\u00e9s de esta ingeniosa herramienta, los individuos pueden fabricar, modificar y mantener las etiquetas de hreflang dentro de una interfaz que exude la facilidad de uso y la accesibilidad. Entre sus capacidades notables se encuentran la facilitaci\u00f3n de la creaci\u00f3n de etiquetas a granel y la generaci\u00f3n autom\u00e1tica de etiquetas basadas en la intrincada estructura del sitio web. Al emplear al gerente de Hreflang, los propietarios de sitios web pueden garantizar con confianza que sus plataformas digitales est\u00e9n meticulosamente localizadas y dirigidas con precisi\u00f3n a su audiencia prevista. Adem\u00e1s, esta herramienta extraordinaria imparte un profundo impacto en los esfuerzos de optimizaci\u00f3n del motor de b\u00fasqueda (SEO) al optimizar los resultados del motor de b\u00fasqueda con una precisi\u00f3n impecable. En general, Hreflang Manager se destaca como un activo indispensable para cualquier persona con aspiraciones de fomentar un floreciente sitio web multiling\u00fce.<\/p>\n<ul>\n<li>La gesti\u00f3n de l\u00edneas de agenda de etiquetas Hreflang para sitios web multiling\u00fces y multinacionales<\/li>\n<li>Asegura que el contenido del sitio web se presente al p\u00fablico correcto en el idioma y la ubicaci\u00f3n correctos.<\/li>\n<li>Automatiza el proceso de etiquetado de Hreflang para ahorrar tiempo y reducir el riesgo de errores<\/li>\n<li>Proporciona una interfaz f\u00e1cil de usar para una f\u00e1cil navegaci\u00f3n y personalizaci\u00f3n<\/li>\n<li>Ofrece opciones flexibles para la personalizaci\u00f3n para satisfacer las necesidades y preferencias espec\u00edficas.<\/li>\n<li>Ayuda a mejorar el SEO del sitio web y a aumentar el tr\u00e1fico org\u00e1nico al mejorar la experiencia del usuario y las clasificaciones de b\u00fasqueda<\/li>\n<li>Compatible con varias plataformas CMS y se puede usar en varios sitios web<\/li>\n<li>Proporciona actualizaciones y soporte regulares para un rendimiento y funcionalidad \u00f3ptimos.<\/li>\n<\/ul>\n","protected":false},"excerpt":{"rendered":"<p>Hreflang Manager es una herramienta incre\u00edblemente robusta y efectiva que garantiza la implementaci\u00f3n y optimizaci\u00f3n correctas de las etiquetas Hreflang de su sitio web para mejorar sus esfuerzos multiling\u00fces de SEO. Al utilizar su interfaz f\u00e1cil de usar, puede manejar y supervisar sin esfuerzo las etiquetas de Hreflang para numerosos idiomas y variaciones regionales, lo que garantiza que los motores de b\u00fasqueda reconocen e indexan adecuadamente su sitio web para diversas regiones e idiomas. La utilizaci\u00f3n del gerente de Hreflang erradica la necesidad de la implementaci\u00f3n manual, lo que le ahorra un tiempo precioso y recursos valiosos a trav\u00e9s de sus capacidades de automatizaci\u00f3n. Haga una inversi\u00f3n inteligente en el gerente de Hreflang hoy y presencie el logro de clasificaciones superiores y una mayor visibilidad para su audiencia internacional.<\/p>\n","protected":false},"featured_media":166439,"comment_status":"open","ping_status":"open","template":"","meta":[],"product_brand":[2339],"product_cat":[1206,1360,1211],"product_tag":[1256],"class_list":{"0":"post-110606","1":"product","2":"type-product","3":"status-publish","4":"has-post-thumbnail","6":"product_brand-codecanyon","7":"product_cat-plugins","8":"product_cat-seo","9":"product_cat-wordpress-plugins","10":"product_tag-codecanyon","11":"member-discount","12":"discount-restricted","14":"first","15":"instock","16":"sale","17":"downloadable","18":"virtual","19":"sold-individually","20":"purchasable","21":"product-type-simple"},"_links":{"self":[{"href":"https:\/\/gpl-love.com\/es\/wp-json\/wp\/v2\/product\/110606","targetHints":{"allow":["GET"]}}],"collection":[{"href":"https:\/\/gpl-love.com\/es\/wp-json\/wp\/v2\/product"}],"about":[{"href":"https:\/\/gpl-love.com\/es\/wp-json\/wp\/v2\/types\/product"}],"replies":[{"embeddable":true,"href":"https:\/\/gpl-love.com\/es\/wp-json\/wp\/v2\/comments?post=110606"}],"wp:featuredmedia":[{"embeddable":true,"href":"https:\/\/gpl-love.com\/es\/wp-json\/wp\/v2\/media\/166439"}],"wp:attachment":[{"href":"https:\/\/gpl-love.com\/es\/wp-json\/wp\/v2\/media?parent=110606"}],"wp:term":[{"taxonomy":"product_brand","embeddable":true,"href":"https:\/\/gpl-love.com\/es\/wp-json\/wp\/v2\/product_brand?post=110606"},{"taxonomy":"product_cat","embeddable":true,"href":"https:\/\/gpl-love.com\/es\/wp-json\/wp\/v2\/product_cat?post=110606"},{"taxonomy":"product_tag","embeddable":true,"href":"https:\/\/gpl-love.com\/es\/wp-json\/wp\/v2\/product_tag?post=110606"}],"curies":[{"name":"wp","href":"https:\/\/api.w.org\/{rel}","templated":true}]}}