{"id":110602,"date":"2021-02-15T00:00:00","date_gmt":"2021-02-15T05:00:00","guid":{"rendered":"http:\/\/gpl-love.com\/es\/producto\/element-plus-wpbakery-page-builder-addon\/"},"modified":"2026-03-09T07:30:49","modified_gmt":"2026-03-09T12:30:49","slug":"element-plus-wpbakery-page-builder-addon","status":"publish","type":"product","link":"https:\/\/gpl-love.com\/es\/producto\/element-plus-wpbakery-page-builder-addon\/","title":{"rendered":"Element Plus WPBakery Page Builder Addon 2.0"},"content":{"rendered":"<h3>Element Plus WPBakery Page Builder Addon Caracteristicas<\/h3>\n<p>El elemento m\u00e1s WPBakery Page Builder Addon es una herramienta incre\u00edblemente robusta e influyente que se ha creado meticulosamente para aumentar las capacidades ya impresionantes del constructor de p\u00e1ginas de WPbakery para WordPress. Al incorporar este complemento fenomenal en su repertorio, los usuarios obtienen acceso a un surtido expansivo e incomparable de elementos novedosos y distintivos, incluidas, entre otros, animaciones impresionantes, captivaciones de precios, cuadros informativos, tentadoras de Timers de cuenta regresiva y una myriad de otras otras opciones cautivadoras. La verdadera belleza de estos elementos radica en su notable personalizaci\u00f3n, ya que pueden integrarse sin esfuerzo en el dise\u00f1o de cualquier sitio web, sin importar cu\u00e1n complejo o elaborado. La guinda del pastel es que el elemento m\u00e1s el complemento de constructor de p\u00e1ginas de WPbakery es una herramienta incre\u00edblemente f\u00e1cil de usar y accesible que no requiere ning\u00fan conocimiento de codificaci\u00f3n, que atiende tanto a los creadores ne\u00f3fitos como a los desarrolladores experimentados. Con su interfaz notablemente intuitiva y su documentaci\u00f3n integral, este complemento sirve como un activo invaluable, lo que permite a los creadores de sitios web optimizar su eficiencia, ahorrar grandes cantidades de tiempo precioso y fabricar sitios web visualmente impresionantes y estimulantes din\u00e1micos con facilidad incomparable y plenaidad.<\/p>\n<ul>\n<li>Mejora la funcionalidad de WPBakery Page Builder<\/li>\n<li>Agrega elementos de contenido adicionales al complemento<\/li>\n<li>Ofrece opciones personalizables para varios elementos<\/li>\n<li>Proporciona opciones de dise\u00f1o receptivas para todos los elementos<\/li>\n<li>F\u00e1cil de instalar y usar<\/li>\n<li>Ahorra tiempo creando dise\u00f1os personalizados<\/li>\n<li>Viene con una excelente atenci\u00f3n al cliente<\/li>\n<li>Totalmente compatible con la \u00faltima versi\u00f3n de WordPress<\/li>\n<li>Se puede utilizar para varios tipos de sitios web y proyectos web.<\/li>\n<li>Actualizado regularmente para garantizar un rendimiento de alta calidad<\/li>\n<\/ul>\n","protected":false},"excerpt":{"rendered":"<p>El elemento Plus WPBakery Page Builder Addon, que es una herramienta excepcional para mejorar los dise\u00f1os de su sitio web, ofrece una gran cantidad de elementos y caracter\u00edsticas novedosas que elevar\u00e1 sin esfuerzo el atractivo visual de sus p\u00e1ginas web. Este complemento superior, dise\u00f1ado exclusivamente para el constructor de p\u00e1ginas de WPBakery, presenta una amplia variedad de m\u00e1s de 50 componentes de contenido fresco, que abarca el carrusel avanzado y las opciones de presentaci\u00f3n de diapositivas, \u00edconos personalizados, fondos animados cautivadores y varias otras opciones notables. En consecuencia, el elemento m\u00e1s WPbakery Page Builder Addon lo equipa con todas las herramientas necesarias para dise\u00f1ar un sitio web que irradia profesionalismo. Independientemente de si posee habilidades de dise\u00f1o rudimentarias o avanzadas, se garantiza que este complemento agilice su flujo de trabajo, lo que le permite economizar un tiempo valioso y aumentar su destreza creativa. Abrace el poder transformador del elemento m\u00e1s el complemento de WPbakery Page Builder y brinde a su sitio web la actualizaci\u00f3n que merece hoy.<\/p>\n","protected":false},"featured_media":165938,"comment_status":"open","ping_status":"open","template":"","meta":[],"product_brand":[2339],"product_cat":[1214,1206,1211],"product_tag":[1256],"class_list":{"0":"post-110602","1":"product","2":"type-product","3":"status-publish","4":"has-post-thumbnail","6":"product_brand-codecanyon","7":"product_cat-personalizacion","8":"product_cat-plugins","9":"product_cat-wordpress-plugins","10":"product_tag-codecanyon","11":"member-discount","12":"discount-restricted","14":"first","15":"instock","16":"sale","17":"downloadable","18":"virtual","19":"sold-individually","20":"purchasable","21":"product-type-simple"},"_links":{"self":[{"href":"https:\/\/gpl-love.com\/es\/wp-json\/wp\/v2\/product\/110602","targetHints":{"allow":["GET"]}}],"collection":[{"href":"https:\/\/gpl-love.com\/es\/wp-json\/wp\/v2\/product"}],"about":[{"href":"https:\/\/gpl-love.com\/es\/wp-json\/wp\/v2\/types\/product"}],"replies":[{"embeddable":true,"href":"https:\/\/gpl-love.com\/es\/wp-json\/wp\/v2\/comments?post=110602"}],"wp:featuredmedia":[{"embeddable":true,"href":"https:\/\/gpl-love.com\/es\/wp-json\/wp\/v2\/media\/165938"}],"wp:attachment":[{"href":"https:\/\/gpl-love.com\/es\/wp-json\/wp\/v2\/media?parent=110602"}],"wp:term":[{"taxonomy":"product_brand","embeddable":true,"href":"https:\/\/gpl-love.com\/es\/wp-json\/wp\/v2\/product_brand?post=110602"},{"taxonomy":"product_cat","embeddable":true,"href":"https:\/\/gpl-love.com\/es\/wp-json\/wp\/v2\/product_cat?post=110602"},{"taxonomy":"product_tag","embeddable":true,"href":"https:\/\/gpl-love.com\/es\/wp-json\/wp\/v2\/product_tag?post=110602"}],"curies":[{"name":"wp","href":"https:\/\/api.w.org\/{rel}","templated":true}]}}