{"id":110596,"date":"2021-02-15T00:00:00","date_gmt":"2021-02-15T05:00:00","guid":{"rendered":"http:\/\/gpl-love.com\/es\/producto\/divi-filter-grid\/"},"modified":"2026-03-09T07:27:24","modified_gmt":"2026-03-09T12:27:24","slug":"divi-filter-grid","status":"publish","type":"product","link":"https:\/\/gpl-love.com\/es\/producto\/divi-filter-grid\/","title":{"rendered":"Divi Filter Grid 2.5.5"},"content":{"rendered":"<h3>Divi Filter Grid Caracteristicas<\/h3>\n<p>Divi Filter Grid, una herramienta altamente potente, permite a los usuarios crear redes exquisitas y funcionales sin esfuerzo en sus sitios web. Esta innovadora herramienta permite a los usuarios examinar su contenido y mostrarlo de manera visualmente cautivadora. Por lo tanto, sirve como una soluci\u00f3n excepcional para diversas entidades, como empresas, blogueros y propietarios de sitios web que anhelan exhibir su variedad de productos, servicios o cartera. El complemento se integra perfectamente con el tema Divi, aumentando as\u00ed la facilidad con la que los usuarios pueden personalizar la est\u00e9tica y el ambiente de sus sitios web. Aprovechando su interfaz de arrastrar y soltar f\u00e1cilmente de uso de usuarios, los usuarios pueden forjar r\u00e1pidamente sus propios filtros personalizados, dise\u00f1os de cuadr\u00edcula y opciones de clasificaci\u00f3n. Por lo tanto, si se busca una cuadr\u00edcula simple o un sistema de filtrado sofisticado, la cuadr\u00edcula de filtro Divi se erige como el remedio final.<\/p>\n<ul>\n<li>Dise\u00f1o de cuadr\u00edcula filtrable para el tema Divi<\/li>\n<li>Permite una organizaci\u00f3n f\u00e1cil y visualizaci\u00f3n de contenido.<\/li>\n<li>Opciones de filtro flexibles y personalizables<\/li>\n<li>Admite una variedad de tipos de medios, incluidas im\u00e1genes y videos<\/li>\n<li>Dise\u00f1o receptivo m\u00f3vil para una visualizaci\u00f3n perfecta en todos los dispositivos<\/li>\n<li>Incluye m\u00faltiples opciones de dise\u00f1o para diferentes preferencias de visualizaci\u00f3n<\/li>\n<li>Se integra a la perfecci\u00f3n con Divi Builder<\/li>\n<li>Interfaz de usuario simple para una f\u00e1cil configuraci\u00f3n y personalizaci\u00f3n<\/li>\n<li>Compatible con complementos populares y extensiones<\/li>\n<li>Proporciona un aspecto limpio y moderno para cualquier sitio web.<\/li>\n<\/ul>\n","protected":false},"excerpt":{"rendered":"<p>Divi Filter Grid es la soluci\u00f3n perfecta para organizar y mostrar su contenido en un dise\u00f1o de cuadr\u00edcula altamente personalizable, din\u00e1mico y receptivo. Este complemento de WordPress ofrece una interfaz f\u00e1cil de usar y f\u00e1cil de usar que le permite filtrar y ordenar su contenido en funci\u00f3n de diversos criterios, como categor\u00edas, etiquetas o taxonom\u00edas personalizadas.<\/p>\n<p>La cuadr\u00edcula de filtro Divi est\u00e1 dise\u00f1ada para funcionar a la perfecci\u00f3n con Divi Builder, lo que le permite crear impresionantes dise\u00f1os visuales sin necesidad de codificaci\u00f3n. Con sus opciones avanzadas de b\u00fasqueda y filtro, sus visitantes pueden encontrar r\u00e1pidamente el contenido que est\u00e1n buscando, mejorando su experiencia de usuario.<\/p>\n<p>Para los desarrolladores, el complemento ofrece amplias opciones de personalizaci\u00f3n. Puede modificar f\u00e1cilmente el dise\u00f1o de la cuadr\u00edcula, la tipograf\u00eda, los colores y m\u00e1s para que coincida perfectamente con la est\u00e9tica de su marca. Adem\u00e1s, la cuadr\u00edcula de filtro Divi es amigable para el m\u00f3vil, asegurando que su contenido se vea genial en todos los dispositivos.<\/p>\n<p>En conclusi\u00f3n, la red de filtro Divi es un complemento de potencia que mejora la funcionalidad y la est\u00e9tica de su sitio web, lo que lo hace m\u00e1s atractivo y f\u00e1cil de usar. Invertir<\/p>\n","protected":false},"featured_media":165784,"comment_status":"open","ping_status":"open","template":"","meta":[],"product_brand":[2417],"product_cat":[1214,1206,1211],"product_tag":[1641],"class_list":{"0":"post-110596","1":"product","2":"type-product","3":"status-publish","4":"has-post-thumbnail","6":"product_brand-diviplugins","7":"product_cat-personalizacion","8":"product_cat-plugins","9":"product_cat-wordpress-plugins","10":"product_tag-diviplugins","11":"member-discount","12":"discount-restricted","14":"first","15":"instock","16":"sale","17":"downloadable","18":"virtual","19":"sold-individually","20":"purchasable","21":"product-type-simple"},"_links":{"self":[{"href":"https:\/\/gpl-love.com\/es\/wp-json\/wp\/v2\/product\/110596","targetHints":{"allow":["GET"]}}],"collection":[{"href":"https:\/\/gpl-love.com\/es\/wp-json\/wp\/v2\/product"}],"about":[{"href":"https:\/\/gpl-love.com\/es\/wp-json\/wp\/v2\/types\/product"}],"replies":[{"embeddable":true,"href":"https:\/\/gpl-love.com\/es\/wp-json\/wp\/v2\/comments?post=110596"}],"wp:featuredmedia":[{"embeddable":true,"href":"https:\/\/gpl-love.com\/es\/wp-json\/wp\/v2\/media\/165784"}],"wp:attachment":[{"href":"https:\/\/gpl-love.com\/es\/wp-json\/wp\/v2\/media?parent=110596"}],"wp:term":[{"taxonomy":"product_brand","embeddable":true,"href":"https:\/\/gpl-love.com\/es\/wp-json\/wp\/v2\/product_brand?post=110596"},{"taxonomy":"product_cat","embeddable":true,"href":"https:\/\/gpl-love.com\/es\/wp-json\/wp\/v2\/product_cat?post=110596"},{"taxonomy":"product_tag","embeddable":true,"href":"https:\/\/gpl-love.com\/es\/wp-json\/wp\/v2\/product_tag?post=110596"}],"curies":[{"name":"wp","href":"https:\/\/api.w.org\/{rel}","templated":true}]}}