{"id":110594,"date":"2025-03-25T00:00:00","date_gmt":"2025-03-25T05:00:00","guid":{"rendered":"http:\/\/gpl-love.com\/es\/producto\/pw-woocommerce-gift-cards\/"},"modified":"2026-04-10T11:22:34","modified_gmt":"2026-04-10T16:22:34","slug":"pw-woocommerce-gift-cards","status":"publish","type":"product","link":"https:\/\/gpl-love.com\/es\/producto\/pw-woocommerce-gift-cards\/","title":{"rendered":"PW WooCommerce Gift Cards Pro 3.22"},"content":{"rendered":"<h3>PW WooCommerce Gift Cards Pro Caracteristicas<\/h3>\n<p>PW WooCommerce Gift Cards Pro es una soluci\u00f3n de tarjeta de regalo multifac\u00e9tica y que todo lo abarca espec\u00edficamente para las tiendas WooCommerce. Esta notable soluci\u00f3n permite a los propietarios de tiendas crear y comercializar tarjetas de regalo que hacen alarde de dise\u00f1os a medida, valores personalizables y regulaciones de canje personalizadas. Adem\u00e1s, este complemento excepcional va m\u00e1s all\u00e1 al incorporar funcionalidades adicionales, incluidas las capacidades de compra a granel, la capacidad de canjear tarjetas de regalo parcialmente y la oportunidad de monitorear y rastrear meticulosamente los saldos de la tarjeta de regalo. Como resultado, las tarjetas de regalo de PW WooCommerce Pro otorgan una experiencia de tarjeta de regalo perfecta e incomparable tanto en comerciantes como para clientes. Al integrar esta extraordinaria soluci\u00f3n en sus tiendas de WooCommerce, los comerciantes pueden aumentar efectivamente sus cifras de ventas y cultivar la lealtad inquebrantable del cliente, todo mientras ofrece una opci\u00f3n de regalos muy conveniente y notablemente flexible.<\/p>\n<ul>\n<li>Permite a los clientes comprar y dar tarjetas de regalo a amigos y familiares como regalos<\/li>\n<li>Plantillas de tarjeta de regalo personalizables disponibles<\/li>\n<li>Establezca cantidades de tarjeta de regalo y permita un uso parcial<\/li>\n<li>Compatible con WooCommerce, la plataforma de comercio electr\u00f3nico l\u00edder<\/li>\n<li>Genera autom\u00e1ticamente c\u00f3digos de tarjeta de regalo \u00fanicos para cada compra<\/li>\n<li>Ver y administrar el saldo de la tarjeta de regalo en el tablero de administraci\u00f3n<\/li>\n<li>Enviar notificaciones de tarjeta de regalo a los destinatarios por correo electr\u00f3nico<\/li>\n<li>Opci\u00f3n para establecer fechas de vencimiento para tarjetas de regalo<\/li>\n<li>Historial de compra y registros de actividades disponibles para fines de seguimiento<\/li>\n<li>Soporte multi-monedas para empresas globales.<\/li>\n<\/ul>\n","protected":false},"excerpt":{"rendered":"<p>Si est\u00e1 en busca de un m\u00e9todo sin esfuerzo y sin esfuerzo para proporcionar tarjetas de regalo en su tienda WooCommerce, no busque m\u00e1s all\u00e1 de la notable PW WooCommerce Gift Tards Pro. Este complemento excepcionalmente robusto le otorga la capacidad de adaptar tarjetas de regalo de acuerdo con sus preferencias personales de marca y dise\u00f1o, establecer fechas de vencimiento y umbrales de gasto m\u00ednimo y monitorear sin esfuerzo el uso de tarjetas de regalo. Adem\u00e1s, con una amplia gama de opciones de pago y redenci\u00f3n a su disposici\u00f3n, puede presentar sin esfuerzo a sus clientes una soluci\u00f3n de tarjeta de regalo conveniente y adaptable. \u00a1Eleve el juego de su tarjeta de regalo a nuevas alturas adquiriendo PW WooCommerce Gift Cards Pro sin demora!<\/p>\n","protected":false},"featured_media":167293,"comment_status":"open","ping_status":"open","template":"","meta":[],"product_brand":[2542],"product_cat":[1207,1225,1206],"product_tag":[1574],"class_list":{"0":"post-110594","1":"product","2":"type-product","3":"status-publish","4":"has-post-thumbnail","6":"product_brand-pimwick","7":"product_cat-comercio-electronico-plugins","8":"product_cat-marketing","9":"product_cat-plugins","10":"product_tag-pimwick","11":"member-discount","12":"discount-restricted","14":"first","15":"instock","16":"sale","17":"downloadable","18":"virtual","19":"sold-individually","20":"purchasable","21":"product-type-simple"},"_links":{"self":[{"href":"https:\/\/gpl-love.com\/es\/wp-json\/wp\/v2\/product\/110594","targetHints":{"allow":["GET"]}}],"collection":[{"href":"https:\/\/gpl-love.com\/es\/wp-json\/wp\/v2\/product"}],"about":[{"href":"https:\/\/gpl-love.com\/es\/wp-json\/wp\/v2\/types\/product"}],"replies":[{"embeddable":true,"href":"https:\/\/gpl-love.com\/es\/wp-json\/wp\/v2\/comments?post=110594"}],"wp:featuredmedia":[{"embeddable":true,"href":"https:\/\/gpl-love.com\/es\/wp-json\/wp\/v2\/media\/167293"}],"wp:attachment":[{"href":"https:\/\/gpl-love.com\/es\/wp-json\/wp\/v2\/media?parent=110594"}],"wp:term":[{"taxonomy":"product_brand","embeddable":true,"href":"https:\/\/gpl-love.com\/es\/wp-json\/wp\/v2\/product_brand?post=110594"},{"taxonomy":"product_cat","embeddable":true,"href":"https:\/\/gpl-love.com\/es\/wp-json\/wp\/v2\/product_cat?post=110594"},{"taxonomy":"product_tag","embeddable":true,"href":"https:\/\/gpl-love.com\/es\/wp-json\/wp\/v2\/product_tag?post=110594"}],"curies":[{"name":"wp","href":"https:\/\/api.w.org\/{rel}","templated":true}]}}