{"id":110592,"date":"2021-04-17T00:00:00","date_gmt":"2021-04-17T05:00:00","guid":{"rendered":"http:\/\/gpl-love.com\/es\/producto\/additional-variation-images-gallery-for-woocommerce-pro\/"},"modified":"2026-04-10T11:29:45","modified_gmt":"2026-04-10T16:29:45","slug":"additional-variation-images-gallery-for-woocommerce-pro","status":"publish","type":"product","link":"https:\/\/gpl-love.com\/es\/producto\/additional-variation-images-gallery-for-woocommerce-pro\/","title":{"rendered":"Urban Mag News y Magazine WordPress Theme 1.3.1"},"content":{"rendered":"<h3>Urban Mag News y Magazine WordPress Theme Caracteristicas<\/h3>\n<p>El tema de WordPress de Urban Mag News and Magazine es un tema excepcional y altamente receptivo que est\u00e1 espec\u00edficamente dise\u00f1ado para servir revistas en l\u00ednea, portales de noticias y otros sitios web editoriales. Posee un dise\u00f1o de vanguardia y cautivador que se puede personalizar y adaptarse f\u00e1cilmente para que coincida con su identidad de marca \u00fanica. Una de sus cualidades notables se encuentra en su interfaz f\u00e1cil de usar que garantiza una experiencia de usuario perfecta y sin esfuerzo. Adem\u00e1s, ofrece una amplia gama de caracter\u00edsticas, como un sistema de revisi\u00f3n integrado, una integraci\u00f3n perfecta con varias plataformas de redes sociales y una selecci\u00f3n diversa de formatos de publicaci\u00f3n, facilitando as\u00ed la creaci\u00f3n de contenido cautivador que se destaca del resto. Con su s\u00f3lido backend y una mir\u00edada de widgets personalizados, el tema de WordPress de Urban Mag News and Magazine demuestra ser una opci\u00f3n ideal para las personas que buscan establecer un sitio web profesional que est\u00e9 repleto de caracter\u00edsticas avanzadas, al tiempo que se optimiza simult\u00e1neamente para la optimizaci\u00f3n de motores de b\u00fasqueda (SEO (SEO ) y experiencia del usuario. En resumen, este tema es muy recomendable para cualquier persona que busque desarrollar una revista en l\u00ednea de primer nivel o un sitio web de noticias que no solo ofrece contenido convincente, sino que tambi\u00e9n garantiza una participaci\u00f3n incomparable del usuario.<\/p>\n<ul>\n<li>Dise\u00f1ado espec\u00edficamente para sitios web de revistas y noticias urbanas<\/li>\n<li>Dise\u00f1o totalmente receptivo para una visualizaci\u00f3n \u00f3ptima en todos los dispositivos<\/li>\n<li>Una variedad de dise\u00f1os de p\u00e1gina de inicio personalizables para elegir<\/li>\n<li>Incluye un potente constructor de p\u00e1ginas de arrastrar y soltar para una f\u00e1cil personalizaci\u00f3n<\/li>\n<li>Panel de opciones de tema extensas para personalizar colores, fuentes y m\u00e1s<\/li>\n<li>Se integra con plataformas de redes sociales populares para un f\u00e1cil intercambio de contenidos<\/li>\n<li>Compatible con WooCommerce para vender productos y monetizar su sitio<\/li>\n<li>Funcionalidad de b\u00fasqueda avanzada para que los usuarios encuentren r\u00e1pidamente el contenido que est\u00e1n buscando<\/li>\n<li>Formatos de publicaci\u00f3n personalizables para crear un aspecto \u00fanico para cada art\u00edculo<\/li>\n<li>Bundido con varios widgets y c\u00f3digos cortos personalizados para funcionalidad adicional.<\/li>\n<\/ul>\n","protected":false},"excerpt":{"rendered":"<p>El tema de WordPress de Urban Mag News and Magazine ofrece una plantilla de sitio web ideal para blogueros y medios de comunicaci\u00f3n que buscan establecer una presencia en l\u00ednea sofisticada y actualizada. Este tema proporciona varias opciones de dise\u00f1o, widgets personalizables y un dise\u00f1o receptivo, por lo que es f\u00e1cil presentar sus art\u00edculos, im\u00e1genes y videos m\u00e1s recientes. Adem\u00e1s, tiene la capacidad de incorporar encabezados y pies de p\u00e1gina personalizados, seleccionar entre una amplia gama de opciones de fuentes e integrar sin problemas los alimentos en las redes sociales, facilitando una interacci\u00f3n mejorada con su audiencia. Al utilizar el tema Urban Mag, tiene la oportunidad de mejorar su marca en l\u00ednea y dejar un impacto duradero en sus lectores.<\/p>\n","protected":false},"featured_media":167906,"comment_status":"open","ping_status":"open","template":"","meta":[],"product_brand":[2337],"product_cat":[1245,1237,1238],"product_tag":[1391],"class_list":{"0":"post-110592","1":"product","2":"type-product","3":"status-publish","4":"has-post-thumbnail","6":"product_brand-themeforest","7":"product_cat-blog-revista","8":"product_cat-temas","9":"product_cat-wordpress-temas","10":"product_tag-themeforest","11":"member-discount","12":"discount-restricted","14":"first","15":"instock","16":"sale","17":"downloadable","18":"virtual","19":"sold-individually","20":"purchasable","21":"product-type-simple"},"_links":{"self":[{"href":"https:\/\/gpl-love.com\/es\/wp-json\/wp\/v2\/product\/110592","targetHints":{"allow":["GET"]}}],"collection":[{"href":"https:\/\/gpl-love.com\/es\/wp-json\/wp\/v2\/product"}],"about":[{"href":"https:\/\/gpl-love.com\/es\/wp-json\/wp\/v2\/types\/product"}],"replies":[{"embeddable":true,"href":"https:\/\/gpl-love.com\/es\/wp-json\/wp\/v2\/comments?post=110592"}],"wp:featuredmedia":[{"embeddable":true,"href":"https:\/\/gpl-love.com\/es\/wp-json\/wp\/v2\/media\/167906"}],"wp:attachment":[{"href":"https:\/\/gpl-love.com\/es\/wp-json\/wp\/v2\/media?parent=110592"}],"wp:term":[{"taxonomy":"product_brand","embeddable":true,"href":"https:\/\/gpl-love.com\/es\/wp-json\/wp\/v2\/product_brand?post=110592"},{"taxonomy":"product_cat","embeddable":true,"href":"https:\/\/gpl-love.com\/es\/wp-json\/wp\/v2\/product_cat?post=110592"},{"taxonomy":"product_tag","embeddable":true,"href":"https:\/\/gpl-love.com\/es\/wp-json\/wp\/v2\/product_tag?post=110592"}],"curies":[{"name":"wp","href":"https:\/\/api.w.org\/{rel}","templated":true}]}}