{"id":110591,"date":"2021-10-03T00:00:00","date_gmt":"2021-10-03T05:00:00","guid":{"rendered":"http:\/\/gpl-love.com\/es\/producto\/rafflepress-pro-the-best-wordpress-giveaway-and-contest-plugin\/"},"modified":"2026-04-10T11:22:47","modified_gmt":"2026-04-10T16:22:47","slug":"rafflepress-pro-the-best-wordpress-giveaway-and-contest-plugin","status":"publish","type":"product","link":"https:\/\/gpl-love.com\/es\/producto\/rafflepress-pro-the-best-wordpress-giveaway-and-contest-plugin\/","title":{"rendered":"RafflePress Pro The Best WordPress Giveaway y Contest Plugin 1.9.0"},"content":{"rendered":"<h3>RafflePress Pro The Best WordPress Giveaway y Contest Plugin Caracteristicas<\/h3>\n<p>Rafflepress Pro, un complemento excepcional de WordPress de calidad notable, permite a sus usuarios generar y administrar regalos y concursos sin esfuerzo. Ofreciendo una interfaz f\u00e1cil de usar y una amplia gama de opciones personalizables, Rafflepress Pro surge como la soluci\u00f3n definitiva para empresas y bloggers que buscan mejorar el compromiso y expandir su audiencia. Este complemento est\u00e1 fortificado con funcionalidades s\u00f3lidas, incluida la integraci\u00f3n perfecta con las plataformas de redes sociales, la incorporaci\u00f3n de estrategias de marketing por correo electr\u00f3nico y la provisi\u00f3n de herramientas de seguimiento y an\u00e1lisis de vanguardia. Al aprovechar RafflePress Pro, los usuarios pueden desarrollar formularios de inscripci\u00f3n personalizados, establecer mecanismos de selecci\u00f3n de ganadores automatizados y supervisar convenientemente entradas y premios. Si el objetivo de uno es ejecutar un sorteo simple o un concurso m\u00e1s intrincado, sin una pizca de duda, RafflePress Pro emerge como la opci\u00f3n m\u00e1s importante para integrarse con el sitio web de WordPress.<\/p>\n<ul>\n<li>Construya y ejecute obsequios hermosos y efectivos en su sitio web de WordPress<\/li>\n<li>Cree concursos atractivos que capten la atenci\u00f3n y aumenten el tr\u00e1fico de su sitio web<\/li>\n<li>Aprovechar la integraci\u00f3n de las redes sociales para expandir r\u00e1pidamente el alcance de su sorteo y impulsar el compromiso<\/li>\n<li>Personalice su sorteo o concurso con plantillas y temas atractivos para que coincida con su marca<\/li>\n<li>La interfaz intuitiva y f\u00e1cil de usar facilita la creaci\u00f3n y administraci\u00f3n de sus regalos y concursos<\/li>\n<li>Compatible con una variedad de plataformas de marketing por correo electr\u00f3nico y CRM, incluidos MailChimp, Convertkit y m\u00e1s<\/li>\n<li>Acceso a caracter\u00edsticas avanzadas como intercambio viral, regalos de varios pasos y protecci\u00f3n de fraude con la actualizaci\u00f3n de la versi\u00f3n Pro<\/li>\n<li>El soporte y las actualizaciones continuas aseguran que su sorteo o concurso siempre se mantenga actualizado y completamente funcional.<\/li>\n<\/ul>\n","protected":false},"excerpt":{"rendered":"<p>RafflePress Pro, el incomparable complemento de WordPress dise\u00f1ado para facilitar el alojamiento de regalos y concursos cautivadores en su estimado sitio web, cuenta con una interfaz intuitiva y una variedad de opciones de personalizaci\u00f3n que le permiten forjar campa\u00f1as virales sin esfuerzo que no solo refuerzan el tr\u00e1fico, sino que tambi\u00e9n lidera a Garner lidera y fomentar el compromiso. Ya sea que su ambici\u00f3n radica en expandir su lista de correo electr\u00f3nico, encender un fervor en las plataformas de redes sociales o expresar su gratitud a su clientela devota, RafflePress Pro abarca todas las herramientas y caracter\u00edsticas esenciales necesarias para su triunfo. Por lo tanto, \u00bfpor qu\u00e9 demorarse m\u00e1s? \u00a1Eleve su experiencia actualizando a RafflePress Pro hoy y comience a operar regalos triunfantes y concursos con un aire de profesionalismo consumado!<\/p>\n","protected":false},"featured_media":167308,"comment_status":"open","ping_status":"closed","template":"","meta":[],"product_brand":[2544],"product_cat":[1214,1206,1211],"product_tag":[1636],"class_list":{"0":"post-110591","1":"product","2":"type-product","3":"status-publish","4":"has-post-thumbnail","6":"product_brand-rafflepress","7":"product_cat-personalizacion","8":"product_cat-plugins","9":"product_cat-wordpress-plugins","10":"product_tag-rafflepress","11":"member-discount","12":"discount-restricted","14":"first","15":"instock","16":"sale","17":"downloadable","18":"virtual","19":"sold-individually","20":"purchasable","21":"product-type-simple"},"_links":{"self":[{"href":"https:\/\/gpl-love.com\/es\/wp-json\/wp\/v2\/product\/110591","targetHints":{"allow":["GET"]}}],"collection":[{"href":"https:\/\/gpl-love.com\/es\/wp-json\/wp\/v2\/product"}],"about":[{"href":"https:\/\/gpl-love.com\/es\/wp-json\/wp\/v2\/types\/product"}],"replies":[{"embeddable":true,"href":"https:\/\/gpl-love.com\/es\/wp-json\/wp\/v2\/comments?post=110591"}],"wp:featuredmedia":[{"embeddable":true,"href":"https:\/\/gpl-love.com\/es\/wp-json\/wp\/v2\/media\/167308"}],"wp:attachment":[{"href":"https:\/\/gpl-love.com\/es\/wp-json\/wp\/v2\/media?parent=110591"}],"wp:term":[{"taxonomy":"product_brand","embeddable":true,"href":"https:\/\/gpl-love.com\/es\/wp-json\/wp\/v2\/product_brand?post=110591"},{"taxonomy":"product_cat","embeddable":true,"href":"https:\/\/gpl-love.com\/es\/wp-json\/wp\/v2\/product_cat?post=110591"},{"taxonomy":"product_tag","embeddable":true,"href":"https:\/\/gpl-love.com\/es\/wp-json\/wp\/v2\/product_tag?post=110591"}],"curies":[{"name":"wp","href":"https:\/\/api.w.org\/{rel}","templated":true}]}}