{"id":110586,"date":"2026-04-30T00:00:00","date_gmt":"2026-04-30T05:00:00","guid":{"rendered":"http:\/\/gpl-love.com\/es\/producto\/buddyboss-platform-pro\/"},"modified":"2026-04-30T17:15:31","modified_gmt":"2026-04-30T22:15:31","slug":"buddyboss-platform-pro","status":"publish","type":"product","link":"https:\/\/gpl-love.com\/es\/producto\/buddyboss-platform-pro\/","title":{"rendered":"BuddyBoss Platform Pro 2.13.2"},"content":{"rendered":"<h3>BuddyBoss Platform Pro Caracteristicas<\/h3>\n<p>Buddyboss Platform Pro, un complemento robusto y vers\u00e1til de WordPress, presenta una gama integral de caracter\u00edsticas y herramientas para construir y supervisar comunidades en l\u00ednea, sitios de membres\u00eda y plataformas de aprendizaje electr\u00f3nico. Este complemento muestra su destreza a trav\u00e9s de una interfaz intuitiva de arrastrar y soltar y plantillas personalizables, facilitando la creaci\u00f3n de experiencias en l\u00ednea cautivadoras e interactivas que atienden precisamente a las demandas \u00fanicas de su p\u00fablico objetivo. Ya sea que busque fomentar las redes sociales y el intercambio de contenidos, inculcar elementos de gamificaci\u00f3n o establecer cursos, Buddyboss Platform Pro proporciona una multitud de soluciones que pueden personalizarse perfectamente para alinearse con sus requisitos espec\u00edficos. Como resultado, este complemento demuestra ser una selecci\u00f3n \u00f3ptima para empresarios, educadores y organizaciones con el objetivo de aumentar su presencia en l\u00ednea y estimular formas novedosas y emocionantes de compromiso de la audiencia.<\/p>\n<ul>\n<li>Plataforma multifuncional para construir comunidades y membres\u00edas en l\u00ednea<\/li>\n<li>Capacidad para crear perfiles de usuario y grupos de usuarios personalizados<\/li>\n<li>Admite m\u00faltiples idiomas y opciones de divisas<\/li>\n<li>Caracter\u00edsticas de gamificaci\u00f3n incorporadas para involucrar a los usuarios<\/li>\n<li>Integraci\u00f3n con complementos y servicios populares de terceros<\/li>\n<li>Capacidades de an\u00e1lisis e informes avanzados<\/li>\n<li>Opciones de dise\u00f1o y marca personalizables<\/li>\n<li>Respondida a dispositivos m\u00f3viles y optimizado para el rendimiento<\/li>\n<li>Herramientas integrales de gesti\u00f3n de usuarios y moderaci\u00f3n<\/li>\n<li>Arquitectura segura y escalable para sitios web de alto tr\u00e1fico<\/li>\n<\/ul>\n","protected":false},"excerpt":{"rendered":"<p>Buddyboss Platform Pro es una soluci\u00f3n de primer nivel que proporciona una interfaz perfecta para crear y administrar comunidades en l\u00ednea, membres\u00edas y plataformas de aprendizaje electr\u00f3nico. Es una herramienta robusta y totalmente personalizable dise\u00f1ada para maximizar la participaci\u00f3n del usuario y aumentar la conectividad. Con BuddyBoss, puede administrar sin esfuerzo su comunidad, crear cursos interesantes y ofrecer membres\u00edas \u00fanicas. Se integra a la perfecci\u00f3n con los complementos populares de WordPress y ofrece caracter\u00edsticas exclusivas como mensajes privados, grupos sociales y conexiones para miembros. Esta plataforma avanzada es f\u00e1cil de usar, ofreciendo una interfaz intuitiva que no requiere experiencia de codificaci\u00f3n previa. Buddyboss asegura que sus miembros tengan una experiencia en l\u00ednea excepcional, fomentando conexiones m\u00e1s fuertes y mejorando el aprendizaje en l\u00ednea. Es una excelente herramienta para las empresas que buscan crear una comunidad en l\u00ednea pr\u00f3spera al tiempo que ofrece contenido y cursos premium. Con Buddyboss Platform Pro, puede desbloquear interminables oportunidades para el crecimiento y la innovaci\u00f3n.<\/p>\n","protected":false},"featured_media":165567,"comment_status":"open","ping_status":"open","template":"","meta":[],"product_brand":[2388],"product_cat":[1325,1206,1211],"product_tag":[1505],"class_list":{"0":"post-110586","1":"product","2":"type-product","3":"status-publish","4":"has-post-thumbnail","6":"product_brand-buddyboss","7":"product_cat-afiliacion","8":"product_cat-plugins","9":"product_cat-wordpress-plugins","10":"product_tag-buddyboss","11":"member-discount","12":"discount-restricted","14":"first","15":"instock","16":"sale","17":"downloadable","18":"virtual","19":"sold-individually","20":"purchasable","21":"product-type-simple"},"_links":{"self":[{"href":"https:\/\/gpl-love.com\/es\/wp-json\/wp\/v2\/product\/110586","targetHints":{"allow":["GET"]}}],"collection":[{"href":"https:\/\/gpl-love.com\/es\/wp-json\/wp\/v2\/product"}],"about":[{"href":"https:\/\/gpl-love.com\/es\/wp-json\/wp\/v2\/types\/product"}],"replies":[{"embeddable":true,"href":"https:\/\/gpl-love.com\/es\/wp-json\/wp\/v2\/comments?post=110586"}],"wp:featuredmedia":[{"embeddable":true,"href":"https:\/\/gpl-love.com\/es\/wp-json\/wp\/v2\/media\/165567"}],"wp:attachment":[{"href":"https:\/\/gpl-love.com\/es\/wp-json\/wp\/v2\/media?parent=110586"}],"wp:term":[{"taxonomy":"product_brand","embeddable":true,"href":"https:\/\/gpl-love.com\/es\/wp-json\/wp\/v2\/product_brand?post=110586"},{"taxonomy":"product_cat","embeddable":true,"href":"https:\/\/gpl-love.com\/es\/wp-json\/wp\/v2\/product_cat?post=110586"},{"taxonomy":"product_tag","embeddable":true,"href":"https:\/\/gpl-love.com\/es\/wp-json\/wp\/v2\/product_tag?post=110586"}],"curies":[{"name":"wp","href":"https:\/\/api.w.org\/{rel}","templated":true}]}}