{"id":110584,"date":"2026-02-24T00:00:00","date_gmt":"2026-02-24T05:00:00","guid":{"rendered":"http:\/\/gpl-love.com\/es\/producto\/buddyboss-theme\/"},"modified":"2026-03-13T17:17:10","modified_gmt":"2026-03-13T22:17:10","slug":"buddyboss-theme","status":"publish","type":"product","link":"https:\/\/gpl-love.com\/es\/producto\/buddyboss-theme\/","title":{"rendered":"BuddyBoss Theme 2.19.0"},"content":{"rendered":"<h3>BuddyBoss Theme Caracteristicas<\/h3>\n<p>El tema de BuddyBoss, un tema de WordPress de inmenso poder, cuenta con una extensa gama de caracter\u00edsticas y opciones, lo que permite a los usuarios dise\u00f1ar un sitio web que no sea solo \u00fanico en su tipo sino tambi\u00e9n cautivador. Este tema, meticulosamente dise\u00f1ado para atender espec\u00edficamente a los sitios comunitarios y de membres\u00eda, ofrece posibilidades de personalizaci\u00f3n ilimitadas y una gran cantidad de plantillas y dise\u00f1os predise\u00f1ados que sirven como trampol\u00edn para un comienzo r\u00e1pido y sin esfuerzo. Con su interfaz instintiva y dise\u00f1o centrado en el usuario, el tema de BuddyBoss facilita la creaci\u00f3n de comunidades en l\u00ednea vibrantes e interactivas, con perfiles de miembros a medida, funcionalidades de redes sociales y una variedad de otras caracter\u00edsticas notables. Ya sea que la ambici\u00f3n reside en la construcci\u00f3n de un curso en l\u00ednea, una red social o una plataforma basada en la membres\u00eda, el tema de BuddyBoss se erige como una soluci\u00f3n con todo incluido, equipando a los usuarios con todo lo necesario para establecer una presencia en l\u00ednea perfecta y pulida. Entonces, \u00bfpor qu\u00e9 retrasar m\u00e1s? \u00a1Aproveche la oportunidad de embarcarse en su viaje de construir una comunidad en l\u00ednea con el tema de BuddyBoss hoy!<\/p>\n<ul>\n<li>Un tema de WordPress elegante y moderno dise\u00f1ado espec\u00edficamente para crear una red social o una comunidad en l\u00ednea<\/li>\n<li>Incluye caracter\u00edsticas avanzadas para perfiles de usuario, redes sociales y flujos de actividad<\/li>\n<li>Totalmente personalizable con un editor visual de arrastrar y soltar y m\u00faltiples esquemas de color para elegir<\/li>\n<li>Integraci\u00f3n perfecta con complementos populares como WooCommerce, BbPress y LearnDash<\/li>\n<li>El dise\u00f1o que responde a dispositivos m\u00f3viles asegura que se pueda acceder a su comunidad desde cualquier dispositivo<\/li>\n<li>Optimizado para la velocidad y el SEO para mejorar el rendimiento y la visibilidad de su sitio en los motores de b\u00fasqueda<\/li>\n<li>Documentaci\u00f3n extensa y equipo de soporte dedicado disponible para ayudarlo a aprovechar al m\u00e1ximo su tema<\/li>\n<li>Actualizaciones peri\u00f3dicas y nuevas caracter\u00edsticas lanzadas para mejorar y evolucionar continuamente su sitio de la comunidad con el tiempo.<\/li>\n<\/ul>\n","protected":false},"excerpt":{"rendered":"<p>Experimente el poder y la flexibilidad del tema de BuddyBoss, una soluci\u00f3n principal para comunidades en l\u00ednea, membres\u00edas y plataformas de eLearning. Dise\u00f1ado para ser altamente personalizable, se integra perfectamente con WordPress y BuddyPress, lo que le brinda la libertad de crear un espacio en l\u00ednea \u00fanico que se alinee con su marca. Ya sea que sea un desarrollador experimentado o simplemente comience, BuddyBoss Theme ofrece una interfaz intuitiva y f\u00e1cil de usar que simplifica el proceso de construcci\u00f3n del sitio web. Adem\u00e1s, admite caracter\u00edsticas de varios idiomas y RTL, lo que lo hace accesible para una audiencia global. Beneficiarse de las integraciones incorporadas con complementos populares de comercio electr\u00f3nico y aprendizaje electr\u00f3nico como WooCommerce y LearnDash. Con el tema de BuddyBoss, obtienes un dise\u00f1o de respuesta m\u00f3vil que garantiza que tu plataforma se vea genial en cualquier dispositivo. Disfrute del valor de un tema que combina funcionalidad, estilo y facilidad de uso para mejorar su presencia en l\u00ednea.<\/p>\n","protected":false},"featured_media":165568,"comment_status":"open","ping_status":"open","template":"","meta":[],"product_brand":[2388],"product_cat":[1267,1237,1238],"product_tag":[1505],"class_list":{"0":"post-110584","1":"product","2":"type-product","3":"status-publish","4":"has-post-thumbnail","6":"product_brand-buddyboss","7":"product_cat-creativo","8":"product_cat-temas","9":"product_cat-wordpress-temas","10":"product_tag-buddyboss","11":"member-discount","12":"discount-restricted","14":"first","15":"instock","16":"sale","17":"downloadable","18":"virtual","19":"sold-individually","20":"purchasable","21":"product-type-simple"},"_links":{"self":[{"href":"https:\/\/gpl-love.com\/es\/wp-json\/wp\/v2\/product\/110584","targetHints":{"allow":["GET"]}}],"collection":[{"href":"https:\/\/gpl-love.com\/es\/wp-json\/wp\/v2\/product"}],"about":[{"href":"https:\/\/gpl-love.com\/es\/wp-json\/wp\/v2\/types\/product"}],"replies":[{"embeddable":true,"href":"https:\/\/gpl-love.com\/es\/wp-json\/wp\/v2\/comments?post=110584"}],"wp:featuredmedia":[{"embeddable":true,"href":"https:\/\/gpl-love.com\/es\/wp-json\/wp\/v2\/media\/165568"}],"wp:attachment":[{"href":"https:\/\/gpl-love.com\/es\/wp-json\/wp\/v2\/media?parent=110584"}],"wp:term":[{"taxonomy":"product_brand","embeddable":true,"href":"https:\/\/gpl-love.com\/es\/wp-json\/wp\/v2\/product_brand?post=110584"},{"taxonomy":"product_cat","embeddable":true,"href":"https:\/\/gpl-love.com\/es\/wp-json\/wp\/v2\/product_cat?post=110584"},{"taxonomy":"product_tag","embeddable":true,"href":"https:\/\/gpl-love.com\/es\/wp-json\/wp\/v2\/product_tag?post=110584"}],"curies":[{"name":"wp","href":"https:\/\/api.w.org\/{rel}","templated":true}]}}