{"id":110576,"date":"2021-02-11T00:00:00","date_gmt":"2021-02-11T05:00:00","guid":{"rendered":"http:\/\/gpl-love.com\/es\/producto\/interico-interior-design-architecture-wordpress-theme\/"},"modified":"2026-03-13T17:22:42","modified_gmt":"2026-03-13T22:22:42","slug":"interico-interior-design-architecture-wordpress-theme","status":"publish","type":"product","link":"https:\/\/gpl-love.com\/es\/producto\/interico-interior-design-architecture-wordpress-theme\/","title":{"rendered":"Interico Interior Design y Architecture WordPress Theme 1.1.3"},"content":{"rendered":"<h3>Interico Interior Design y Architecture WordPress Theme Caracteristicas<\/h3>\n<p>El tema Interico Interior Design and Architecture WordPress es una soluci\u00f3n de dise\u00f1o que lo abarca todo espec\u00edficamente para cumplir con los requisitos \u00fanicos de dise\u00f1o de interiores y negocios de arquitectura. Equipado con una interfaz f\u00e1cil de usar y una gran cantidad de opciones de dise\u00f1o personalizables, este tema permite a los usuarios construir sitios web visualmente sorprendentes sin esfuerzo. En virtud de su vasto repertorio de plantillas de dise\u00f1o preconstruidas, los usuarios pueden comenzar r\u00e1pidamente su viaje de construcci\u00f3n de sitios web. Adem\u00e1s, este tema es totalmente receptivo, lo que garantiza una visualizaci\u00f3n \u00f3ptima del sitio web en todos los dispositivos. En particular, abarca una gran cantidad de caracter\u00edsticas avanzadas, como la tipograf\u00eda de vanguardia, un constructor de p\u00e1ginas f\u00e1cil de usar, widgets personalizables e integraci\u00f3n perfecta con varias plataformas de redes sociales, elevando as\u00ed su estado como una herramienta de dise\u00f1o vers\u00e1til y potente. Independientemente de si tiene como objetivo crear una cartera en l\u00ednea, exhibir sus servicios o proporcionar a los visitantes informaci\u00f3n pertinente sobre su negocio, el tema Interico Interior Design y la arquitectura de WordPress est\u00e1 competente para abordar estas necesidades.<\/p>\n<ul>\n<li>Dise\u00f1o hermoso y moderno<\/li>\n<li>Dise\u00f1o de la p\u00e1gina de inicio personalizable<\/li>\n<li>Estilos de cartera m\u00faltiples<\/li>\n<li>Responsivo en todos los dispositivos<\/li>\n<li>Opciones de tipograf\u00eda personalizables<\/li>\n<li>Esquema de color ilimitado<\/li>\n<li>Constructor de p\u00e1gina de arrastrar y soltar f\u00e1ciles de usar<\/li>\n<li>Instalar de demostraci\u00f3n de un solo clic<\/li>\n<li>Panel de opciones de tema potentes para personalizar su sitio<\/li>\n<li>SEO optimizado para la clasificaci\u00f3n del motor de b\u00fasqueda superior<\/li>\n<li>Integraciones con complementos populares como WooCommerce y WPML<\/li>\n<li>Equipo de atenci\u00f3n al cliente dedicado<\/li>\n<\/ul>\n","protected":false},"excerpt":{"rendered":"<p>El tema Interico Interior Dise\u00f1o y la arquitectura de WordPress es una elecci\u00f3n sofisticada y contempor\u00e1nea que se ha creado meticulosamente para resaltar y presentar sus esfuerzos de dise\u00f1o de interiores y arquitectura. Con un dise\u00f1o receptivo, una abundancia de opciones de personalizaci\u00f3n y una interfaz intuitivamente f\u00e1cil de usar, este tema sirve como la plataforma perfecta para que las agencias de dise\u00f1o, los trabajadores independientes y los arquitectos exhiban efectivamente su trabajo de una manera que exude la profesionalidad y cautiva a los espectadores. Adem\u00e1s de sus caracter\u00edsticas notables, como la variedad de p\u00e1ginas predise\u00f1adas que abarcan a casa, sobre, servicios, proyectos, blog y contacto, este tema tambi\u00e9n integra la optimizaci\u00f3n de SEO incorporada y la velocidad de carga acelerada, asegurando que su sitio web asegure un Clasificaci\u00f3n encomiable en los motores de b\u00fasqueda al tiempo que proporciona una experiencia de usuario perfecta y agradable para sus estimados visitantes. Ya sea que su objetivo principal es mostrar su impresionante cartera o magnetizar a los posibles clientes, tenga la seguridad de que el tema Interico es inequ\u00edvocamente la opci\u00f3n primordial para un tema de dise\u00f1o y arquitectura de WordPress.<\/p>\n","protected":false},"featured_media":166477,"comment_status":"open","ping_status":"closed","template":"","meta":[],"product_brand":[2337],"product_cat":[1267,1237,1238],"product_tag":[1391],"class_list":{"0":"post-110576","1":"product","2":"type-product","3":"status-publish","4":"has-post-thumbnail","6":"product_brand-themeforest","7":"product_cat-creativo","8":"product_cat-temas","9":"product_cat-wordpress-temas","10":"product_tag-themeforest","11":"member-discount","12":"discount-restricted","14":"first","15":"instock","16":"sale","17":"downloadable","18":"virtual","19":"sold-individually","20":"purchasable","21":"product-type-simple"},"_links":{"self":[{"href":"https:\/\/gpl-love.com\/es\/wp-json\/wp\/v2\/product\/110576","targetHints":{"allow":["GET"]}}],"collection":[{"href":"https:\/\/gpl-love.com\/es\/wp-json\/wp\/v2\/product"}],"about":[{"href":"https:\/\/gpl-love.com\/es\/wp-json\/wp\/v2\/types\/product"}],"replies":[{"embeddable":true,"href":"https:\/\/gpl-love.com\/es\/wp-json\/wp\/v2\/comments?post=110576"}],"wp:featuredmedia":[{"embeddable":true,"href":"https:\/\/gpl-love.com\/es\/wp-json\/wp\/v2\/media\/166477"}],"wp:attachment":[{"href":"https:\/\/gpl-love.com\/es\/wp-json\/wp\/v2\/media?parent=110576"}],"wp:term":[{"taxonomy":"product_brand","embeddable":true,"href":"https:\/\/gpl-love.com\/es\/wp-json\/wp\/v2\/product_brand?post=110576"},{"taxonomy":"product_cat","embeddable":true,"href":"https:\/\/gpl-love.com\/es\/wp-json\/wp\/v2\/product_cat?post=110576"},{"taxonomy":"product_tag","embeddable":true,"href":"https:\/\/gpl-love.com\/es\/wp-json\/wp\/v2\/product_tag?post=110576"}],"curies":[{"name":"wp","href":"https:\/\/api.w.org\/{rel}","templated":true}]}}