{"id":110574,"date":"2025-09-01T00:00:00","date_gmt":"2025-09-01T05:00:00","guid":{"rendered":"http:\/\/gpl-love.com\/es\/producto\/wp-plugin-manager-pro-deactivate-plugins-per-page\/"},"modified":"2026-03-09T08:29:11","modified_gmt":"2026-03-09T13:29:11","slug":"wp-plugin-manager-pro-deactivate-plugins-per-page","status":"publish","type":"product","link":"https:\/\/gpl-love.com\/es\/producto\/wp-plugin-manager-pro-deactivate-plugins-per-page\/","title":{"rendered":"WP Plugin Manager Pro Deactivate Plugins Per Page 1.4.4"},"content":{"rendered":"<h3>WP Plugin Manager Pro Deactivate Plugins Per Page Caracteristicas<\/h3>\n<p>WP Plugin Manager Pro Deactivate Plugins por p\u00e1gina es un complemento de WordPress incre\u00edblemente robusto y din\u00e1mico que ofrece a los propietarios de sitios web una conveniencia y control incomparables sobre la administraci\u00f3n de su complemento. Al proporcionar a los usuarios la capacidad de desactivar complementos en p\u00e1ginas espec\u00edficas, este complemento es particularmente ventajoso para sitios web con dise\u00f1os intrincados o requisitos previos funcionales espec\u00edficos. La integraci\u00f3n perfecta de esta caracter\u00edstica no solo ayuda a la desorden de sitios web, sino que tambi\u00e9n mejora el rendimiento general del sitio. Adem\u00e1s, la naturaleza f\u00e1cil de usar de WP Plugin Manager Pro, combinada con su extensa gama de opciones de personalizaci\u00f3n, lo convierte en una herramienta indispensable para los usuarios de WordPress que buscan optimizar sus estrategias de gesti\u00f3n de complementos.<\/p>\n<ul>\n<li>WP Plugin Manager Pro es una herramienta poderosa que le permite administrar sus complementos de WordPress con facilidad.<\/li>\n<li>Con la funci\u00f3n Desactivar complementos por p\u00e1gina, puede desactivar complementos individuales en p\u00e1ginas o publicaciones espec\u00edficas.<\/li>\n<li>Esta caracter\u00edstica es incre\u00edblemente \u00fatil para optimizar la velocidad y el rendimiento de su sitio web al deshabilitar los complementos no esenciales en ciertas p\u00e1ginas.<\/li>\n<li>Puede activar o desactivar de manera r\u00e1pida y f\u00e1cil los complementos por p\u00e1gina sin tener que navegar a la configuraci\u00f3n de cada complemento individual.<\/li>\n<li>Este complemento tambi\u00e9n ofrece otras caracter\u00edsticas potentes, como acciones de complementos a granel, actualizaciones autom\u00e1ticas e informaci\u00f3n detallada del complemento.<\/li>\n<\/ul>\n","protected":false},"excerpt":{"rendered":"<p>WP Plugin Manager Pro Deactivate Plugins por p\u00e1gina es un complemento incre\u00edblemente robusto y altamente efectivo, dotado de la notable capacidad de deshabilitar sin esfuerzo varios complementos en p\u00e1ginas espec\u00edficas de su sitio web de WordPress. Este notable complemento le permite mejorar sustancialmente el rendimiento general de su sitio web, minimizar los tiempos de carga y, en \u00faltima instancia, garantizar una experiencia de usuario impecablemente perfecta y gratificante para todos sus estimados visitantes. Ya sea que su intenci\u00f3n sea desactivar h\u00e1bilmente complementos en su p\u00e1gina de inicio ampliamente frecuentada o en p\u00e1ginas de destino seleccionadas dedicadas a campa\u00f1as o promociones espec\u00edficas, la WP complementaria WP Manager profactiva los complementos por p\u00e1gina simplifica y simplifica esta tarea desalentadora, esta tarea desalentadora, eliminando todas las complejidades innecesarias y las complejidades innecesarias y las complejidades innecesarias y complicaciones. Por lo tanto, se convierte innegablemente en una herramienta indispensable e invaluable, indudablemente indispensable para cualquier propietario de un sitio web exigente y astuto interesado en optimizar su estimado sitio web y garantizar asiduamente una experiencia de usuario superlativa para sus visitantes altamente estimados.<\/p>\n","protected":false},"featured_media":168425,"comment_status":"open","ping_status":"open","template":"","meta":[],"product_brand":[2339],"product_cat":[1206,1579,1211],"product_tag":[1256],"class_list":{"0":"post-110574","1":"product","2":"type-product","3":"status-publish","4":"has-post-thumbnail","6":"product_brand-codecanyon","7":"product_cat-plugins","8":"product_cat-rendimiento","9":"product_cat-wordpress-plugins","10":"product_tag-codecanyon","11":"member-discount","12":"discount-restricted","14":"first","15":"instock","16":"sale","17":"downloadable","18":"virtual","19":"sold-individually","20":"purchasable","21":"product-type-simple"},"_links":{"self":[{"href":"https:\/\/gpl-love.com\/es\/wp-json\/wp\/v2\/product\/110574","targetHints":{"allow":["GET"]}}],"collection":[{"href":"https:\/\/gpl-love.com\/es\/wp-json\/wp\/v2\/product"}],"about":[{"href":"https:\/\/gpl-love.com\/es\/wp-json\/wp\/v2\/types\/product"}],"replies":[{"embeddable":true,"href":"https:\/\/gpl-love.com\/es\/wp-json\/wp\/v2\/comments?post=110574"}],"wp:featuredmedia":[{"embeddable":true,"href":"https:\/\/gpl-love.com\/es\/wp-json\/wp\/v2\/media\/168425"}],"wp:attachment":[{"href":"https:\/\/gpl-love.com\/es\/wp-json\/wp\/v2\/media?parent=110574"}],"wp:term":[{"taxonomy":"product_brand","embeddable":true,"href":"https:\/\/gpl-love.com\/es\/wp-json\/wp\/v2\/product_brand?post=110574"},{"taxonomy":"product_cat","embeddable":true,"href":"https:\/\/gpl-love.com\/es\/wp-json\/wp\/v2\/product_cat?post=110574"},{"taxonomy":"product_tag","embeddable":true,"href":"https:\/\/gpl-love.com\/es\/wp-json\/wp\/v2\/product_tag?post=110574"}],"curies":[{"name":"wp","href":"https:\/\/api.w.org\/{rel}","templated":true}]}}