{"id":110568,"date":"2026-03-26T00:00:00","date_gmt":"2026-03-26T05:00:00","guid":{"rendered":"http:\/\/gpl-love.com\/es\/producto\/woocommerce-redsys-gateway\/"},"modified":"2026-03-26T17:16:27","modified_gmt":"2026-03-26T22:16:27","slug":"woocommerce-redsys-gateway","status":"publish","type":"product","link":"https:\/\/gpl-love.com\/es\/producto\/woocommerce-redsys-gateway\/","title":{"rendered":"WooCommerce RedSys Gateway 30.3.1"},"content":{"rendered":"<h3>WooCommerce RedSys Gateway Caracteristicas<\/h3>\n<p>WooCommerce Redsys Gateway, un complemento indispensable para empresas que utilizan WooCommerce como su plataforma de comercio electr\u00f3nico, ofrece un sistema de procesamiento de pagos seguro y confiable, garantizando as\u00ed transacciones sin problemas y satisfacci\u00f3n del cliente. Con un repertorio de caracter\u00edsticas, incluidos los pagos recurrentes y la capacidad de acomodar m\u00faltiples monedas, la puerta de enlace de WooCommerce Redsys atiende a las necesidades de empresas de todos los tama\u00f1os, lo que es una soluci\u00f3n adaptable y eficaz. Adem\u00e1s, su interfaz f\u00e1cil de usar facilita la configuraci\u00f3n y la gesti\u00f3n sin esfuerzo, lo que permite a las empresas dedicar su atenci\u00f3n a sus operaciones centrales. Siendo confiable y confiable, la puerta de enlace de WooCommerce Redsys demuestra que es una opci\u00f3n excepcional para las empresas que buscan optimizar sus procedimientos de pago en l\u00ednea.<\/p>\n<ul>\n<li>Integre sin esfuerzo el WooCommerce Redsys Gateway con su tienda en l\u00ednea<\/li>\n<li>Aceptar pagos en diferentes monedas<\/li>\n<li>Soporte de idiomas m\u00faltiples para una experiencia de pago m\u00e1s suave<\/li>\n<li>Transacciones seguras y cifradas para la m\u00e1xima seguridad<\/li>\n<li>Compatibilidad con varios bancos espa\u00f1oles<\/li>\n<li>Proceso de configuraci\u00f3n y configuraci\u00f3n simple<\/li>\n<li>Reembolsos autom\u00e1ticos y cancelaciones para mayor comodidad<\/li>\n<li>Seguimiento en tiempo real del estado de la transacci\u00f3n para un f\u00e1cil monitoreo<\/li>\n<li>Compatibilidad completa con las \u00faltimas versiones de WooCommerce y WordPress.<\/li>\n<\/ul>\n","protected":false},"excerpt":{"rendered":"<p>WooCommerce Redsys Gateway es un complemento de pasarela de pago excepcional que ha sido dise\u00f1ado exclusivamente para tiendas en l\u00ednea que utilizan la plataforma WooCommerce. Este notable complemento facilita las transacciones seguras al permitir que los clientes realicen pagos a trav\u00e9s del sistema de pago Redsys altamente de buena reputaci\u00f3n, que resulta ser uno de los procesadores de pago m\u00e1s estimados en la totalidad de Espa\u00f1a. Al integrarse sin problemas con su tienda en l\u00ednea y proporcionar un proceso de pago notablemente eficiente, la puerta de enlace de WooCommerce Redsys garantiza una soluci\u00f3n de pago confiable y confiable que satisface las necesidades de los clientes valiosos y los propietarios de tiendas diligentes.<\/p>\n","protected":false},"featured_media":168243,"comment_status":"open","ping_status":"open","template":"","meta":[],"product_brand":[2344],"product_cat":[1207,1426,1206],"product_tag":[1423],"class_list":{"0":"post-110568","1":"product","2":"type-product","3":"status-publish","4":"has-post-thumbnail","6":"product_brand-woocommerce","7":"product_cat-comercio-electronico-plugins","8":"product_cat-pago-comercio-electronico-plugins","9":"product_cat-plugins","10":"product_tag-woocommerce","11":"member-discount","12":"discount-restricted","14":"first","15":"instock","16":"sale","17":"downloadable","18":"virtual","19":"sold-individually","20":"purchasable","21":"product-type-simple"},"_links":{"self":[{"href":"https:\/\/gpl-love.com\/es\/wp-json\/wp\/v2\/product\/110568","targetHints":{"allow":["GET"]}}],"collection":[{"href":"https:\/\/gpl-love.com\/es\/wp-json\/wp\/v2\/product"}],"about":[{"href":"https:\/\/gpl-love.com\/es\/wp-json\/wp\/v2\/types\/product"}],"replies":[{"embeddable":true,"href":"https:\/\/gpl-love.com\/es\/wp-json\/wp\/v2\/comments?post=110568"}],"wp:featuredmedia":[{"embeddable":true,"href":"https:\/\/gpl-love.com\/es\/wp-json\/wp\/v2\/media\/168243"}],"wp:attachment":[{"href":"https:\/\/gpl-love.com\/es\/wp-json\/wp\/v2\/media?parent=110568"}],"wp:term":[{"taxonomy":"product_brand","embeddable":true,"href":"https:\/\/gpl-love.com\/es\/wp-json\/wp\/v2\/product_brand?post=110568"},{"taxonomy":"product_cat","embeddable":true,"href":"https:\/\/gpl-love.com\/es\/wp-json\/wp\/v2\/product_cat?post=110568"},{"taxonomy":"product_tag","embeddable":true,"href":"https:\/\/gpl-love.com\/es\/wp-json\/wp\/v2\/product_tag?post=110568"}],"curies":[{"name":"wp","href":"https:\/\/api.w.org\/{rel}","templated":true}]}}