{"id":110564,"date":"2022-02-28T00:00:00","date_gmt":"2022-02-28T05:00:00","guid":{"rendered":"http:\/\/gpl-love.com\/es\/producto\/structure-construction-wordpress-theme\/"},"modified":"2026-04-10T11:25:53","modified_gmt":"2026-04-10T16:25:53","slug":"structure-construction-wordpress-theme","status":"publish","type":"product","link":"https:\/\/gpl-love.com\/es\/producto\/structure-construction-wordpress-theme\/","title":{"rendered":"Structure Construction WordPress Theme 7.1.1"},"content":{"rendered":"<h3>Structure Construction WordPress Theme Caracteristicas<\/h3>\n<p>Con su dise\u00f1o elegante y moderno, el tema de WordPress de estructura de construcci\u00f3n ofrece una soluci\u00f3n ideal para cualquier empresa de construcci\u00f3n o contratista que busque establecer una fuerte presencia en l\u00ednea. Con una capacidad de respuesta total, este tema garantiza que su sitio web parezca impecable en todos los dispositivos. Adem\u00e1s, abarca una variedad de caracter\u00edsticas cuidadosamente elaboradas espec\u00edficamente adaptadas a la industria de la construcci\u00f3n. En particular, este tema proporciona una variedad de plantillas y dise\u00f1os prefabricados que se pueden personalizar para satisfacer sus requisitos \u00fanicos. Adem\u00e1s, una extensa selecci\u00f3n de widgets, complementos y otras herramientas est\u00e1n a su disposici\u00f3n, lo que permite la incorporaci\u00f3n sin esfuerzo de varias funcionalidades en su sitio. Ya sea que aspira a mostrar su cartera, enfatice sus servicios o simplemente difunda informaci\u00f3n sobre su empresa, tenga la seguridad de que el tema de WordPress de construcci\u00f3n de estructura abarca todos los elementos necesarios para la creaci\u00f3n de un sitio web altamente profesional y efectivo.<\/p>\n<ul>\n<li>Dise\u00f1o profesional y moderno con tipograf\u00eda y gr\u00e1ficos elegantes<\/li>\n<li>P\u00e1gina de inicio personalizable con opciones para diferentes secciones y widgets<\/li>\n<li>Soporte incorporado para complementos populares como Elementor y WooCommerce<\/li>\n<li>M\u00faltiples plantillas de p\u00e1gina preconstruidas para exhibir proyectos, miembros del equipo y m\u00e1s<\/li>\n<li>Panel de opciones de temas avanzados para una f\u00e1cil personalizaci\u00f3n sin codificar<\/li>\n<li>Optimizado para la carga r\u00e1pida de la p\u00e1gina y el rendimiento de SEO<\/li>\n<li>Dise\u00f1o receptivo que se ve muy bien en cualquier dispositivo o tama\u00f1o de pantalla<\/li>\n<li>Construido con c\u00f3digo limpio y v\u00e1lido para un f\u00e1cil mantenimiento y actualizaciones<\/li>\n<li>Actualizaciones regulares y soporte dedicado de los desarrolladores<\/li>\n<li>Perfecto para la construcci\u00f3n, arquitectura, ingenier\u00eda y otras empresas o industrias relacionadas.<\/li>\n<\/ul>\n","protected":false},"excerpt":{"rendered":"<p>El tema de WordPress de construcci\u00f3n de estructura, conocido como entrada, ha sido meticulosamente elaborado para satisfacer las necesidades de las empresas de construcci\u00f3n, constructores y firmas de arquitectura. Al abarcar una variedad de caracter\u00edsticas esenciales, este tema permite la creaci\u00f3n de un sitio web cautivador e informativo que exhibe efectivamente los servicios de construcci\u00f3n, proyectos y trabajos de uno. Adem\u00e1s, la entrada cuenta con plena capacidad de respuesta y optimizaci\u00f3n en todos los dispositivos, que abarca escritorios, computadoras port\u00e1tiles, tabletas y m\u00f3viles. Con sus s\u00f3lidas opciones de personalizaci\u00f3n, la integraci\u00f3n de las redes sociales perfectas y una amplia selecci\u00f3n de complementos y m\u00f3dulos preconstruidos, el proceso de dise\u00f1o de un sitio web visualmente llamativo se vuelve sin esfuerzo. Si el objetivo es acentuar una cartera, mostrar un equipo dedicado o proporcionar informaci\u00f3n integral sobre proyectos y servicios, los aportes emergen como la opci\u00f3n incomparable para un sitio web de construcci\u00f3n.<\/p>\n","protected":false},"featured_media":167583,"comment_status":"open","ping_status":"open","template":"","meta":[],"product_brand":[2337],"product_cat":[1307,1237,1238],"product_tag":[1391],"class_list":{"0":"post-110564","1":"product","2":"type-product","3":"status-publish","4":"has-post-thumbnail","6":"product_brand-themeforest","7":"product_cat-negocio-wordpress-temas","8":"product_cat-temas","9":"product_cat-wordpress-temas","10":"product_tag-themeforest","11":"member-discount","12":"discount-restricted","14":"first","15":"instock","16":"sale","17":"downloadable","18":"virtual","19":"sold-individually","20":"purchasable","21":"product-type-simple"},"_links":{"self":[{"href":"https:\/\/gpl-love.com\/es\/wp-json\/wp\/v2\/product\/110564","targetHints":{"allow":["GET"]}}],"collection":[{"href":"https:\/\/gpl-love.com\/es\/wp-json\/wp\/v2\/product"}],"about":[{"href":"https:\/\/gpl-love.com\/es\/wp-json\/wp\/v2\/types\/product"}],"replies":[{"embeddable":true,"href":"https:\/\/gpl-love.com\/es\/wp-json\/wp\/v2\/comments?post=110564"}],"wp:featuredmedia":[{"embeddable":true,"href":"https:\/\/gpl-love.com\/es\/wp-json\/wp\/v2\/media\/167583"}],"wp:attachment":[{"href":"https:\/\/gpl-love.com\/es\/wp-json\/wp\/v2\/media?parent=110564"}],"wp:term":[{"taxonomy":"product_brand","embeddable":true,"href":"https:\/\/gpl-love.com\/es\/wp-json\/wp\/v2\/product_brand?post=110564"},{"taxonomy":"product_cat","embeddable":true,"href":"https:\/\/gpl-love.com\/es\/wp-json\/wp\/v2\/product_cat?post=110564"},{"taxonomy":"product_tag","embeddable":true,"href":"https:\/\/gpl-love.com\/es\/wp-json\/wp\/v2\/product_tag?post=110564"}],"curies":[{"name":"wp","href":"https:\/\/api.w.org\/{rel}","templated":true}]}}