{"id":110562,"date":"2021-10-13T00:00:00","date_gmt":"2021-10-13T05:00:00","guid":{"rendered":"http:\/\/gpl-love.com\/es\/producto\/hostiko-wordpress-whmcs-hosting-theme\/"},"modified":"2026-03-13T17:22:12","modified_gmt":"2026-03-13T22:22:12","slug":"hostiko-wordpress-whmcs-hosting-theme","status":"publish","type":"product","link":"https:\/\/gpl-love.com\/es\/producto\/hostiko-wordpress-whmcs-hosting-theme\/","title":{"rendered":"Hostiko WordPress WHMCS Hosting Theme 60.0.0"},"content":{"rendered":"<h3>Hostiko WordPress WHMCS Hosting Theme Caracteristicas<\/h3>\n<p>HOSTIKO, un tema de alojamiento de WordPress de WordPress Premier, ha sido meticulosamente elaborado para satisfacer los requisitos espec\u00edficos de los proveedores de alojamiento web. Su dise\u00f1o de vanguardia y altamente adaptativo garantiza la compatibilidad en todos los dispositivos, garantizando una experiencia de usuario perfecta e incomparable. A trav\u00e9s de su integraci\u00f3n perfecta con WHMCS, Hostiko le permite administrar sin esfuerzo sus servicios de alojamiento, facturaci\u00f3n y boletos de soporte. Adem\u00e1s, este tema excepcional est\u00e1 equipado con un s\u00f3lido constructor de p\u00e1ginas, lo que le permite personalizar sin esfuerzo sus p\u00e1ginas de acuerdo con su marca y estilo \u00fanicos. Adem\u00e1s, Hostiko cuenta con un tablero notablemente rico en funciones que le otorga un control absoluto sobre su negocio de alojamiento. Independientemente de si usted es un novato en el \u00e1mbito del alojamiento web o un proveedor estimado, Hostiko es el compa\u00f1ero perfecto para impulsar su negocio a alturas sin precedentes.<\/p>\n<ul>\n<li>Hostiko es un tema de WordPress de alta calidad dise\u00f1ado espec\u00edficamente para proveedores de alojamiento web<\/li>\n<li>Cuenta con una integraci\u00f3n WHMCS totalmente personalizable para la gesti\u00f3n de clientes sin interrupciones<\/li>\n<li>Incluye numerosas opciones de dise\u00f1o, con m\u00e1s de 30 dise\u00f1os de p\u00e1gina de inicio y m\u00faltiples plantillas de p\u00e1gina.<\/li>\n<li>El dise\u00f1o receptivo garantiza que su sitio web se vea muy bien en cualquier dispositivo<\/li>\n<li>Construido con SEO en mente para mejorar la visibilidad de su sitio web en los resultados de los motores de b\u00fasqueda<\/li>\n<li>Compatible con una variedad de complementos populares de WordPress para una funcionalidad adicional<\/li>\n<li>Viene con actualizaciones gratuitas de por vida y atenci\u00f3n al cliente de primer nivel de los desarrolladores de temas<\/li>\n<li>Builder de p\u00e1gina f\u00e1cil de usar le permite crear r\u00e1pidamente p\u00e1ginas personalizadas sin ninguna experiencia de codificaci\u00f3n<\/li>\n<li>Utiliza el complemento Elementor para obtener a\u00fan m\u00e1s flexibilidad de dise\u00f1o y posibilidades de personalizaci\u00f3n<\/li>\n<li>Proporciona una amplia documentaci\u00f3n para ayudarlo a comenzar y aprovechar al m\u00e1ximo las caracter\u00edsticas del tema<\/li>\n<\/ul>\n","protected":false},"excerpt":{"rendered":"<p>El tema Hostiko WordPress WHMCS Hosting es un tema extremadamente potente y eficaz espec\u00edficamente elaborado para los proveedores de alojamiento, lo que les permite fabricar un sitio web profesional y contempor\u00e1neo que muestra ingeniosamente sus servicios y alivia a los posibles clientes. Este tema cuenta con una capacidad de respuesta completa, una optimizaci\u00f3n de motores de b\u00fasqueda incomparables y una personalizaci\u00f3n sin esfuerzo, lo que le da una opci\u00f3n incomparable para cualquier empresa de alojamiento. Adem\u00e1s, se integra perfectamente con la estimada plataforma de facturaci\u00f3n y automatizaci\u00f3n de WHMCS, agilizando as\u00ed la gesti\u00f3n de su negocio de alojamiento en un grado sin precedentes. Con una gran variedad de caracter\u00edsticas y una gran cantidad de opciones personalizables a su disposici\u00f3n, el tema de alojamiento de WordPress WordPress de Hostiko surge como la soluci\u00f3n por excelencia para alojar a los proveedores que se esfuerzan por erigir una presencia en l\u00ednea formidable.<\/p>\n","protected":false},"featured_media":166425,"comment_status":"open","ping_status":"open","template":"","meta":[],"product_brand":[2337],"product_cat":[1307,1237,1238],"product_tag":[1391],"class_list":{"0":"post-110562","1":"product","2":"type-product","3":"status-publish","4":"has-post-thumbnail","6":"product_brand-themeforest","7":"product_cat-negocio-wordpress-temas","8":"product_cat-temas","9":"product_cat-wordpress-temas","10":"product_tag-themeforest","11":"member-discount","12":"discount-restricted","14":"first","15":"instock","16":"sale","17":"downloadable","18":"virtual","19":"sold-individually","20":"purchasable","21":"product-type-simple"},"_links":{"self":[{"href":"https:\/\/gpl-love.com\/es\/wp-json\/wp\/v2\/product\/110562","targetHints":{"allow":["GET"]}}],"collection":[{"href":"https:\/\/gpl-love.com\/es\/wp-json\/wp\/v2\/product"}],"about":[{"href":"https:\/\/gpl-love.com\/es\/wp-json\/wp\/v2\/types\/product"}],"replies":[{"embeddable":true,"href":"https:\/\/gpl-love.com\/es\/wp-json\/wp\/v2\/comments?post=110562"}],"wp:featuredmedia":[{"embeddable":true,"href":"https:\/\/gpl-love.com\/es\/wp-json\/wp\/v2\/media\/166425"}],"wp:attachment":[{"href":"https:\/\/gpl-love.com\/es\/wp-json\/wp\/v2\/media?parent=110562"}],"wp:term":[{"taxonomy":"product_brand","embeddable":true,"href":"https:\/\/gpl-love.com\/es\/wp-json\/wp\/v2\/product_brand?post=110562"},{"taxonomy":"product_cat","embeddable":true,"href":"https:\/\/gpl-love.com\/es\/wp-json\/wp\/v2\/product_cat?post=110562"},{"taxonomy":"product_tag","embeddable":true,"href":"https:\/\/gpl-love.com\/es\/wp-json\/wp\/v2\/product_tag?post=110562"}],"curies":[{"name":"wp","href":"https:\/\/api.w.org\/{rel}","templated":true}]}}