{"id":110558,"date":"2025-12-29T00:00:00","date_gmt":"2025-12-29T05:00:00","guid":{"rendered":"http:\/\/gpl-love.com\/es\/producto\/real-estate-pro-wordpress-plugin\/"},"modified":"2026-03-09T08:03:24","modified_gmt":"2026-03-09T13:03:24","slug":"real-estate-pro-wordpress-plugin","status":"publish","type":"product","link":"https:\/\/gpl-love.com\/es\/producto\/real-estate-pro-wordpress-plugin\/","title":{"rendered":"Real Estate Pro WordPress Plugin 2.1.6"},"content":{"rendered":"<h3>Real Estate Pro WordPress Plugin Caracteristicas<\/h3>\n<p>Real Estate Pro WordPress Plugin se presenta como una soluci\u00f3n de vanguardia y sofisticada formulada espec\u00edficamente para satisfacer las necesidades de los agentes y corredores inmobiliarios, lo que les permite administrar efectivamente su vasta cartera de listados en su propio sitio web de WordPress. Esta herramienta revolucionaria, que cuenta con una variedad de caracter\u00edsticas potentes, como filtros de b\u00fasqueda altamente avanzados, mapas de propiedades meticulosamente elaborados y una variedad de plantillas personalizables, permite a los usuarios dise\u00f1ar un sitio web visualmente impresionante y profesional que garantice dejar una impresi\u00f3n duradera. El complemento extiende a\u00fan m\u00e1s su funcionalidad facilitando a los agentes para cargar un n\u00famero ilimitado de listados y agregar r\u00e1pidamente detalles de propiedad vital, cautivadoras y videos atractivos. Adem\u00e1s, incluso hace un esfuerzo adicional al incorporar a la perfecci\u00f3n la integraci\u00f3n de las redes sociales y un conjunto invaluable de herramientas de generaci\u00f3n de leads, todo dise\u00f1ado para reforzar el tr\u00e1fico del sitio web y allanar el camino para la generaci\u00f3n de clientes potenciales lucrativos. Y si eso no fuera suficiente, el complemento Real Estate Pro WordPress tambi\u00e9n se integra perfectamente con los populares servicios de listado m\u00faltiple (MLS), lo que simplifica el proceso de gesti\u00f3n de un repertorio extenso de listados de propiedades. A fin de cuentas, esta herramienta indispensable sirve como una necesidad absoluta para los profesionales de la industria que buscan establecer una presencia en l\u00ednea autorizada y optimizar sus operaciones comerciales para mantenerse un paso por delante de la competencia.<\/p>\n<ul>\n<li>Pantalla de listados de bienes ra\u00edces personalizables para mostrar propiedades en su sitio web<\/li>\n<li>Formularios de generaci\u00f3n de leads incorporados para capturar la informaci\u00f3n de contacto de los clientes potenciales<\/li>\n<li>Notificaciones automatizadas por correo electr\u00f3nico para alertarlo sobre nuevos clientes potenciales y consultas<\/li>\n<li>Integraci\u00f3n con bases de datos MLS populares para una f\u00e1cil sincronizaci\u00f3n de propiedades de propiedades y gesti\u00f3n de listados<\/li>\n<li>Funcionalidades de b\u00fasqueda avanzadas para que los usuarios encuentren f\u00e1cilmente su propiedad ideal<\/li>\n<li>P\u00e1ginas de propiedad detalladas con im\u00e1genes de alta resoluci\u00f3n, descripciones de propiedad e informaci\u00f3n de ubicaci\u00f3n<\/li>\n<li>Capacidad para presentar propiedades espec\u00edficas o crear colecciones de propiedades personalizadas para campa\u00f1as de marketing<\/li>\n<li>Soporte para m\u00faltiples idiomas y conversiones de divisas para una audiencia internacional<\/li>\n<li>Dise\u00f1o receptivo para garantizar una visualizaci\u00f3n \u00f3ptima en todos los dispositivos y tama\u00f1os de pantalla<\/li>\n<li>Atenci\u00f3n al cliente premium y actualizaciones frecuentes para garantizar la compatibilidad y el rendimiento \u00f3ptimo.<\/li>\n<\/ul>\n","protected":false},"excerpt":{"rendered":"<p>El complemento Real Estate Pro WordPress sirve como una soluci\u00f3n que abarca todo para administradores de propiedades, agentes inmobiliarios y corredores que desean establecer una plataforma de bienes ra\u00edces en l\u00ednea sofisticada e impactante. Ofreciendo una mir\u00edada de caracter\u00edsticas y funcionalidades personalizables, este complemento faculta a los usuarios mostrar las propiedades sin esfuerzo, construir listados de propiedad exhaustivos y optimizar la totalidad del proceso de compra y venta en l\u00ednea. Con filtros de b\u00fasqueda avanzados, campos de propiedades adaptables e integraci\u00f3n perfecta con IDX y MLS, Real Estate Pro proporciona a las personas todas las herramientas necesarias para elaborar una identidad en l\u00ednea refinada y expandir su empresa inmobiliaria.<\/p>\n","protected":false},"featured_media":167324,"comment_status":"open","ping_status":"open","template":"","meta":[],"product_brand":[2339],"product_cat":[1214,1206,1211],"product_tag":[1256],"class_list":{"0":"post-110558","1":"product","2":"type-product","3":"status-publish","4":"has-post-thumbnail","6":"product_brand-codecanyon","7":"product_cat-personalizacion","8":"product_cat-plugins","9":"product_cat-wordpress-plugins","10":"product_tag-codecanyon","11":"member-discount","12":"discount-restricted","14":"first","15":"instock","16":"sale","17":"downloadable","18":"virtual","19":"sold-individually","20":"purchasable","21":"product-type-simple"},"_links":{"self":[{"href":"https:\/\/gpl-love.com\/es\/wp-json\/wp\/v2\/product\/110558","targetHints":{"allow":["GET"]}}],"collection":[{"href":"https:\/\/gpl-love.com\/es\/wp-json\/wp\/v2\/product"}],"about":[{"href":"https:\/\/gpl-love.com\/es\/wp-json\/wp\/v2\/types\/product"}],"replies":[{"embeddable":true,"href":"https:\/\/gpl-love.com\/es\/wp-json\/wp\/v2\/comments?post=110558"}],"wp:featuredmedia":[{"embeddable":true,"href":"https:\/\/gpl-love.com\/es\/wp-json\/wp\/v2\/media\/167324"}],"wp:attachment":[{"href":"https:\/\/gpl-love.com\/es\/wp-json\/wp\/v2\/media?parent=110558"}],"wp:term":[{"taxonomy":"product_brand","embeddable":true,"href":"https:\/\/gpl-love.com\/es\/wp-json\/wp\/v2\/product_brand?post=110558"},{"taxonomy":"product_cat","embeddable":true,"href":"https:\/\/gpl-love.com\/es\/wp-json\/wp\/v2\/product_cat?post=110558"},{"taxonomy":"product_tag","embeddable":true,"href":"https:\/\/gpl-love.com\/es\/wp-json\/wp\/v2\/product_tag?post=110558"}],"curies":[{"name":"wp","href":"https:\/\/api.w.org\/{rel}","templated":true}]}}