{"id":110556,"date":"2025-03-20T00:00:00","date_gmt":"2025-03-20T05:00:00","guid":{"rendered":"http:\/\/gpl-love.com\/es\/producto\/point-of-sale-system-for-woocommerce-plugin\/"},"modified":"2026-04-10T11:21:46","modified_gmt":"2026-04-10T16:21:46","slug":"point-of-sale-system-for-woocommerce-plugin","status":"publish","type":"product","link":"https:\/\/gpl-love.com\/es\/producto\/point-of-sale-system-for-woocommerce-plugin\/","title":{"rendered":"Point of Sale System para WooCommerce Plugin 6.2.0"},"content":{"rendered":"<h3>Point of Sale System para WooCommerce Plugin Caracteristicas<\/h3>\n<p>El sistema de punto de venta para el complemento WooCommerce es una soluci\u00f3n integral que ha sido meticulosamente dise\u00f1ada para optimizar sin esfuerzo y simplificar todo el proceso de administrar su estimada tienda en l\u00ednea. Este notable complemento le permite integrar perfectamente su tienda WooCommerce con un sistema de punto de venta de vanguardia, lo que le permite vender sin esfuerzo su amplia gama de productos excepcionales en persona en su estimada tienda f\u00edsica o incluso durante un evento notable. Con las capacidades incomparables de este complemento, puede administrar sin esfuerzo y eficientemente su amplio inventario, procesar a la perfecci\u00f3n diversas transacciones y generar sin esfuerzo informes integrales, todo dentro de los confines reconfinentes de una ubicaci\u00f3n centralizada. Adem\u00e1s, este complemento impresionante cuenta con una interfaz incre\u00edblemente f\u00e1cil de usar que garantiza una experiencia perfecta en la gesti\u00f3n de una amplia gama de elementos cruciales como ventas, reembolsos, impuestos y datos invaluables de los clientes. Por lo tanto, no importa si usted es un orgulloso propietario de un negocio a peque\u00f1a escala o incluso una empresa floreciente, ya que este complemento indispensable sirve inequ\u00edvocamente como una herramienta invaluable que est\u00e1 garantizada para optimizar significativamente sus estimadas operaciones y elevar sus ventas a alturas sin precedentes.<\/p>\n<ul>\n<li>Se integra con el complemento de WooCommerce para la funcionalidad de punto de venta sin problemas<\/li>\n<li>Admite m\u00faltiples opciones de pago que incluyen efectivo, tarjetas de cr\u00e9dito\/d\u00e9bito y pagos m\u00f3viles<\/li>\n<li>F\u00e1cil de configurar y usar con interfaz intuitiva<\/li>\n<li>Genera informes de ventas detallados y an\u00e1lisis para ideas comerciales<\/li>\n<li>Personalizable para adaptarse a necesidades comerciales espec\u00edficas con opciones de variaciones de productos y reglas de precios<\/li>\n<li>Compatible con varios hardware, como esc\u00e1neres de c\u00f3digos de barras e impresoras de recibo<\/li>\n<li>Proporciona capacidades de gesti\u00f3n de inventario para realizar un seguimiento de los niveles de stock<\/li>\n<li>Ofrece caracter\u00edsticas de gesti\u00f3n de relaciones con el cliente para crear y administrar perfiles de clientes<\/li>\n<li>Permite la gesti\u00f3n de ubicaciones m\u00faltiples para empresas con m\u00faltiples tiendas o sucursales<\/li>\n<li>Mejora la experiencia del cliente con transacciones r\u00e1pidas y eficientes.<\/li>\n<\/ul>\n","protected":false},"excerpt":{"rendered":"<p>El sistema de punto de venta para el complemento WooCommerce, que est\u00e1 espec\u00edficamente dise\u00f1ado para facilitar la gesti\u00f3n de las ventas y el inventario en una tienda en l\u00ednea impulsada por WooCommerce, ofrece una interfaz f\u00e1cil de usar que garantiza una experiencia perfecta e intuitiva. En particular, este complemento posee capacidades significativas que mejoran la eficiencia del proceso de pago al permitir el procesamiento sin esfuerzo de las ventas al tiempo que permite la gesti\u00f3n en tiempo real de los niveles de inventario. Adem\u00e1s, este complemento formidable ofrece la ventaja adicional de la configuraci\u00f3n personalizable, lo que brinda a los minoristas en l\u00ednea la oportunidad de adaptar el sistema a sus necesidades espec\u00edficas. Adem\u00e1s, su integraci\u00f3n con pasarelas de pago ampliamente reconocidas y confiables mejora a\u00fan m\u00e1s su funcionalidad, por lo que es una excelente opci\u00f3n para cualquier minorista en l\u00ednea exigente que busque optimizar su proceso de ventas y, en \u00faltima instancia, mejorar su rendimiento financiero.<\/p>\n","protected":false},"featured_media":167233,"comment_status":"open","ping_status":"open","template":"","meta":[],"product_brand":[2339],"product_cat":[1207,1248,1206],"product_tag":[1256],"class_list":{"0":"post-110556","1":"product","2":"type-product","3":"status-publish","4":"has-post-thumbnail","6":"product_brand-codecanyon","7":"product_cat-comercio-electronico-plugins","8":"product_cat-personalizacion-comercio-electronico-plugins","9":"product_cat-plugins","10":"product_tag-codecanyon","11":"member-discount","12":"discount-restricted","14":"first","15":"instock","16":"sale","17":"downloadable","18":"virtual","19":"sold-individually","20":"purchasable","21":"product-type-simple"},"_links":{"self":[{"href":"https:\/\/gpl-love.com\/es\/wp-json\/wp\/v2\/product\/110556","targetHints":{"allow":["GET"]}}],"collection":[{"href":"https:\/\/gpl-love.com\/es\/wp-json\/wp\/v2\/product"}],"about":[{"href":"https:\/\/gpl-love.com\/es\/wp-json\/wp\/v2\/types\/product"}],"replies":[{"embeddable":true,"href":"https:\/\/gpl-love.com\/es\/wp-json\/wp\/v2\/comments?post=110556"}],"wp:featuredmedia":[{"embeddable":true,"href":"https:\/\/gpl-love.com\/es\/wp-json\/wp\/v2\/media\/167233"}],"wp:attachment":[{"href":"https:\/\/gpl-love.com\/es\/wp-json\/wp\/v2\/media?parent=110556"}],"wp:term":[{"taxonomy":"product_brand","embeddable":true,"href":"https:\/\/gpl-love.com\/es\/wp-json\/wp\/v2\/product_brand?post=110556"},{"taxonomy":"product_cat","embeddable":true,"href":"https:\/\/gpl-love.com\/es\/wp-json\/wp\/v2\/product_cat?post=110556"},{"taxonomy":"product_tag","embeddable":true,"href":"https:\/\/gpl-love.com\/es\/wp-json\/wp\/v2\/product_tag?post=110556"}],"curies":[{"name":"wp","href":"https:\/\/api.w.org\/{rel}","templated":true}]}}